{"id":8205,"date":"2023-01-01T23:24:13","date_gmt":"2023-01-01T23:24:13","guid":{"rendered":"https:\/\/wocopa.com\/?page_id=8205"},"modified":"2023-03-28T18:27:49","modified_gmt":"2023-03-28T18:27:49","slug":"ueber-uns","status":"publish","type":"page","link":"https:\/\/wocopa.com\/de\/ueber-uns\/","title":{"rendered":"\u00dcber uns"},"content":{"rendered":"\t\t<div data-elementor-type=\"wp-page\" data-elementor-id=\"8205\" class=\"elementor elementor-8205 elementor-263\" data-elementor-post-type=\"page\">\n\t\t\t\t\t\t<section class=\"elementor-section elementor-top-section elementor-element elementor-element-5748777 elementor-section-boxed elementor-section-height-default elementor-section-height-default\" data-id=\"5748777\" data-element_type=\"section\" data-settings=\"{&quot;background_background&quot;:&quot;classic&quot;}\">\n\t\t\t\t\t\t<div class=\"elementor-container elementor-column-gap-default\">\n\t\t\t\t\t<div class=\"elementor-column elementor-col-100 elementor-top-column elementor-element elementor-element-3330719\" data-id=\"3330719\" data-element_type=\"column\">\n\t\t\t<div class=\"elementor-widget-wrap elementor-element-populated\">\n\t\t\t\t\t\t<div class=\"elementor-element elementor-element-87df9e6 elementor-widget elementor-widget-spacer\" data-id=\"87df9e6\" data-element_type=\"widget\" data-widget_type=\"spacer.default\">\n\t\t\t\t<div class=\"elementor-widget-container\">\n\t\t\t\t\t\t\t<div class=\"elementor-spacer\">\n\t\t\t<div class=\"elementor-spacer-inner\"><\/div>\n\t\t<\/div>\n\t\t\t\t\t\t<\/div>\n\t\t\t\t<\/div>\n\t\t\t\t<div class=\"elementor-element elementor-element-a8cce25 elementor-widget elementor-widget-heading\" data-id=\"a8cce25\" data-element_type=\"widget\" data-widget_type=\"heading.default\">\n\t\t\t\t<div class=\"elementor-widget-container\">\n\t\t\t\t\t<h3 class=\"elementor-heading-title elementor-size-default\">\u00dcBER UNS<\/h3>\t\t\t\t<\/div>\n\t\t\t\t<\/div>\n\t\t\t\t\t<\/div>\n\t\t<\/div>\n\t\t\t\t\t<\/div>\n\t\t<\/section>\n\t\t\t\t<section class=\"elementor-section elementor-top-section elementor-element elementor-element-efd528a elementor-section-boxed elementor-section-height-default elementor-section-height-default\" data-id=\"efd528a\" data-element_type=\"section\">\n\t\t\t\t\t\t<div class=\"elementor-container elementor-column-gap-default\">\n\t\t\t\t\t<div class=\"elementor-column elementor-col-50 elementor-top-column elementor-element elementor-element-499b3bc\" data-id=\"499b3bc\" data-element_type=\"column\">\n\t\t\t<div class=\"elementor-widget-wrap elementor-element-populated\">\n\t\t\t\t\t\t<div class=\"elementor-element elementor-element-1636c36 elementor-widget elementor-widget-image\" data-id=\"1636c36\" data-element_type=\"widget\" data-widget_type=\"image.default\">\n\t\t\t\t<div class=\"elementor-widget-container\">\n\t\t\t\t\t\t\t\t\t\t\t\t\t\t\t<img fetchpriority=\"high\" decoding=\"async\" width=\"2560\" height=\"1707\" src=\"https:\/\/wocopa.com\/wp-content\/uploads\/2023\/01\/double-exposure-businessman-working-digital-tablet-white-scaled-e1672602031115.jpg\" class=\"attachment-full size-full wp-image-73\" alt=\"\" srcset=\"https:\/\/wocopa.com\/wp-content\/uploads\/2023\/01\/double-exposure-businessman-working-digital-tablet-white-scaled-e1672602031115.jpg 2560w, https:\/\/wocopa.com\/wp-content\/uploads\/2023\/01\/double-exposure-businessman-working-digital-tablet-white-scaled-e1672602031115-300x200.jpg 300w, https:\/\/wocopa.com\/wp-content\/uploads\/2023\/01\/double-exposure-businessman-working-digital-tablet-white-scaled-e1672602031115-1024x683.jpg 1024w, https:\/\/wocopa.com\/wp-content\/uploads\/2023\/01\/double-exposure-businessman-working-digital-tablet-white-scaled-e1672602031115-768x512.jpg 768w, https:\/\/wocopa.com\/wp-content\/uploads\/2023\/01\/double-exposure-businessman-working-digital-tablet-white-scaled-e1672602031115-1536x1024.jpg 1536w, https:\/\/wocopa.com\/wp-content\/uploads\/2023\/01\/double-exposure-businessman-working-digital-tablet-white-scaled-e1672602031115-2048x1366.jpg 2048w, https:\/\/wocopa.com\/wp-content\/uploads\/2023\/01\/double-exposure-businessman-working-digital-tablet-white-scaled-e1672602031115-650x433.jpg 650w\" sizes=\"(max-width: 2560px) 100vw, 2560px\" \/>\t\t\t\t\t\t\t\t\t\t\t\t\t\t\t<\/div>\n\t\t\t\t<\/div>\n\t\t\t\t<div class=\"elementor-element elementor-element-dab71d4 elementor-widget elementor-widget-heading\" data-id=\"dab71d4\" data-element_type=\"widget\" data-widget_type=\"heading.default\">\n\t\t\t\t<div class=\"elementor-widget-container\">\n\t\t\t\t\t<h5 class=\"elementor-heading-title elementor-size-default\">WER WIR SIND<\/h5>\t\t\t\t<\/div>\n\t\t\t\t<\/div>\n\t\t\t\t<div class=\"elementor-element elementor-element-e99842c elementor-widget__width-initial elementor-widget-tablet__width-inherit elementor-widget-mobile__width-inherit elementor-widget elementor-widget-text-editor\" data-id=\"e99842c\" data-element_type=\"widget\" data-widget_type=\"text-editor.default\">\n\t\t\t\t<div class=\"elementor-widget-container\">\n\t\t\t\t\t\t\t\t\t<div class=\"gdlr-core-pbf-element\"><div class=\"gdlr-core-title-item gdlr-core-item-pdb clearfix gdlr-core-left-align gdlr-core-title-item-caption-top gdlr-core-item-pdlr\"><div class=\"gdlr-core-title-item-title-wrap \"><p>Wocopa erm\u00f6glicht seinen Kunden, die Vorteile der Globalisierung voll auszusch\u00f6pfen und sorgt f\u00fcr einen nahtlosen und vollst\u00e4ndigen Ablauf von Gesch\u00e4ftsprozessen auf internationaler Ebene. Von der Ansiedlung von Gesch\u00e4ftsleuten in \u00dcbersee bis hin zu Staatsb\u00fcrgerschaftsverfahren, Immobilienerwerb und Unternehmensgr\u00fcndungsprozessen steht Wocopa ihnen bei jedem Schritt zur Seite, sei es in der T\u00fcrkei oder im Ausland, und bei all ihren Gesch\u00e4ftsbeziehungen mit offiziellen Institutionen, Finanzen, Marketing, Bildung und Informationstechnologie Dienstleistungen.<\/p><p>Mit seinem kontinuierlich wachsenden Netzwerk und seinen facettenreichen Kompetenzen schafft Wocopa weiterhin personalisierte L\u00f6sungen f\u00fcr seine Kunden, indem es durch sein Expertenteam die Strategien von heute mit der Vision von morgen plant.<\/p><\/div><\/div><\/div>\t\t\t\t\t\t\t\t<\/div>\n\t\t\t\t<\/div>\n\t\t\t\t\t<\/div>\n\t\t<\/div>\n\t\t\t\t<div class=\"elementor-column elementor-col-50 elementor-top-column elementor-element elementor-element-f24b275\" data-id=\"f24b275\" data-element_type=\"column\">\n\t\t\t<div class=\"elementor-widget-wrap elementor-element-populated\">\n\t\t\t\t\t\t<div class=\"elementor-element elementor-element-283d8f9 elementor-widget elementor-widget-heading\" data-id=\"283d8f9\" data-element_type=\"widget\" data-widget_type=\"heading.default\">\n\t\t\t\t<div class=\"elementor-widget-container\">\n\t\t\t\t\t<h5 class=\"elementor-heading-title elementor-size-default\">WER WIR SIND<\/h5>\t\t\t\t<\/div>\n\t\t\t\t<\/div>\n\t\t\t\t<div class=\"elementor-element elementor-element-59a4e10 elementor-widget elementor-widget-heading\" data-id=\"59a4e10\" data-element_type=\"widget\" data-widget_type=\"heading.default\">\n\t\t\t\t<div class=\"elementor-widget-container\">\n\t\t\t\t\t<h2 class=\"elementor-heading-title elementor-size-default\">WAS WIR TUN<\/h2>\t\t\t\t<\/div>\n\t\t\t\t<\/div>\n\t\t\t\t<div class=\"elementor-element elementor-element-55eca64 elementor-widget__width-initial elementor-widget-tablet__width-inherit elementor-widget-mobile__width-inherit elementor-widget elementor-widget-text-editor\" data-id=\"55eca64\" data-element_type=\"widget\" data-widget_type=\"text-editor.default\">\n\t\t\t\t<div class=\"elementor-widget-container\">\n\t\t\t\t\t\t\t\t\t<div class=\"gdlr-core-pbf-element\"><div class=\"gdlr-core-title-item gdlr-core-item-pdb clearfix gdlr-core-left-align gdlr-core-title-item-caption-top gdlr-core-item-pdlr\"><div class=\"gdlr-core-title-item-title-wrap \"><p>Wocopa bietet mit seinem erfahrenen Team von \u00fcber 30 Jahren im internationalen Gesch\u00e4ft und seinem in London ans\u00e4ssigen Unternehmen innovative L\u00f6sungen f\u00fcr Kunden weltweit. Wocopa bietet End-to-End-Dienstleistungen f\u00fcr Investoren, Unternehmer und Gesch\u00e4ftsleute, verf\u00fcgt \u00fcber ein Netzwerk in \u00fcber 100 L\u00e4ndern und hat mehr als tausend Projekte erfolgreich abgeschlossen.<\/p><p>Wocopa hat erfolgreich Unternehmensgr\u00fcndungen, Bankkontoer\u00f6ffnungen und Kreditprozesse f\u00fcr \u00fcber 200 Gesch\u00e4ftsleute im Ausland durchgef\u00fchrt. \u00fcber 500 Aufenthaltsgenehmigungen erhalten; erleichterte die Genehmigung von mehr als 100 Projekten und die Fertigstellung von Produktkompetenzdienstleistungen und bot strategische Beratungsunterst\u00fctzung f\u00fcr \u00fcber 1000 Kunden.<\/p><p>Mit einer breiten Palette von Dienstleistungen, einschlie\u00dflich Beratung, internationalem Handel, Networking, Wocopa-M\u00f6glichkeiten und Akademie, bietet Wocopa sein Fachwissen Gesch\u00e4ftsleuten, Unternehmern und Investoren an, die ihr Unternehmen gr\u00fcnden und ausbauen m\u00f6chten. Durch sein Expertenteam und L\u00f6sungspartner unterst\u00fctzt Wocopa seine Kunden bei der Generierung effektiver L\u00f6sungen.<\/p><\/div><\/div><\/div>\t\t\t\t\t\t\t\t<\/div>\n\t\t\t\t<\/div>\n\t\t\t\t\t<\/div>\n\t\t<\/div>\n\t\t\t\t\t<\/div>\n\t\t<\/section>\n\t\t\t\t<section class=\"elementor-section elementor-top-section elementor-element elementor-element-bfe2dd8 elementor-section-boxed elementor-section-height-default elementor-section-height-default\" data-id=\"bfe2dd8\" data-element_type=\"section\">\n\t\t\t\t\t\t<div class=\"elementor-container elementor-column-gap-default\">\n\t\t\t\t\t<div class=\"elementor-column elementor-col-50 elementor-top-column elementor-element elementor-element-2ae0c95\" data-id=\"2ae0c95\" data-element_type=\"column\">\n\t\t\t<div class=\"elementor-widget-wrap elementor-element-populated\">\n\t\t\t\t\t\t<div class=\"elementor-element elementor-element-e1d1c8e elementor-widget elementor-widget-heading\" data-id=\"e1d1c8e\" data-element_type=\"widget\" data-widget_type=\"heading.default\">\n\t\t\t\t<div class=\"elementor-widget-container\">\n\t\t\t\t\t<h5 class=\"elementor-heading-title elementor-size-default\">Unsere Mission<\/h5>\t\t\t\t<\/div>\n\t\t\t\t<\/div>\n\t\t\t\t<div class=\"elementor-element elementor-element-612cfb5 elementor-widget elementor-widget-heading\" data-id=\"612cfb5\" data-element_type=\"widget\" data-widget_type=\"heading.default\">\n\t\t\t\t<div class=\"elementor-widget-container\">\n\t\t\t\t\t<h2 class=\"elementor-heading-title elementor-size-default\">WAS WIR TUN<\/h2>\t\t\t\t<\/div>\n\t\t\t\t<\/div>\n\t\t\t\t<div class=\"elementor-element elementor-element-4a26d39 elementor-widget__width-initial elementor-widget-tablet__width-inherit elementor-widget-mobile__width-inherit elementor-widget elementor-widget-text-editor\" data-id=\"4a26d39\" data-element_type=\"widget\" data-widget_type=\"text-editor.default\">\n\t\t\t\t<div class=\"elementor-widget-container\">\n\t\t\t\t\t\t\t\t\t<div class=\"gdlr-core-pbf-element\"><div class=\"gdlr-core-title-item gdlr-core-item-pdb clearfix gdlr-core-left-align gdlr-core-title-item-caption-top gdlr-core-item-pdlr\"><div class=\"gdlr-core-title-item-title-wrap \"><p>Die Hauptaufgabe von Wocopa besteht darin, die Globalisierung in Chancengleichheit umzuwandeln, indem der technologische Fortschritt genau beobachtet wird, und lokalen Unternehmen dabei zu helfen, Grenzen zu \u00fcberwinden und auf einfachste und schnellste Weise global zu expandieren.<\/p><\/div><\/div><\/div>\t\t\t\t\t\t\t\t<\/div>\n\t\t\t\t<\/div>\n\t\t\t\t\t<\/div>\n\t\t<\/div>\n\t\t\t\t<div class=\"elementor-column elementor-col-50 elementor-top-column elementor-element elementor-element-fe974da\" data-id=\"fe974da\" data-element_type=\"column\">\n\t\t\t<div class=\"elementor-widget-wrap elementor-element-populated\">\n\t\t\t\t\t\t<div class=\"elementor-element elementor-element-2250ab2 elementor-widget elementor-widget-image\" data-id=\"2250ab2\" data-element_type=\"widget\" data-widget_type=\"image.default\">\n\t\t\t\t<div class=\"elementor-widget-container\">\n\t\t\t\t\t\t\t\t\t\t\t\t\t\t\t<img decoding=\"async\" width=\"901\" height=\"597\" src=\"https:\/\/wocopa.com\/wp-content\/uploads\/2023\/03\/about-us-2-1.png\" class=\"attachment-full size-full wp-image-7372\" alt=\"\" srcset=\"https:\/\/wocopa.com\/wp-content\/uploads\/2023\/03\/about-us-2-1.png 901w, https:\/\/wocopa.com\/wp-content\/uploads\/2023\/03\/about-us-2-1-300x199.png 300w, https:\/\/wocopa.com\/wp-content\/uploads\/2023\/03\/about-us-2-1-768x509.png 768w, https:\/\/wocopa.com\/wp-content\/uploads\/2023\/03\/about-us-2-1-650x431.png 650w\" sizes=\"(max-width: 901px) 100vw, 901px\" \/>\t\t\t\t\t\t\t\t\t\t\t\t\t\t\t<\/div>\n\t\t\t\t<\/div>\n\t\t\t\t\t<\/div>\n\t\t<\/div>\n\t\t\t\t\t<\/div>\n\t\t<\/section>\n\t\t\t\t<section class=\"elementor-section elementor-top-section elementor-element elementor-element-a2f271d elementor-section-boxed elementor-section-height-default elementor-section-height-default\" data-id=\"a2f271d\" data-element_type=\"section\">\n\t\t\t\t\t\t<div class=\"elementor-container elementor-column-gap-default\">\n\t\t\t\t\t<div class=\"elementor-column elementor-col-100 elementor-top-column elementor-element elementor-element-eaf6044\" data-id=\"eaf6044\" data-element_type=\"column\">\n\t\t\t<div class=\"elementor-widget-wrap\">\n\t\t\t\t\t\t\t<\/div>\n\t\t<\/div>\n\t\t\t\t\t<\/div>\n\t\t<\/section>\n\t\t\t\t<section class=\"elementor-section elementor-top-section elementor-element elementor-element-f147896 elementor-section-boxed elementor-section-height-default elementor-section-height-default\" data-id=\"f147896\" data-element_type=\"section\">\n\t\t\t\t\t\t<div class=\"elementor-container elementor-column-gap-default\">\n\t\t\t\t\t<div class=\"elementor-column elementor-col-100 elementor-top-column elementor-element elementor-element-7066cd4\" data-id=\"7066cd4\" data-element_type=\"column\">\n\t\t\t<div class=\"elementor-widget-wrap elementor-element-populated\">\n\t\t\t\t\t\t<div class=\"elementor-element elementor-element-487b679 elementor-widget elementor-widget-heading\" data-id=\"487b679\" data-element_type=\"widget\" data-widget_type=\"heading.default\">\n\t\t\t\t<div class=\"elementor-widget-container\">\n\t\t\t\t\t<h3 class=\"elementor-heading-title elementor-size-default\">Unsere Vision<\/h3>\t\t\t\t<\/div>\n\t\t\t\t<\/div>\n\t\t\t\t<div class=\"elementor-element elementor-element-cec957e elementor-widget__width-initial elementor-widget-tablet__width-inherit elementor-widget-mobile__width-inherit elementor-widget elementor-widget-text-editor\" data-id=\"cec957e\" data-element_type=\"widget\" data-widget_type=\"text-editor.default\">\n\t\t\t\t<div class=\"elementor-widget-container\">\n\t\t\t\t\t\t\t\t\t<p>Wocopa sieht vor, L\u00f6sungen f\u00fcr Einzelpersonen und lokale Unternehmen zu schaffen, um auf internationalen Plattformen effektiver zu sein, lokale Herausforderungen in Vorteile umzuwandeln, unternehmerische Frauen und KMU positiv zu diskriminieren und allen seinen Kunden eine grenz\u00fcberschreitende Erfahrung zu bieten.<\/p>\t\t\t\t\t\t\t\t<\/div>\n\t\t\t\t<\/div>\n\t\t\t\t\t<\/div>\n\t\t<\/div>\n\t\t\t\t\t<\/div>\n\t\t<\/section>\n\t\t\t\t<section class=\"elementor-section elementor-top-section elementor-element elementor-element-bbd5839 elementor-section-boxed elementor-section-height-default elementor-section-height-default\" data-id=\"bbd5839\" data-element_type=\"section\">\n\t\t\t\t\t\t<div class=\"elementor-container elementor-column-gap-default\">\n\t\t\t\t\t<div class=\"elementor-column elementor-col-100 elementor-top-column elementor-element elementor-element-1aafbc3\" data-id=\"1aafbc3\" data-element_type=\"column\">\n\t\t\t<div class=\"elementor-widget-wrap elementor-element-populated\">\n\t\t\t\t\t\t<div class=\"elementor-element elementor-element-696a293 elementor-widget elementor-widget-heading\" data-id=\"696a293\" data-element_type=\"widget\" data-widget_type=\"heading.default\">\n\t\t\t\t<div class=\"elementor-widget-container\">\n\t\t\t\t\t<h3 class=\"elementor-heading-title elementor-size-default\">WOCOPA MIT VIDEOS<\/h3>\t\t\t\t<\/div>\n\t\t\t\t<\/div>\n\t\t\t\t\t<\/div>\n\t\t<\/div>\n\t\t\t\t\t<\/div>\n\t\t<\/section>\n\t\t\t\t<section class=\"elementor-section elementor-top-section elementor-element elementor-element-03fcb77 elementor-section-boxed elementor-section-height-default elementor-section-height-default\" data-id=\"03fcb77\" data-element_type=\"section\">\n\t\t\t\t\t\t<div class=\"elementor-container elementor-column-gap-default\">\n\t\t\t\t\t<div class=\"elementor-column elementor-col-33 elementor-top-column elementor-element elementor-element-a0f4695\" data-id=\"a0f4695\" data-element_type=\"column\">\n\t\t\t<div class=\"elementor-widget-wrap elementor-element-populated\">\n\t\t\t\t\t\t<div class=\"elementor-element elementor-element-0611a1e elementor-widget elementor-widget-video\" data-id=\"0611a1e\" data-element_type=\"widget\" data-settings=\"{&quot;youtube_url&quot;:&quot;https:\\\/\\\/www.youtube.com\\\/watch?v=gl784W5Don4&quot;,&quot;video_type&quot;:&quot;youtube&quot;,&quot;controls&quot;:&quot;yes&quot;}\" data-widget_type=\"video.default\">\n\t\t\t\t<div class=\"elementor-widget-container\">\n\t\t\t\t\t\t\t<div class=\"elementor-wrapper elementor-open-inline\">\n\t\t\t<div class=\"elementor-video\"><\/div>\t\t<\/div>\n\t\t\t\t\t\t<\/div>\n\t\t\t\t<\/div>\n\t\t\t\t\t<\/div>\n\t\t<\/div>\n\t\t\t\t<div class=\"elementor-column elementor-col-33 elementor-top-column elementor-element elementor-element-4ba10dd\" data-id=\"4ba10dd\" data-element_type=\"column\">\n\t\t\t<div class=\"elementor-widget-wrap elementor-element-populated\">\n\t\t\t\t\t\t<div class=\"elementor-element elementor-element-22ec0cc elementor-widget elementor-widget-video\" data-id=\"22ec0cc\" data-element_type=\"widget\" data-settings=\"{&quot;youtube_url&quot;:&quot;https:\\\/\\\/www.youtube.com\\\/watch?v=pBZE_9dLgw8&amp;ab_channel=HasanErdogan&quot;,&quot;video_type&quot;:&quot;youtube&quot;}\" data-widget_type=\"video.default\">\n\t\t\t\t<div class=\"elementor-widget-container\">\n\t\t\t\t\t\t\t<div class=\"elementor-wrapper elementor-open-inline\">\n\t\t\t<div class=\"elementor-video\"><\/div>\t\t<\/div>\n\t\t\t\t\t\t<\/div>\n\t\t\t\t<\/div>\n\t\t\t\t\t<\/div>\n\t\t<\/div>\n\t\t\t\t<div class=\"elementor-column elementor-col-33 elementor-top-column elementor-element elementor-element-4460f5f\" data-id=\"4460f5f\" data-element_type=\"column\">\n\t\t\t<div class=\"elementor-widget-wrap elementor-element-populated\">\n\t\t\t\t\t\t<div class=\"elementor-element elementor-element-c2db918 elementor-widget elementor-widget-video\" data-id=\"c2db918\" data-element_type=\"widget\" data-settings=\"{&quot;youtube_url&quot;:&quot;https:\\\/\\\/www.youtube.com\\\/watch?v=h6rTjXp6daI&quot;,&quot;video_type&quot;:&quot;youtube&quot;,&quot;controls&quot;:&quot;yes&quot;}\" data-widget_type=\"video.default\">\n\t\t\t\t<div class=\"elementor-widget-container\">\n\t\t\t\t\t\t\t<div class=\"elementor-wrapper elementor-open-inline\">\n\t\t\t<div class=\"elementor-video\"><\/div>\t\t<\/div>\n\t\t\t\t\t\t<\/div>\n\t\t\t\t<\/div>\n\t\t\t\t\t<\/div>\n\t\t<\/div>\n\t\t\t\t\t<\/div>\n\t\t<\/section>\n\t\t\t\t<section class=\"elementor-section elementor-top-section elementor-element elementor-element-7c8791e4 elementor-section-boxed elementor-section-height-default elementor-section-height-default\" data-id=\"7c8791e4\" data-element_type=\"section\" data-settings=\"{&quot;background_background&quot;:&quot;classic&quot;}\">\n\t\t\t\t\t\t\t<div class=\"elementor-background-overlay\"><\/div>\n\t\t\t\t\t\t\t<div class=\"elementor-container elementor-column-gap-default\">\n\t\t\t\t\t<div class=\"elementor-column elementor-col-25 elementor-top-column elementor-element elementor-element-1e1cc3e3 elementor-invisible\" data-id=\"1e1cc3e3\" data-element_type=\"column\" data-settings=\"{&quot;animation&quot;:&quot;fadeInUp&quot;}\">\n\t\t\t<div class=\"elementor-widget-wrap elementor-element-populated\">\n\t\t\t\t\t\t<div class=\"elementor-element elementor-element-21ac9eb elementor-widget elementor-widget-counter\" data-id=\"21ac9eb\" data-element_type=\"widget\" data-widget_type=\"counter.default\">\n\t\t\t\t<div class=\"elementor-widget-container\">\n\t\t\t\t\t\t\t<div class=\"elementor-counter\">\n\t\t\t\t\t\t<div class=\"elementor-counter-number-wrapper\">\n\t\t\t\t<span class=\"elementor-counter-number-prefix\"><\/span>\n\t\t\t\t<span class=\"elementor-counter-number\" data-duration=\"2000\" data-to-value=\"200\" data-from-value=\"0\" data-delimiter=\",\">0<\/span>\n\t\t\t\t<span class=\"elementor-counter-number-suffix\">+<\/span>\n\t\t\t<\/div>\n\t\t<\/div>\n\t\t\t\t\t\t<\/div>\n\t\t\t\t<\/div>\n\t\t\t\t<div class=\"elementor-element elementor-element-4974e5ea elementor-widget elementor-widget-text-editor\" data-id=\"4974e5ea\" data-element_type=\"widget\" data-widget_type=\"text-editor.default\">\n\t\t\t\t<div class=\"elementor-widget-container\">\n\t\t\t\t\t\t\t\t\t<p>Gr\u00fcndung \/ Umzug einer Firma ins Ausland<\/p>\t\t\t\t\t\t\t\t<\/div>\n\t\t\t\t<\/div>\n\t\t\t\t\t<\/div>\n\t\t<\/div>\n\t\t\t\t<div class=\"elementor-column elementor-col-25 elementor-top-column elementor-element elementor-element-a58952a elementor-invisible\" data-id=\"a58952a\" data-element_type=\"column\" data-settings=\"{&quot;animation&quot;:&quot;fadeInUp&quot;}\">\n\t\t\t<div class=\"elementor-widget-wrap elementor-element-populated\">\n\t\t\t\t\t\t<div class=\"elementor-element elementor-element-d3f20a9 elementor-widget elementor-widget-counter\" data-id=\"d3f20a9\" data-element_type=\"widget\" data-widget_type=\"counter.default\">\n\t\t\t\t<div class=\"elementor-widget-container\">\n\t\t\t\t\t\t\t<div class=\"elementor-counter\">\n\t\t\t\t\t\t<div class=\"elementor-counter-number-wrapper\">\n\t\t\t\t<span class=\"elementor-counter-number-prefix\"><\/span>\n\t\t\t\t<span class=\"elementor-counter-number\" data-duration=\"2000\" data-to-value=\"500\" data-from-value=\"0\" data-delimiter=\",\">0<\/span>\n\t\t\t\t<span class=\"elementor-counter-number-suffix\">+<\/span>\n\t\t\t<\/div>\n\t\t<\/div>\n\t\t\t\t\t\t<\/div>\n\t\t\t\t<\/div>\n\t\t\t\t<div class=\"elementor-element elementor-element-3e3b65a elementor-widget elementor-widget-text-editor\" data-id=\"3e3b65a\" data-element_type=\"widget\" data-widget_type=\"text-editor.default\">\n\t\t\t\t<div class=\"elementor-widget-container\">\n\t\t\t\t\t\t\t\t\t<p>Aufenthaltserlaubnis im Ausland<\/p>\t\t\t\t\t\t\t\t<\/div>\n\t\t\t\t<\/div>\n\t\t\t\t\t<\/div>\n\t\t<\/div>\n\t\t\t\t<div class=\"elementor-column elementor-col-25 elementor-top-column elementor-element elementor-element-f3807db elementor-invisible\" data-id=\"f3807db\" data-element_type=\"column\" data-settings=\"{&quot;animation&quot;:&quot;fadeInUp&quot;}\">\n\t\t\t<div class=\"elementor-widget-wrap elementor-element-populated\">\n\t\t\t\t\t\t<div class=\"elementor-element elementor-element-e4e6601 elementor-widget elementor-widget-counter\" data-id=\"e4e6601\" data-element_type=\"widget\" data-widget_type=\"counter.default\">\n\t\t\t\t<div class=\"elementor-widget-container\">\n\t\t\t\t\t\t\t<div class=\"elementor-counter\">\n\t\t\t\t\t\t<div class=\"elementor-counter-number-wrapper\">\n\t\t\t\t<span class=\"elementor-counter-number-prefix\"><\/span>\n\t\t\t\t<span class=\"elementor-counter-number\" data-duration=\"2000\" data-to-value=\"1000\" data-from-value=\"0\" data-delimiter=\",\">0<\/span>\n\t\t\t\t<span class=\"elementor-counter-number-suffix\">+<\/span>\n\t\t\t<\/div>\n\t\t<\/div>\n\t\t\t\t\t\t<\/div>\n\t\t\t\t<\/div>\n\t\t\t\t<div class=\"elementor-element elementor-element-f2b5391 elementor-widget elementor-widget-text-editor\" data-id=\"f2b5391\" data-element_type=\"widget\" data-widget_type=\"text-editor.default\">\n\t\t\t\t<div class=\"elementor-widget-container\">\n\t\t\t\t\t\t\t\t\t<p>Strategische Beratungsunterst\u00fctzung<\/p>\t\t\t\t\t\t\t\t<\/div>\n\t\t\t\t<\/div>\n\t\t\t\t\t<\/div>\n\t\t<\/div>\n\t\t\t\t<div class=\"elementor-column elementor-col-25 elementor-top-column elementor-element elementor-element-afb0824 elementor-invisible\" data-id=\"afb0824\" data-element_type=\"column\" data-settings=\"{&quot;animation&quot;:&quot;fadeInUp&quot;}\">\n\t\t\t<div class=\"elementor-widget-wrap elementor-element-populated\">\n\t\t\t\t\t\t<div class=\"elementor-element elementor-element-b80a265 elementor-widget elementor-widget-counter\" data-id=\"b80a265\" data-element_type=\"widget\" data-widget_type=\"counter.default\">\n\t\t\t\t<div class=\"elementor-widget-container\">\n\t\t\t\t\t\t\t<div class=\"elementor-counter\">\n\t\t\t\t\t\t<div class=\"elementor-counter-number-wrapper\">\n\t\t\t\t<span class=\"elementor-counter-number-prefix\"><\/span>\n\t\t\t\t<span class=\"elementor-counter-number\" data-duration=\"2000\" data-to-value=\"100\" data-from-value=\"0\" data-delimiter=\",\">0<\/span>\n\t\t\t\t<span class=\"elementor-counter-number-suffix\">+<\/span>\n\t\t\t<\/div>\n\t\t<\/div>\n\t\t\t\t\t\t<\/div>\n\t\t\t\t<\/div>\n\t\t\t\t<div class=\"elementor-element elementor-element-aedcfbe elementor-widget elementor-widget-text-editor\" data-id=\"aedcfbe\" data-element_type=\"widget\" data-widget_type=\"text-editor.default\">\n\t\t\t\t<div class=\"elementor-widget-container\">\n\t\t\t\t\t\t\t\t\t<p>Ausl\u00e4ndische Projekt\/Investitionsgenehmigung<\/p>\t\t\t\t\t\t\t\t<\/div>\n\t\t\t\t<\/div>\n\t\t\t\t\t<\/div>\n\t\t<\/div>\n\t\t\t\t\t<\/div>\n\t\t<\/section>\n\t\t\t\t<\/div>\n\t\t","protected":false},"excerpt":{"rendered":"<p>\u00dcBER UNS WER WIR SIND Wocopa erm\u00f6glicht seinen Kunden, die Vorteile der Globalisierung voll auszusch\u00f6pfen und sorgt f\u00fcr einen nahtlosen und vollst\u00e4ndigen [&hellip;]<\/p>\n","protected":false},"author":2,"featured_media":0,"parent":0,"menu_order":0,"comment_status":"closed","ping_status":"closed","template":"","meta":{"footnotes":""},"class_list":["post-8205","page","type-page","status-publish","hentry"],"_links":{"self":[{"href":"https:\/\/wocopa.com\/de\/wp-json\/wp\/v2\/pages\/8205","targetHints":{"allow":["GET"]}}],"collection":[{"href":"https:\/\/wocopa.com\/de\/wp-json\/wp\/v2\/pages"}],"about":[{"href":"https:\/\/wocopa.com\/de\/wp-json\/wp\/v2\/types\/page"}],"author":[{"embeddable":true,"href":"https:\/\/wocopa.com\/de\/wp-json\/wp\/v2\/users\/2"}],"replies":[{"embeddable":true,"href":"https:\/\/wocopa.com\/de\/wp-json\/wp\/v2\/comments?post=8205"}],"version-history":[{"count":3,"href":"https:\/\/wocopa.com\/de\/wp-json\/wp\/v2\/pages\/8205\/revisions"}],"predecessor-version":[{"id":8364,"href":"https:\/\/wocopa.com\/de\/wp-json\/wp\/v2\/pages\/8205\/revisions\/8364"}],"wp:attachment":[{"href":"https:\/\/wocopa.com\/de\/wp-json\/wp\/v2\/media?parent=8205"}],"curies":[{"name":"wp","href":"https:\/\/api.w.org\/{rel}","templated":true}]}}