{"id":9315,"date":"2023-01-30T19:16:46","date_gmt":"2023-01-30T19:16:46","guid":{"rendered":"https:\/\/wocopa.com\/?page_id=9315"},"modified":"2023-03-30T20:20:35","modified_gmt":"2023-03-30T20:20:35","slug":"consultancy","status":"publish","type":"page","link":"https:\/\/wocopa.com\/es\/consultancy\/","title":{"rendered":"Consultancy"},"content":{"rendered":"\t\t<div data-elementor-type=\"wp-page\" data-elementor-id=\"9315\" class=\"elementor elementor-9315 elementor-2895\" data-elementor-post-type=\"page\">\n\t\t\t\t\t\t<section class=\"elementor-section elementor-top-section elementor-element elementor-element-409ef11 elementor-section-boxed elementor-section-height-default elementor-section-height-default\" data-id=\"409ef11\" data-element_type=\"section\" data-settings=\"{&quot;background_background&quot;:&quot;classic&quot;}\">\n\t\t\t\t\t\t<div class=\"elementor-container elementor-column-gap-default\">\n\t\t\t\t\t<div class=\"elementor-column elementor-col-100 elementor-top-column elementor-element elementor-element-58a8900\" data-id=\"58a8900\" data-element_type=\"column\">\n\t\t\t<div class=\"elementor-widget-wrap elementor-element-populated\">\n\t\t\t\t\t\t<div class=\"elementor-element elementor-element-ffe29bc elementor-widget elementor-widget-spacer\" data-id=\"ffe29bc\" data-element_type=\"widget\" data-widget_type=\"spacer.default\">\n\t\t\t\t<div class=\"elementor-widget-container\">\n\t\t\t\t\t\t\t<div class=\"elementor-spacer\">\n\t\t\t<div class=\"elementor-spacer-inner\"><\/div>\n\t\t<\/div>\n\t\t\t\t\t\t<\/div>\n\t\t\t\t<\/div>\n\t\t\t\t<section class=\"elementor-section elementor-inner-section elementor-element elementor-element-197d4b7 elementor-section-boxed elementor-section-height-default elementor-section-height-default\" data-id=\"197d4b7\" data-element_type=\"section\">\n\t\t\t\t\t\t<div class=\"elementor-container elementor-column-gap-default\">\n\t\t\t\t\t<div class=\"elementor-column elementor-col-100 elementor-inner-column elementor-element elementor-element-1ca291f\" data-id=\"1ca291f\" data-element_type=\"column\">\n\t\t\t<div class=\"elementor-widget-wrap elementor-element-populated\">\n\t\t\t\t\t\t<div class=\"elementor-element elementor-element-a084f34 elementor-widget elementor-widget-heading\" data-id=\"a084f34\" data-element_type=\"widget\" data-widget_type=\"heading.default\">\n\t\t\t\t<div class=\"elementor-widget-container\">\n\t\t\t\t\t<h2 class=\"elementor-heading-title elementor-size-default\">CONSULTOR\u00cdA<\/h2>\t\t\t\t<\/div>\n\t\t\t\t<\/div>\n\t\t\t\t\t<\/div>\n\t\t<\/div>\n\t\t\t\t\t<\/div>\n\t\t<\/section>\n\t\t\t\t\t<\/div>\n\t\t<\/div>\n\t\t\t\t\t<\/div>\n\t\t<\/section>\n\t\t\t\t<section class=\"elementor-section elementor-top-section elementor-element elementor-element-3cb55027 elementor-reverse-mobile elementor-section-boxed elementor-section-height-default elementor-section-height-default\" data-id=\"3cb55027\" data-element_type=\"section\">\n\t\t\t\t\t\t<div class=\"elementor-container elementor-column-gap-default\">\n\t\t\t\t\t<div class=\"elementor-column elementor-col-100 elementor-top-column elementor-element elementor-element-858c391\" data-id=\"858c391\" data-element_type=\"column\">\n\t\t\t<div class=\"elementor-widget-wrap elementor-element-populated\">\n\t\t\t\t\t\t<div class=\"elementor-element elementor-element-d3be269 elementor-widget elementor-widget-heading\" data-id=\"d3be269\" data-element_type=\"widget\" data-widget_type=\"heading.default\">\n\t\t\t\t<div class=\"elementor-widget-container\">\n\t\t\t\t\t<h3 class=\"elementor-heading-title elementor-size-default\">Seleccione Un Servicio De Consultor\u00eda<\/h3>\t\t\t\t<\/div>\n\t\t\t\t<\/div>\n\t\t\t\t<div class=\"elementor-element elementor-element-3aeb039 elementor-widget elementor-widget-elementskit-page-list\" data-id=\"3aeb039\" data-element_type=\"widget\" data-widget_type=\"elementskit-page-list.default\">\n\t\t\t\t<div class=\"elementor-widget-container\">\n\t\t\t\t\t<div class=\"ekit-wid-con\" >\t\t<div class=\"elementor-icon-list-items \">\n\t\t\t\t\t<\/div>\n\t\t<\/div>\t\t\t\t<\/div>\n\t\t\t\t<\/div>\n\t\t\t\t<div class=\"elementor-element elementor-element-b6f1fea hfe-nav-menu__breakpoint-none hfe-nav-menu__align-left hfe-submenu-icon-arrow hfe-link-redirect-child elementor-widget elementor-widget-navigation-menu\" data-id=\"b6f1fea\" data-element_type=\"widget\" data-settings=\"{&quot;padding_horizontal_menu_item&quot;:{&quot;unit&quot;:&quot;px&quot;,&quot;size&quot;:15,&quot;sizes&quot;:[]},&quot;padding_horizontal_menu_item_tablet&quot;:{&quot;unit&quot;:&quot;px&quot;,&quot;size&quot;:&quot;&quot;,&quot;sizes&quot;:[]},&quot;padding_horizontal_menu_item_mobile&quot;:{&quot;unit&quot;:&quot;px&quot;,&quot;size&quot;:&quot;&quot;,&quot;sizes&quot;:[]},&quot;padding_vertical_menu_item&quot;:{&quot;unit&quot;:&quot;px&quot;,&quot;size&quot;:15,&quot;sizes&quot;:[]},&quot;padding_vertical_menu_item_tablet&quot;:{&quot;unit&quot;:&quot;px&quot;,&quot;size&quot;:&quot;&quot;,&quot;sizes&quot;:[]},&quot;padding_vertical_menu_item_mobile&quot;:{&quot;unit&quot;:&quot;px&quot;,&quot;size&quot;:&quot;&quot;,&quot;sizes&quot;:[]},&quot;menu_space_between&quot;:{&quot;unit&quot;:&quot;px&quot;,&quot;size&quot;:&quot;&quot;,&quot;sizes&quot;:[]},&quot;menu_space_between_tablet&quot;:{&quot;unit&quot;:&quot;px&quot;,&quot;size&quot;:&quot;&quot;,&quot;sizes&quot;:[]},&quot;menu_space_between_mobile&quot;:{&quot;unit&quot;:&quot;px&quot;,&quot;size&quot;:&quot;&quot;,&quot;sizes&quot;:[]},&quot;dropdown_border_radius&quot;:{&quot;unit&quot;:&quot;px&quot;,&quot;top&quot;:&quot;&quot;,&quot;right&quot;:&quot;&quot;,&quot;bottom&quot;:&quot;&quot;,&quot;left&quot;:&quot;&quot;,&quot;isLinked&quot;:true},&quot;dropdown_border_radius_tablet&quot;:{&quot;unit&quot;:&quot;px&quot;,&quot;top&quot;:&quot;&quot;,&quot;right&quot;:&quot;&quot;,&quot;bottom&quot;:&quot;&quot;,&quot;left&quot;:&quot;&quot;,&quot;isLinked&quot;:true},&quot;dropdown_border_radius_mobile&quot;:{&quot;unit&quot;:&quot;px&quot;,&quot;top&quot;:&quot;&quot;,&quot;right&quot;:&quot;&quot;,&quot;bottom&quot;:&quot;&quot;,&quot;left&quot;:&quot;&quot;,&quot;isLinked&quot;:true},&quot;padding_horizontal_dropdown_item&quot;:{&quot;unit&quot;:&quot;px&quot;,&quot;size&quot;:&quot;&quot;,&quot;sizes&quot;:[]},&quot;padding_horizontal_dropdown_item_tablet&quot;:{&quot;unit&quot;:&quot;px&quot;,&quot;size&quot;:&quot;&quot;,&quot;sizes&quot;:[]},&quot;padding_horizontal_dropdown_item_mobile&quot;:{&quot;unit&quot;:&quot;px&quot;,&quot;size&quot;:&quot;&quot;,&quot;sizes&quot;:[]},&quot;padding_vertical_dropdown_item&quot;:{&quot;unit&quot;:&quot;px&quot;,&quot;size&quot;:15,&quot;sizes&quot;:[]},&quot;padding_vertical_dropdown_item_tablet&quot;:{&quot;unit&quot;:&quot;px&quot;,&quot;size&quot;:&quot;&quot;,&quot;sizes&quot;:[]},&quot;padding_vertical_dropdown_item_mobile&quot;:{&quot;unit&quot;:&quot;px&quot;,&quot;size&quot;:&quot;&quot;,&quot;sizes&quot;:[]},&quot;distance_from_menu&quot;:{&quot;unit&quot;:&quot;px&quot;,&quot;size&quot;:&quot;&quot;,&quot;sizes&quot;:[]},&quot;distance_from_menu_tablet&quot;:{&quot;unit&quot;:&quot;px&quot;,&quot;size&quot;:&quot;&quot;,&quot;sizes&quot;:[]},&quot;distance_from_menu_mobile&quot;:{&quot;unit&quot;:&quot;px&quot;,&quot;size&quot;:&quot;&quot;,&quot;sizes&quot;:[]},&quot;toggle_size&quot;:{&quot;unit&quot;:&quot;px&quot;,&quot;size&quot;:&quot;&quot;,&quot;sizes&quot;:[]},&quot;toggle_size_tablet&quot;:{&quot;unit&quot;:&quot;px&quot;,&quot;size&quot;:&quot;&quot;,&quot;sizes&quot;:[]},&quot;toggle_size_mobile&quot;:{&quot;unit&quot;:&quot;px&quot;,&quot;size&quot;:&quot;&quot;,&quot;sizes&quot;:[]},&quot;toggle_border_width&quot;:{&quot;unit&quot;:&quot;px&quot;,&quot;size&quot;:&quot;&quot;,&quot;sizes&quot;:[]},&quot;toggle_border_width_tablet&quot;:{&quot;unit&quot;:&quot;px&quot;,&quot;size&quot;:&quot;&quot;,&quot;sizes&quot;:[]},&quot;toggle_border_width_mobile&quot;:{&quot;unit&quot;:&quot;px&quot;,&quot;size&quot;:&quot;&quot;,&quot;sizes&quot;:[]},&quot;toggle_border_radius&quot;:{&quot;unit&quot;:&quot;px&quot;,&quot;size&quot;:&quot;&quot;,&quot;sizes&quot;:[]},&quot;toggle_border_radius_tablet&quot;:{&quot;unit&quot;:&quot;px&quot;,&quot;size&quot;:&quot;&quot;,&quot;sizes&quot;:[]},&quot;toggle_border_radius_mobile&quot;:{&quot;unit&quot;:&quot;px&quot;,&quot;size&quot;:&quot;&quot;,&quot;sizes&quot;:[]}}\" data-widget_type=\"navigation-menu.default\">\n\t\t\t\t<div class=\"elementor-widget-container\">\n\t\t\t\t\t\t\t\t<div class=\"hfe-nav-menu hfe-layout-vertical hfe-nav-menu-layout vertical\" data-layout=\"vertical\">\n\t\t\t\t<div role=\"button\" class=\"hfe-nav-menu__toggle elementor-clickable\" tabindex=\"0\" aria-label=\"Menu Toggle\">\n\t\t\t\t\t<span class=\"screen-reader-text\">Men\u00fa<\/span>\n\t\t\t\t\t<div class=\"hfe-nav-menu-icon\">\n\t\t\t\t\t\t\t\t\t\t\t<\/div>\n\t\t\t\t<\/div>\n\t\t\t\t<nav class=\"hfe-nav-menu__layout-vertical hfe-nav-menu__submenu-arrow\" data-toggle-icon=\"\" data-close-icon=\"\" data-full-width=\"\">\n\t\t\t\t\t<ul id=\"menu-1-b6f1fea\" class=\"hfe-nav-menu\"><li id=\"menu-item-9413\" class=\"menu-item menu-item-type-post_type menu-item-object-page parent hfe-creative-menu\"><a href=\"https:\/\/wocopa.com\/es\/transacciones-de-residencia-y-ciudadania-en-el-extranjero\/\" class = \"hfe-menu-item\">Transacciones de Residencia y Ciudadan\u00eda en el Extranjero\u200b<\/a><\/li>\n<li id=\"menu-item-9414\" class=\"menu-item menu-item-type-post_type menu-item-object-page parent hfe-creative-menu\"><a href=\"https:\/\/wocopa.com\/es\/visa-dorada\/\" class = \"hfe-menu-item\">Visa Dorada<\/a><\/li>\n<li id=\"menu-item-9415\" class=\"menu-item menu-item-type-post_type menu-item-object-page parent hfe-creative-menu\"><a href=\"https:\/\/wocopa.com\/es\/carrera-alemania\/\" class = \"hfe-menu-item\">Carrera Alemania<\/a><\/li>\n<li id=\"menu-item-9416\" class=\"menu-item menu-item-type-post_type menu-item-object-page parent hfe-creative-menu\"><a href=\"https:\/\/wocopa.com\/es\/adquisicion-de-instalaciones-e-inmuebles-en-el-extranjero\/\" class = \"hfe-menu-item\">Adquisici\u00f3n de Instalaciones e Inmuebles en el Extranjero<\/a><\/li>\n<li id=\"menu-item-9417\" class=\"menu-item menu-item-type-post_type menu-item-object-page parent hfe-creative-menu\"><a href=\"https:\/\/wocopa.com\/es\/apertura-de-una-cuenta-bancaria-en-el-extranjero-y-solicitud-de-prestamo\/\" class = \"hfe-menu-item\">Apertura De Una Cuenta Bancaria En El Extranjero Y Solicitud De Pr\u00e9stamo<\/a><\/li>\n<li id=\"menu-item-9418\" class=\"menu-item menu-item-type-post_type menu-item-object-page parent hfe-creative-menu\"><a href=\"https:\/\/wocopa.com\/es\/establishing-a-company-abroad-moving-a-company-abroad\/\" class = \"hfe-menu-item\">Establishing A Company Abroad &amp; Moving A Company Abroad<\/a><\/li>\n<li id=\"menu-item-9419\" class=\"menu-item menu-item-type-post_type menu-item-object-page parent hfe-creative-menu\"><a href=\"https:\/\/wocopa.com\/es\/consultoria-educativa\/\" class = \"hfe-menu-item\">Consultor\u00eda Educativa<\/a><\/li>\n<li id=\"menu-item-9420\" class=\"menu-item menu-item-type-post_type menu-item-object-page parent hfe-creative-menu\"><a href=\"https:\/\/wocopa.com\/es\/servicios-de-ti-redes-sociales-y-relaciones-publicas\/\" class = \"hfe-menu-item\">Servicios De TI, Redes Sociales Y Relaciones P\u00fablicas<\/a><\/li>\n<li id=\"menu-item-9421\" class=\"menu-item menu-item-type-post_type menu-item-object-page parent hfe-creative-menu\"><a href=\"https:\/\/wocopa.com\/es\/servicios-de-soporte-de-ti\/\" class = \"hfe-menu-item\">Servicios de Soporte de TI<\/a><\/li>\n<li id=\"menu-item-9422\" class=\"menu-item menu-item-type-post_type menu-item-object-page parent hfe-creative-menu\"><a href=\"https:\/\/wocopa.com\/es\/obtencion-de-un-pasaporte-diplomatico\/\" class = \"hfe-menu-item\">Obtenci\u00f3n De Un Pasaporte Diplom\u00e1tico<\/a><\/li>\n<li id=\"menu-item-9423\" class=\"menu-item menu-item-type-post_type menu-item-object-page parent hfe-creative-menu\"><a href=\"https:\/\/wocopa.com\/es\/procesos-de-visa-comercial\/\" class = \"hfe-menu-item\">Procesos de Visa Comercial<\/a><\/li>\n<li id=\"menu-item-9424\" class=\"menu-item menu-item-type-post_type menu-item-object-page parent hfe-creative-menu\"><a href=\"https:\/\/wocopa.com\/es\/soporte-de-gestion-de-empresas-en-el-extranjero\/\" class = \"hfe-menu-item\">Soporte de Gesti\u00f3n de Empresas En el Extranjero<\/a><\/li>\n<li id=\"menu-item-9425\" class=\"menu-item menu-item-type-post_type menu-item-object-page parent hfe-creative-menu\"><a href=\"https:\/\/wocopa.com\/es\/alquilar-una-oficina-residente-y-virtual-en-el-extranjero\/\" class = \"hfe-menu-item\">Alquilar Una Oficina Residente Y Virtual En El Extranjero<\/a><\/li>\n<li id=\"menu-item-9426\" class=\"menu-item menu-item-type-post_type menu-item-object-page parent hfe-creative-menu\"><a href=\"https:\/\/wocopa.com\/es\/consultoria-de-comercio-internacional-y-marketing\/\" class = \"hfe-menu-item\">Consultor\u00eda de Comercio Internacional y Marketing<\/a><\/li>\n<li id=\"menu-item-9427\" class=\"menu-item menu-item-type-post_type menu-item-object-page parent hfe-creative-menu\"><a href=\"https:\/\/wocopa.com\/es\/derecho-comercial-y-servicios-de-abogacia\/\" class = \"hfe-menu-item\">Derecho Comercial y Servicios de Abogac\u00eda<\/a><\/li>\n<li id=\"menu-item-9428\" class=\"menu-item menu-item-type-post_type menu-item-object-page parent hfe-creative-menu\"><a href=\"https:\/\/wocopa.com\/es\/viabilidad-y-preparacion-del-plan-de-negocios\/\" class = \"hfe-menu-item\">Viabilidad y Preparaci\u00f3n del Plan de Negocios<\/a><\/li>\n<li id=\"menu-item-9429\" class=\"menu-item menu-item-type-post_type menu-item-object-page parent hfe-creative-menu\"><a href=\"https:\/\/wocopa.com\/es\/consultoria-de-inversiones\/\" class = \"hfe-menu-item\">Consultor\u00eda de Inversiones<\/a><\/li>\n<li id=\"menu-item-9430\" class=\"menu-item menu-item-type-post_type menu-item-object-page parent hfe-creative-menu\"><a href=\"https:\/\/wocopa.com\/es\/consultoria-de-cadena-de-suministro-y-adquisiciones\/\" class = \"hfe-menu-item\">Consultor\u00eda de Cadena de Suministro y Adquisiciones<\/a><\/li>\n<li id=\"menu-item-9431\" class=\"menu-item menu-item-type-post_type menu-item-object-page parent hfe-creative-menu\"><a href=\"https:\/\/wocopa.com\/es\/servicios-de-traduccion\/\" class = \"hfe-menu-item\">Servicios de Traducci\u00f3n<\/a><\/li>\n<li id=\"menu-item-9432\" class=\"menu-item menu-item-type-post_type menu-item-object-page parent hfe-creative-menu\"><a href=\"https:\/\/wocopa.com\/es\/consultoria-de-i-d-de-productos-y-proyectos\/\" class = \"hfe-menu-item\">Consultor\u00eda de I + D de Productos y Proyectos<\/a><\/li>\n<li id=\"menu-item-9433\" class=\"menu-item menu-item-type-post_type menu-item-object-page parent hfe-creative-menu\"><a href=\"https:\/\/wocopa.com\/es\/gestion-de-proyectos\/\" class = \"hfe-menu-item\">Gesti\u00f3n de Proyectos<\/a><\/li>\n<li id=\"menu-item-9434\" class=\"menu-item menu-item-type-post_type menu-item-object-page parent hfe-creative-menu\"><a href=\"https:\/\/wocopa.com\/es\/solicitud-de-fondos-subvenciones-inversiones-e-incentivos\/\" class = \"hfe-menu-item\">Solicitud de Fondos, Subvenciones, Inversiones e Incentivos<\/a><\/li>\n<li id=\"menu-item-9435\" class=\"menu-item menu-item-type-post_type menu-item-object-page parent hfe-creative-menu\"><a href=\"https:\/\/wocopa.com\/es\/procedimientos-de-licencia-y-registro-de-marcas\/\" class = \"hfe-menu-item\">Procedimientos de Licencia y Registro de Marcas<\/a><\/li>\n<li id=\"menu-item-9436\" class=\"menu-item menu-item-type-post_type menu-item-object-page parent hfe-creative-menu\"><a href=\"https:\/\/wocopa.com\/es\/registro-de-patentes\/\" class = \"hfe-menu-item\">Registro de Patentes<\/a><\/li>\n<li id=\"menu-item-10700\" class=\"menu-item menu-item-type-post_type menu-item-object-page parent hfe-creative-menu\"><a href=\"https:\/\/wocopa.com\/es\/academia-wocopa\/\" class = \"hfe-menu-item\">Academia Wocopa<\/a><\/li>\n<\/ul> \n\t\t\t\t<\/nav>\n\t\t\t<\/div>\n\t\t\t\t\t\t\t<\/div>\n\t\t\t\t<\/div>\n\t\t\t\t<section class=\"elementor-section elementor-inner-section elementor-element elementor-element-f640d8 elementor-section-boxed elementor-section-height-default elementor-section-height-default\" data-id=\"f640d8\" data-element_type=\"section\">\n\t\t\t\t\t\t<div class=\"elementor-container elementor-column-gap-default\">\n\t\t\t\t\t<div class=\"elementor-column elementor-col-100 elementor-inner-column elementor-element elementor-element-0bc3993\" data-id=\"0bc3993\" data-element_type=\"column\">\n\t\t\t<div class=\"elementor-widget-wrap\">\n\t\t\t\t\t\t\t<\/div>\n\t\t<\/div>\n\t\t\t\t\t<\/div>\n\t\t<\/section>\n\t\t\t\t\t<\/div>\n\t\t<\/div>\n\t\t\t\t\t<\/div>\n\t\t<\/section>\n\t\t\t\t<\/div>\n\t\t","protected":false},"excerpt":{"rendered":"<p>CONSULTOR\u00cdA Seleccione Un Servicio De Consultor\u00eda Transacciones de Residencia y Ciudadan\u00eda en el Extranjero\u200b Visa Dorada Carrera Alemania Adquisici\u00f3n de Instalaciones e [&hellip;]<\/p>\n","protected":false},"author":2,"featured_media":0,"parent":0,"menu_order":0,"comment_status":"closed","ping_status":"closed","template":"","meta":{"footnotes":""},"class_list":["post-9315","page","type-page","status-publish","hentry"],"_links":{"self":[{"href":"https:\/\/wocopa.com\/es\/wp-json\/wp\/v2\/pages\/9315","targetHints":{"allow":["GET"]}}],"collection":[{"href":"https:\/\/wocopa.com\/es\/wp-json\/wp\/v2\/pages"}],"about":[{"href":"https:\/\/wocopa.com\/es\/wp-json\/wp\/v2\/types\/page"}],"author":[{"embeddable":true,"href":"https:\/\/wocopa.com\/es\/wp-json\/wp\/v2\/users\/2"}],"replies":[{"embeddable":true,"href":"https:\/\/wocopa.com\/es\/wp-json\/wp\/v2\/comments?post=9315"}],"version-history":[{"count":4,"href":"https:\/\/wocopa.com\/es\/wp-json\/wp\/v2\/pages\/9315\/revisions"}],"predecessor-version":[{"id":9486,"href":"https:\/\/wocopa.com\/es\/wp-json\/wp\/v2\/pages\/9315\/revisions\/9486"}],"wp:attachment":[{"href":"https:\/\/wocopa.com\/es\/wp-json\/wp\/v2\/media?parent=9315"}],"curies":[{"name":"wp","href":"https:\/\/api.w.org\/{rel}","templated":true}]}}