{"id":8537,"date":"2023-01-01T23:24:13","date_gmt":"2023-01-01T23:24:13","guid":{"rendered":"https:\/\/wocopa.com\/?page_id=8537"},"modified":"2023-03-30T16:48:04","modified_gmt":"2023-03-30T16:48:04","slug":"sobre-nos","status":"publish","type":"page","link":"https:\/\/wocopa.com\/pt-pt\/sobre-nos\/","title":{"rendered":"Sobre N\u00f3s"},"content":{"rendered":"\t\t<div data-elementor-type=\"wp-page\" data-elementor-id=\"8537\" class=\"elementor elementor-8537 elementor-263\" data-elementor-post-type=\"page\">\n\t\t\t\t\t\t<section class=\"elementor-section elementor-top-section elementor-element elementor-element-5748777 elementor-section-boxed elementor-section-height-default elementor-section-height-default\" data-id=\"5748777\" data-element_type=\"section\" data-settings=\"{&quot;background_background&quot;:&quot;classic&quot;}\">\n\t\t\t\t\t\t<div class=\"elementor-container elementor-column-gap-default\">\n\t\t\t\t\t<div class=\"elementor-column elementor-col-100 elementor-top-column elementor-element elementor-element-3330719\" data-id=\"3330719\" data-element_type=\"column\">\n\t\t\t<div class=\"elementor-widget-wrap elementor-element-populated\">\n\t\t\t\t\t\t<div class=\"elementor-element elementor-element-87df9e6 elementor-widget elementor-widget-spacer\" data-id=\"87df9e6\" data-element_type=\"widget\" data-widget_type=\"spacer.default\">\n\t\t\t\t<div class=\"elementor-widget-container\">\n\t\t\t\t\t\t\t<div class=\"elementor-spacer\">\n\t\t\t<div class=\"elementor-spacer-inner\"><\/div>\n\t\t<\/div>\n\t\t\t\t\t\t<\/div>\n\t\t\t\t<\/div>\n\t\t\t\t<div class=\"elementor-element elementor-element-a8cce25 elementor-widget elementor-widget-heading\" data-id=\"a8cce25\" data-element_type=\"widget\" data-widget_type=\"heading.default\">\n\t\t\t\t<div class=\"elementor-widget-container\">\n\t\t\t\t\t<h3 class=\"elementor-heading-title elementor-size-default\">SOBRE N\u00d3S<\/h3>\t\t\t\t<\/div>\n\t\t\t\t<\/div>\n\t\t\t\t\t<\/div>\n\t\t<\/div>\n\t\t\t\t\t<\/div>\n\t\t<\/section>\n\t\t\t\t<section class=\"elementor-section elementor-top-section elementor-element elementor-element-efd528a elementor-section-boxed elementor-section-height-default elementor-section-height-default\" data-id=\"efd528a\" data-element_type=\"section\">\n\t\t\t\t\t\t<div class=\"elementor-container elementor-column-gap-default\">\n\t\t\t\t\t<div class=\"elementor-column elementor-col-50 elementor-top-column elementor-element elementor-element-499b3bc\" data-id=\"499b3bc\" data-element_type=\"column\">\n\t\t\t<div class=\"elementor-widget-wrap elementor-element-populated\">\n\t\t\t\t\t\t<div class=\"elementor-element elementor-element-1636c36 elementor-widget elementor-widget-image\" data-id=\"1636c36\" data-element_type=\"widget\" data-widget_type=\"image.default\">\n\t\t\t\t<div class=\"elementor-widget-container\">\n\t\t\t\t\t\t\t\t\t\t\t\t\t\t\t<img fetchpriority=\"high\" decoding=\"async\" width=\"2560\" height=\"1707\" src=\"https:\/\/wocopa.com\/wp-content\/uploads\/2023\/01\/double-exposure-businessman-working-digital-tablet-white-scaled-e1672602031115.jpg\" class=\"attachment-full size-full wp-image-73\" alt=\"\" srcset=\"https:\/\/wocopa.com\/wp-content\/uploads\/2023\/01\/double-exposure-businessman-working-digital-tablet-white-scaled-e1672602031115.jpg 2560w, https:\/\/wocopa.com\/wp-content\/uploads\/2023\/01\/double-exposure-businessman-working-digital-tablet-white-scaled-e1672602031115-300x200.jpg 300w, https:\/\/wocopa.com\/wp-content\/uploads\/2023\/01\/double-exposure-businessman-working-digital-tablet-white-scaled-e1672602031115-1024x683.jpg 1024w, https:\/\/wocopa.com\/wp-content\/uploads\/2023\/01\/double-exposure-businessman-working-digital-tablet-white-scaled-e1672602031115-768x512.jpg 768w, https:\/\/wocopa.com\/wp-content\/uploads\/2023\/01\/double-exposure-businessman-working-digital-tablet-white-scaled-e1672602031115-1536x1024.jpg 1536w, https:\/\/wocopa.com\/wp-content\/uploads\/2023\/01\/double-exposure-businessman-working-digital-tablet-white-scaled-e1672602031115-2048x1366.jpg 2048w, https:\/\/wocopa.com\/wp-content\/uploads\/2023\/01\/double-exposure-businessman-working-digital-tablet-white-scaled-e1672602031115-650x433.jpg 650w\" sizes=\"(max-width: 2560px) 100vw, 2560px\" \/>\t\t\t\t\t\t\t\t\t\t\t\t\t\t\t<\/div>\n\t\t\t\t<\/div>\n\t\t\t\t<div class=\"elementor-element elementor-element-dab71d4 elementor-widget elementor-widget-heading\" data-id=\"dab71d4\" data-element_type=\"widget\" data-widget_type=\"heading.default\">\n\t\t\t\t<div class=\"elementor-widget-container\">\n\t\t\t\t\t<h5 class=\"elementor-heading-title elementor-size-default\">QUEM SOMOS<\/h5>\t\t\t\t<\/div>\n\t\t\t\t<\/div>\n\t\t\t\t<div class=\"elementor-element elementor-element-e99842c elementor-widget__width-initial elementor-widget-tablet__width-inherit elementor-widget-mobile__width-inherit elementor-widget elementor-widget-text-editor\" data-id=\"e99842c\" data-element_type=\"widget\" data-widget_type=\"text-editor.default\">\n\t\t\t\t<div class=\"elementor-widget-container\">\n\t\t\t\t\t\t\t\t\t<div class=\"gdlr-core-pbf-element\"><div class=\"gdlr-core-title-item gdlr-core-item-pdb clearfix gdlr-core-left-align gdlr-core-title-item-caption-top gdlr-core-item-pdlr\"><div class=\"gdlr-core-title-item-title-wrap \"><p>A Wocopa permite aos seus clientes experienciar plenamente os benef\u00edcios da globaliza\u00e7\u00e3o, garantindo um progresso cont\u00ednuo e completo dos processos de neg\u00f3cio no cen\u00e1rio internacional. Desde acordos internacionais de profissionais de neg\u00f3cios at\u00e9 procedimentos de cidadania, aquisi\u00e7\u00e3o de propriedade e processos de forma\u00e7\u00e3o de neg\u00f3cios, a Wocopa est\u00e1 ao seu lado em todas as etapas, seja na Turquia ou no exterior, e em todas as suas rela\u00e7\u00f5es comerciais com institui\u00e7\u00f5es oficiais, finan\u00e7as, marketing, educa\u00e7\u00e3o e servi\u00e7os de tecnologia da informa\u00e7\u00e3o.<\/p><p>Com a sua rede em constante expans\u00e3o e compet\u00eancias multifacetadas, a Wocopa continua a criar solu\u00e7\u00f5es personalizadas para os seus clientes, planeando as estrat\u00e9gias de hoje com a vis\u00e3o de amanh\u00e3 atrav\u00e9s da sua equipa de especialistas.<\/p><\/div><\/div><\/div>\t\t\t\t\t\t\t\t<\/div>\n\t\t\t\t<\/div>\n\t\t\t\t\t<\/div>\n\t\t<\/div>\n\t\t\t\t<div class=\"elementor-column elementor-col-50 elementor-top-column elementor-element elementor-element-f24b275\" data-id=\"f24b275\" data-element_type=\"column\">\n\t\t\t<div class=\"elementor-widget-wrap elementor-element-populated\">\n\t\t\t\t\t\t<div class=\"elementor-element elementor-element-283d8f9 elementor-widget elementor-widget-heading\" data-id=\"283d8f9\" data-element_type=\"widget\" data-widget_type=\"heading.default\">\n\t\t\t\t<div class=\"elementor-widget-container\">\n\t\t\t\t\t<h5 class=\"elementor-heading-title elementor-size-default\">QUEM SOMOS<\/h5>\t\t\t\t<\/div>\n\t\t\t\t<\/div>\n\t\t\t\t<div class=\"elementor-element elementor-element-59a4e10 elementor-widget elementor-widget-heading\" data-id=\"59a4e10\" data-element_type=\"widget\" data-widget_type=\"heading.default\">\n\t\t\t\t<div class=\"elementor-widget-container\">\n\t\t\t\t\t<h2 class=\"elementor-heading-title elementor-size-default\">O QUE FAZEMOS<\/h2>\t\t\t\t<\/div>\n\t\t\t\t<\/div>\n\t\t\t\t<div class=\"elementor-element elementor-element-55eca64 elementor-widget__width-initial elementor-widget-tablet__width-inherit elementor-widget-mobile__width-inherit elementor-widget elementor-widget-text-editor\" data-id=\"55eca64\" data-element_type=\"widget\" data-widget_type=\"text-editor.default\">\n\t\t\t\t<div class=\"elementor-widget-container\">\n\t\t\t\t\t\t\t\t\t<div class=\"gdlr-core-pbf-element\"><div class=\"gdlr-core-title-item gdlr-core-item-pdb clearfix gdlr-core-left-align gdlr-core-title-item-caption-top gdlr-core-item-pdlr\"><div class=\"gdlr-core-title-item-title-wrap \"><p>A Wocopa, com a sua experiente equipa de mais de 30 anos em neg\u00f3cios internacionais e a sua empresa sediada em Londres, fornece solu\u00e7\u00f5es inovadoras a clientes em todo o mundo. Oferecendo servi\u00e7os de ponta a ponta a investidores, empres\u00e1rios e profissionais de neg\u00f3cios, a Wocopa possui uma rede que abrange mais de 100 pa\u00edses e concluiu com sucesso mais de mil projetos.<\/p><p>A Wocopa realizou com sucesso atividades de forma\u00e7\u00e3o de empresas, abertura de contas banc\u00e1rias e processos de cr\u00e9dito para mais de 200 empres\u00e1rios no estrangeiro; obteve mais de 500 autoriza\u00e7\u00f5es de resid\u00eancia; facilitou a aprova\u00e7\u00e3o de mais de 100 projetos e a conclus\u00e3o de servi\u00e7os de especializa\u00e7\u00e3o em produtos e prestou apoio de consultoria estrat\u00e9gica a mais de 1000 clientes.<\/p><p>Com uma ampla gama de servi\u00e7os, incluindo consultoria, com\u00e9rcio internacional, networking, oportunidades Wocopa e academia, a Wocopa oferece sua experi\u00eancia a profissionais de neg\u00f3cios, empreendedores e investidores que desejam estabelecer e expandir seus neg\u00f3cios. Atrav\u00e9s da sua equipa de especialistas e parceiros de solu\u00e7\u00f5es, a Wocopa apoia os seus clientes na gera\u00e7\u00e3o de solu\u00e7\u00f5es eficazes.<\/p><\/div><\/div><\/div>\t\t\t\t\t\t\t\t<\/div>\n\t\t\t\t<\/div>\n\t\t\t\t\t<\/div>\n\t\t<\/div>\n\t\t\t\t\t<\/div>\n\t\t<\/section>\n\t\t\t\t<section class=\"elementor-section elementor-top-section elementor-element elementor-element-bfe2dd8 elementor-section-boxed elementor-section-height-default elementor-section-height-default\" data-id=\"bfe2dd8\" data-element_type=\"section\">\n\t\t\t\t\t\t<div class=\"elementor-container elementor-column-gap-default\">\n\t\t\t\t\t<div class=\"elementor-column elementor-col-50 elementor-top-column elementor-element elementor-element-2ae0c95\" data-id=\"2ae0c95\" data-element_type=\"column\">\n\t\t\t<div class=\"elementor-widget-wrap elementor-element-populated\">\n\t\t\t\t\t\t<div class=\"elementor-element elementor-element-e1d1c8e elementor-widget elementor-widget-heading\" data-id=\"e1d1c8e\" data-element_type=\"widget\" data-widget_type=\"heading.default\">\n\t\t\t\t<div class=\"elementor-widget-container\">\n\t\t\t\t\t<h5 class=\"elementor-heading-title elementor-size-default\">A Nossa Miss\u00e3o<\/h5>\t\t\t\t<\/div>\n\t\t\t\t<\/div>\n\t\t\t\t<div class=\"elementor-element elementor-element-612cfb5 elementor-widget elementor-widget-heading\" data-id=\"612cfb5\" data-element_type=\"widget\" data-widget_type=\"heading.default\">\n\t\t\t\t<div class=\"elementor-widget-container\">\n\t\t\t\t\t<h2 class=\"elementor-heading-title elementor-size-default\">O QUE FAZEMOS<\/h2>\t\t\t\t<\/div>\n\t\t\t\t<\/div>\n\t\t\t\t<div class=\"elementor-element elementor-element-4a26d39 elementor-widget__width-initial elementor-widget-tablet__width-inherit elementor-widget-mobile__width-inherit elementor-widget elementor-widget-text-editor\" data-id=\"4a26d39\" data-element_type=\"widget\" data-widget_type=\"text-editor.default\">\n\t\t\t\t<div class=\"elementor-widget-container\">\n\t\t\t\t\t\t\t\t\t<div class=\"gdlr-core-pbf-element\"><div class=\"gdlr-core-title-item gdlr-core-item-pdb clearfix gdlr-core-left-align gdlr-core-title-item-caption-top gdlr-core-item-pdlr\"><div class=\"gdlr-core-title-item-title-wrap \"><p>A principal miss\u00e3o da Wocopa \u00e9 transformar a globaliza\u00e7\u00e3o em igualdade de oportunidades, acompanhando de perto os avan\u00e7os tecnol\u00f3gicos e ajudando as empresas locais a romper fronteiras e expandir globalmente da forma mais f\u00e1cil e r\u00e1pida poss\u00edvel.<\/p><\/div><\/div><\/div>\t\t\t\t\t\t\t\t<\/div>\n\t\t\t\t<\/div>\n\t\t\t\t\t<\/div>\n\t\t<\/div>\n\t\t\t\t<div class=\"elementor-column elementor-col-50 elementor-top-column elementor-element elementor-element-fe974da\" data-id=\"fe974da\" data-element_type=\"column\">\n\t\t\t<div class=\"elementor-widget-wrap elementor-element-populated\">\n\t\t\t\t\t\t<div class=\"elementor-element elementor-element-2250ab2 elementor-widget elementor-widget-image\" data-id=\"2250ab2\" data-element_type=\"widget\" data-widget_type=\"image.default\">\n\t\t\t\t<div class=\"elementor-widget-container\">\n\t\t\t\t\t\t\t\t\t\t\t\t\t\t\t<img decoding=\"async\" width=\"901\" height=\"597\" src=\"https:\/\/wocopa.com\/wp-content\/uploads\/2023\/03\/about-us-2-1.png\" class=\"attachment-full size-full wp-image-7372\" alt=\"\" srcset=\"https:\/\/wocopa.com\/wp-content\/uploads\/2023\/03\/about-us-2-1.png 901w, https:\/\/wocopa.com\/wp-content\/uploads\/2023\/03\/about-us-2-1-300x199.png 300w, https:\/\/wocopa.com\/wp-content\/uploads\/2023\/03\/about-us-2-1-768x509.png 768w, https:\/\/wocopa.com\/wp-content\/uploads\/2023\/03\/about-us-2-1-650x431.png 650w\" sizes=\"(max-width: 901px) 100vw, 901px\" \/>\t\t\t\t\t\t\t\t\t\t\t\t\t\t\t<\/div>\n\t\t\t\t<\/div>\n\t\t\t\t\t<\/div>\n\t\t<\/div>\n\t\t\t\t\t<\/div>\n\t\t<\/section>\n\t\t\t\t<section class=\"elementor-section elementor-top-section elementor-element elementor-element-a2f271d elementor-section-boxed elementor-section-height-default elementor-section-height-default\" data-id=\"a2f271d\" data-element_type=\"section\">\n\t\t\t\t\t\t<div class=\"elementor-container elementor-column-gap-default\">\n\t\t\t\t\t<div class=\"elementor-column elementor-col-100 elementor-top-column elementor-element elementor-element-eaf6044\" data-id=\"eaf6044\" data-element_type=\"column\">\n\t\t\t<div class=\"elementor-widget-wrap\">\n\t\t\t\t\t\t\t<\/div>\n\t\t<\/div>\n\t\t\t\t\t<\/div>\n\t\t<\/section>\n\t\t\t\t<section class=\"elementor-section elementor-top-section elementor-element elementor-element-f147896 elementor-section-boxed elementor-section-height-default elementor-section-height-default\" data-id=\"f147896\" data-element_type=\"section\">\n\t\t\t\t\t\t<div class=\"elementor-container elementor-column-gap-default\">\n\t\t\t\t\t<div class=\"elementor-column elementor-col-100 elementor-top-column elementor-element elementor-element-7066cd4\" data-id=\"7066cd4\" data-element_type=\"column\">\n\t\t\t<div class=\"elementor-widget-wrap elementor-element-populated\">\n\t\t\t\t\t\t<div class=\"elementor-element elementor-element-487b679 elementor-widget elementor-widget-heading\" data-id=\"487b679\" data-element_type=\"widget\" data-widget_type=\"heading.default\">\n\t\t\t\t<div class=\"elementor-widget-container\">\n\t\t\t\t\t<h3 class=\"elementor-heading-title elementor-size-default\">A Nossa Vis\u00e3o<\/h3>\t\t\t\t<\/div>\n\t\t\t\t<\/div>\n\t\t\t\t<div class=\"elementor-element elementor-element-cec957e elementor-widget__width-initial elementor-widget-tablet__width-inherit elementor-widget-mobile__width-inherit elementor-widget elementor-widget-text-editor\" data-id=\"cec957e\" data-element_type=\"widget\" data-widget_type=\"text-editor.default\">\n\t\t\t\t<div class=\"elementor-widget-container\">\n\t\t\t\t\t\t\t\t\t<p>A Wocopa prev\u00ea a cria\u00e7\u00e3o de solu\u00e7\u00f5es para indiv\u00edduos e empresas locais para serem mais eficazes em plataformas internacionais, transformando os desafios locais em vantagens, proporcionando discrimina\u00e7\u00e3o positiva para mulheres empreendedoras e PME e oferecendo a todos os seus clientes uma experi\u00eancia de quebra de fronteiras.<\/p>\t\t\t\t\t\t\t\t<\/div>\n\t\t\t\t<\/div>\n\t\t\t\t\t<\/div>\n\t\t<\/div>\n\t\t\t\t\t<\/div>\n\t\t<\/section>\n\t\t\t\t<section class=\"elementor-section elementor-top-section elementor-element elementor-element-bbd5839 elementor-section-boxed elementor-section-height-default elementor-section-height-default\" data-id=\"bbd5839\" data-element_type=\"section\">\n\t\t\t\t\t\t<div class=\"elementor-container elementor-column-gap-default\">\n\t\t\t\t\t<div class=\"elementor-column elementor-col-100 elementor-top-column elementor-element elementor-element-1aafbc3\" data-id=\"1aafbc3\" data-element_type=\"column\">\n\t\t\t<div class=\"elementor-widget-wrap elementor-element-populated\">\n\t\t\t\t\t\t<div class=\"elementor-element elementor-element-696a293 elementor-widget elementor-widget-heading\" data-id=\"696a293\" data-element_type=\"widget\" data-widget_type=\"heading.default\">\n\t\t\t\t<div class=\"elementor-widget-container\">\n\t\t\t\t\t<h3 class=\"elementor-heading-title elementor-size-default\">WOCOPA COM V\u00cdDEOS<\/h3>\t\t\t\t<\/div>\n\t\t\t\t<\/div>\n\t\t\t\t\t<\/div>\n\t\t<\/div>\n\t\t\t\t\t<\/div>\n\t\t<\/section>\n\t\t\t\t<section class=\"elementor-section elementor-top-section elementor-element elementor-element-03fcb77 elementor-section-boxed elementor-section-height-default elementor-section-height-default\" data-id=\"03fcb77\" data-element_type=\"section\">\n\t\t\t\t\t\t<div class=\"elementor-container elementor-column-gap-default\">\n\t\t\t\t\t<div class=\"elementor-column elementor-col-33 elementor-top-column elementor-element elementor-element-a0f4695\" data-id=\"a0f4695\" data-element_type=\"column\">\n\t\t\t<div class=\"elementor-widget-wrap elementor-element-populated\">\n\t\t\t\t\t\t<div class=\"elementor-element elementor-element-0611a1e elementor-widget elementor-widget-video\" data-id=\"0611a1e\" data-element_type=\"widget\" data-settings=\"{&quot;youtube_url&quot;:&quot;https:\\\/\\\/www.youtube.com\\\/watch?v=gl784W5Don4&quot;,&quot;video_type&quot;:&quot;youtube&quot;,&quot;controls&quot;:&quot;yes&quot;}\" data-widget_type=\"video.default\">\n\t\t\t\t<div class=\"elementor-widget-container\">\n\t\t\t\t\t\t\t<div class=\"elementor-wrapper elementor-open-inline\">\n\t\t\t<div class=\"elementor-video\"><\/div>\t\t<\/div>\n\t\t\t\t\t\t<\/div>\n\t\t\t\t<\/div>\n\t\t\t\t\t<\/div>\n\t\t<\/div>\n\t\t\t\t<div class=\"elementor-column elementor-col-33 elementor-top-column elementor-element elementor-element-4ba10dd\" data-id=\"4ba10dd\" data-element_type=\"column\">\n\t\t\t<div class=\"elementor-widget-wrap elementor-element-populated\">\n\t\t\t\t\t\t<div class=\"elementor-element elementor-element-22ec0cc elementor-widget elementor-widget-video\" data-id=\"22ec0cc\" data-element_type=\"widget\" data-settings=\"{&quot;youtube_url&quot;:&quot;https:\\\/\\\/www.youtube.com\\\/watch?v=pBZE_9dLgw8&amp;ab_channel=HasanErdogan&quot;,&quot;video_type&quot;:&quot;youtube&quot;}\" data-widget_type=\"video.default\">\n\t\t\t\t<div class=\"elementor-widget-container\">\n\t\t\t\t\t\t\t<div class=\"elementor-wrapper elementor-open-inline\">\n\t\t\t<div class=\"elementor-video\"><\/div>\t\t<\/div>\n\t\t\t\t\t\t<\/div>\n\t\t\t\t<\/div>\n\t\t\t\t\t<\/div>\n\t\t<\/div>\n\t\t\t\t<div class=\"elementor-column elementor-col-33 elementor-top-column elementor-element elementor-element-4460f5f\" data-id=\"4460f5f\" data-element_type=\"column\">\n\t\t\t<div class=\"elementor-widget-wrap elementor-element-populated\">\n\t\t\t\t\t\t<div class=\"elementor-element elementor-element-c2db918 elementor-widget elementor-widget-video\" data-id=\"c2db918\" data-element_type=\"widget\" data-settings=\"{&quot;youtube_url&quot;:&quot;https:\\\/\\\/www.youtube.com\\\/watch?v=h6rTjXp6daI&quot;,&quot;video_type&quot;:&quot;youtube&quot;,&quot;controls&quot;:&quot;yes&quot;}\" data-widget_type=\"video.default\">\n\t\t\t\t<div class=\"elementor-widget-container\">\n\t\t\t\t\t\t\t<div class=\"elementor-wrapper elementor-open-inline\">\n\t\t\t<div class=\"elementor-video\"><\/div>\t\t<\/div>\n\t\t\t\t\t\t<\/div>\n\t\t\t\t<\/div>\n\t\t\t\t\t<\/div>\n\t\t<\/div>\n\t\t\t\t\t<\/div>\n\t\t<\/section>\n\t\t\t\t<section class=\"elementor-section elementor-top-section elementor-element elementor-element-7c8791e4 elementor-section-boxed elementor-section-height-default elementor-section-height-default\" data-id=\"7c8791e4\" data-element_type=\"section\" data-settings=\"{&quot;background_background&quot;:&quot;classic&quot;}\">\n\t\t\t\t\t\t\t<div class=\"elementor-background-overlay\"><\/div>\n\t\t\t\t\t\t\t<div class=\"elementor-container elementor-column-gap-default\">\n\t\t\t\t\t<div class=\"elementor-column elementor-col-25 elementor-top-column elementor-element elementor-element-1e1cc3e3 elementor-invisible\" data-id=\"1e1cc3e3\" data-element_type=\"column\" data-settings=\"{&quot;animation&quot;:&quot;fadeInUp&quot;}\">\n\t\t\t<div class=\"elementor-widget-wrap elementor-element-populated\">\n\t\t\t\t\t\t<div class=\"elementor-element elementor-element-21ac9eb elementor-widget elementor-widget-counter\" data-id=\"21ac9eb\" data-element_type=\"widget\" data-widget_type=\"counter.default\">\n\t\t\t\t<div class=\"elementor-widget-container\">\n\t\t\t\t\t\t\t<div class=\"elementor-counter\">\n\t\t\t\t\t\t<div class=\"elementor-counter-number-wrapper\">\n\t\t\t\t<span class=\"elementor-counter-number-prefix\"><\/span>\n\t\t\t\t<span class=\"elementor-counter-number\" data-duration=\"2000\" data-to-value=\"200\" data-from-value=\"0\" data-delimiter=\",\">0<\/span>\n\t\t\t\t<span class=\"elementor-counter-number-suffix\">+<\/span>\n\t\t\t<\/div>\n\t\t<\/div>\n\t\t\t\t\t\t<\/div>\n\t\t\t\t<\/div>\n\t\t\t\t<div class=\"elementor-element elementor-element-4974e5ea elementor-widget elementor-widget-text-editor\" data-id=\"4974e5ea\" data-element_type=\"widget\" data-widget_type=\"text-editor.default\">\n\t\t\t\t<div class=\"elementor-widget-container\">\n\t\t\t\t\t\t\t\t\t<p>Cria\u00e7\u00e3o \/ Transfer\u00eancia De Uma Empresa Para O Estrangeiro<\/p>\t\t\t\t\t\t\t\t<\/div>\n\t\t\t\t<\/div>\n\t\t\t\t\t<\/div>\n\t\t<\/div>\n\t\t\t\t<div class=\"elementor-column elementor-col-25 elementor-top-column elementor-element elementor-element-a58952a elementor-invisible\" data-id=\"a58952a\" data-element_type=\"column\" data-settings=\"{&quot;animation&quot;:&quot;fadeInUp&quot;}\">\n\t\t\t<div class=\"elementor-widget-wrap elementor-element-populated\">\n\t\t\t\t\t\t<div class=\"elementor-element elementor-element-d3f20a9 elementor-widget elementor-widget-counter\" data-id=\"d3f20a9\" data-element_type=\"widget\" data-widget_type=\"counter.default\">\n\t\t\t\t<div class=\"elementor-widget-container\">\n\t\t\t\t\t\t\t<div class=\"elementor-counter\">\n\t\t\t\t\t\t<div class=\"elementor-counter-number-wrapper\">\n\t\t\t\t<span class=\"elementor-counter-number-prefix\"><\/span>\n\t\t\t\t<span class=\"elementor-counter-number\" data-duration=\"2000\" data-to-value=\"500\" data-from-value=\"0\" data-delimiter=\",\">0<\/span>\n\t\t\t\t<span class=\"elementor-counter-number-suffix\">+<\/span>\n\t\t\t<\/div>\n\t\t<\/div>\n\t\t\t\t\t\t<\/div>\n\t\t\t\t<\/div>\n\t\t\t\t<div class=\"elementor-element elementor-element-3e3b65a elementor-widget elementor-widget-text-editor\" data-id=\"3e3b65a\" data-element_type=\"widget\" data-widget_type=\"text-editor.default\">\n\t\t\t\t<div class=\"elementor-widget-container\">\n\t\t\t\t\t\t\t\t\t<p>Autoriza\u00e7\u00e3o De Resid\u00eancia No Estrangeiro<\/p>\t\t\t\t\t\t\t\t<\/div>\n\t\t\t\t<\/div>\n\t\t\t\t\t<\/div>\n\t\t<\/div>\n\t\t\t\t<div class=\"elementor-column elementor-col-25 elementor-top-column elementor-element elementor-element-f3807db elementor-invisible\" data-id=\"f3807db\" data-element_type=\"column\" data-settings=\"{&quot;animation&quot;:&quot;fadeInUp&quot;}\">\n\t\t\t<div class=\"elementor-widget-wrap elementor-element-populated\">\n\t\t\t\t\t\t<div class=\"elementor-element elementor-element-e4e6601 elementor-widget elementor-widget-counter\" data-id=\"e4e6601\" data-element_type=\"widget\" data-widget_type=\"counter.default\">\n\t\t\t\t<div class=\"elementor-widget-container\">\n\t\t\t\t\t\t\t<div class=\"elementor-counter\">\n\t\t\t\t\t\t<div class=\"elementor-counter-number-wrapper\">\n\t\t\t\t<span class=\"elementor-counter-number-prefix\"><\/span>\n\t\t\t\t<span class=\"elementor-counter-number\" data-duration=\"2000\" data-to-value=\"1000\" data-from-value=\"0\" data-delimiter=\",\">0<\/span>\n\t\t\t\t<span class=\"elementor-counter-number-suffix\">+<\/span>\n\t\t\t<\/div>\n\t\t<\/div>\n\t\t\t\t\t\t<\/div>\n\t\t\t\t<\/div>\n\t\t\t\t<div class=\"elementor-element elementor-element-f2b5391 elementor-widget elementor-widget-text-editor\" data-id=\"f2b5391\" data-element_type=\"widget\" data-widget_type=\"text-editor.default\">\n\t\t\t\t<div class=\"elementor-widget-container\">\n\t\t\t\t\t\t\t\t\t<p>Apoio \u00c0 Consultoria Estrat\u00e9gica<\/p>\t\t\t\t\t\t\t\t<\/div>\n\t\t\t\t<\/div>\n\t\t\t\t\t<\/div>\n\t\t<\/div>\n\t\t\t\t<div class=\"elementor-column elementor-col-25 elementor-top-column elementor-element elementor-element-afb0824 elementor-invisible\" data-id=\"afb0824\" data-element_type=\"column\" data-settings=\"{&quot;animation&quot;:&quot;fadeInUp&quot;}\">\n\t\t\t<div class=\"elementor-widget-wrap elementor-element-populated\">\n\t\t\t\t\t\t<div class=\"elementor-element elementor-element-b80a265 elementor-widget elementor-widget-counter\" data-id=\"b80a265\" data-element_type=\"widget\" data-widget_type=\"counter.default\">\n\t\t\t\t<div class=\"elementor-widget-container\">\n\t\t\t\t\t\t\t<div class=\"elementor-counter\">\n\t\t\t\t\t\t<div class=\"elementor-counter-number-wrapper\">\n\t\t\t\t<span class=\"elementor-counter-number-prefix\"><\/span>\n\t\t\t\t<span class=\"elementor-counter-number\" data-duration=\"2000\" data-to-value=\"100\" data-from-value=\"0\" data-delimiter=\",\">0<\/span>\n\t\t\t\t<span class=\"elementor-counter-number-suffix\">+<\/span>\n\t\t\t<\/div>\n\t\t<\/div>\n\t\t\t\t\t\t<\/div>\n\t\t\t\t<\/div>\n\t\t\t\t<div class=\"elementor-element elementor-element-aedcfbe elementor-widget elementor-widget-text-editor\" data-id=\"aedcfbe\" data-element_type=\"widget\" data-widget_type=\"text-editor.default\">\n\t\t\t\t<div class=\"elementor-widget-container\">\n\t\t\t\t\t\t\t\t\t<p>Aprova\u00e7\u00e3o De Projectos \/ Investimentos Estrangeiros<\/p>\t\t\t\t\t\t\t\t<\/div>\n\t\t\t\t<\/div>\n\t\t\t\t\t<\/div>\n\t\t<\/div>\n\t\t\t\t\t<\/div>\n\t\t<\/section>\n\t\t\t\t<\/div>\n\t\t","protected":false},"excerpt":{"rendered":"<p>SOBRE N\u00d3S QUEM SOMOS A Wocopa permite aos seus clientes experienciar plenamente os benef\u00edcios da globaliza\u00e7\u00e3o, garantindo um progresso cont\u00ednuo e completo [&hellip;]<\/p>\n","protected":false},"author":2,"featured_media":0,"parent":0,"menu_order":0,"comment_status":"closed","ping_status":"closed","template":"","meta":{"footnotes":""},"class_list":["post-8537","page","type-page","status-publish","hentry"],"_links":{"self":[{"href":"https:\/\/wocopa.com\/pt-pt\/wp-json\/wp\/v2\/pages\/8537","targetHints":{"allow":["GET"]}}],"collection":[{"href":"https:\/\/wocopa.com\/pt-pt\/wp-json\/wp\/v2\/pages"}],"about":[{"href":"https:\/\/wocopa.com\/pt-pt\/wp-json\/wp\/v2\/types\/page"}],"author":[{"embeddable":true,"href":"https:\/\/wocopa.com\/pt-pt\/wp-json\/wp\/v2\/users\/2"}],"replies":[{"embeddable":true,"href":"https:\/\/wocopa.com\/pt-pt\/wp-json\/wp\/v2\/comments?post=8537"}],"version-history":[{"count":3,"href":"https:\/\/wocopa.com\/pt-pt\/wp-json\/wp\/v2\/pages\/8537\/revisions"}],"predecessor-version":[{"id":8707,"href":"https:\/\/wocopa.com\/pt-pt\/wp-json\/wp\/v2\/pages\/8537\/revisions\/8707"}],"wp:attachment":[{"href":"https:\/\/wocopa.com\/pt-pt\/wp-json\/wp\/v2\/media?parent=8537"}],"curies":[{"name":"wp","href":"https:\/\/api.w.org\/{rel}","templated":true}]}}