{"id":8560,"date":"2023-01-30T19:16:46","date_gmt":"2023-01-30T19:16:46","guid":{"rendered":"https:\/\/wocopa.com\/?page_id=8560"},"modified":"2023-03-30T17:15:25","modified_gmt":"2023-03-30T17:15:25","slug":"consultoria","status":"publish","type":"page","link":"https:\/\/wocopa.com\/pt-pt\/consultoria\/","title":{"rendered":"Consultoria"},"content":{"rendered":"\t\t<div data-elementor-type=\"wp-page\" data-elementor-id=\"8560\" class=\"elementor elementor-8560 elementor-2895\" data-elementor-post-type=\"page\">\n\t\t\t\t\t\t<section class=\"elementor-section elementor-top-section elementor-element elementor-element-409ef11 elementor-section-boxed elementor-section-height-default elementor-section-height-default\" data-id=\"409ef11\" data-element_type=\"section\" data-settings=\"{&quot;background_background&quot;:&quot;classic&quot;}\">\n\t\t\t\t\t\t<div class=\"elementor-container elementor-column-gap-default\">\n\t\t\t\t\t<div class=\"elementor-column elementor-col-100 elementor-top-column elementor-element elementor-element-58a8900\" data-id=\"58a8900\" data-element_type=\"column\">\n\t\t\t<div class=\"elementor-widget-wrap elementor-element-populated\">\n\t\t\t\t\t\t<div class=\"elementor-element elementor-element-ffe29bc elementor-widget elementor-widget-spacer\" data-id=\"ffe29bc\" data-element_type=\"widget\" data-widget_type=\"spacer.default\">\n\t\t\t\t<div class=\"elementor-widget-container\">\n\t\t\t\t\t\t\t<div class=\"elementor-spacer\">\n\t\t\t<div class=\"elementor-spacer-inner\"><\/div>\n\t\t<\/div>\n\t\t\t\t\t\t<\/div>\n\t\t\t\t<\/div>\n\t\t\t\t<section class=\"elementor-section elementor-inner-section elementor-element elementor-element-197d4b7 elementor-section-boxed elementor-section-height-default elementor-section-height-default\" data-id=\"197d4b7\" data-element_type=\"section\">\n\t\t\t\t\t\t<div class=\"elementor-container elementor-column-gap-default\">\n\t\t\t\t\t<div class=\"elementor-column elementor-col-100 elementor-inner-column elementor-element elementor-element-1ca291f\" data-id=\"1ca291f\" data-element_type=\"column\">\n\t\t\t<div class=\"elementor-widget-wrap elementor-element-populated\">\n\t\t\t\t\t\t<div class=\"elementor-element elementor-element-a084f34 elementor-widget elementor-widget-heading\" data-id=\"a084f34\" data-element_type=\"widget\" data-widget_type=\"heading.default\">\n\t\t\t\t<div class=\"elementor-widget-container\">\n\t\t\t\t\t<h2 class=\"elementor-heading-title elementor-size-default\">CONSULTORIA<\/h2>\t\t\t\t<\/div>\n\t\t\t\t<\/div>\n\t\t\t\t\t<\/div>\n\t\t<\/div>\n\t\t\t\t\t<\/div>\n\t\t<\/section>\n\t\t\t\t\t<\/div>\n\t\t<\/div>\n\t\t\t\t\t<\/div>\n\t\t<\/section>\n\t\t\t\t<section class=\"elementor-section elementor-top-section elementor-element elementor-element-3cb55027 elementor-reverse-mobile elementor-section-boxed elementor-section-height-default elementor-section-height-default\" data-id=\"3cb55027\" data-element_type=\"section\">\n\t\t\t\t\t\t<div class=\"elementor-container elementor-column-gap-default\">\n\t\t\t\t\t<div class=\"elementor-column elementor-col-100 elementor-top-column elementor-element elementor-element-858c391\" data-id=\"858c391\" data-element_type=\"column\">\n\t\t\t<div class=\"elementor-widget-wrap elementor-element-populated\">\n\t\t\t\t\t\t<div class=\"elementor-element elementor-element-d3be269 elementor-widget elementor-widget-heading\" data-id=\"d3be269\" data-element_type=\"widget\" data-widget_type=\"heading.default\">\n\t\t\t\t<div class=\"elementor-widget-container\">\n\t\t\t\t\t<h3 class=\"elementor-heading-title elementor-size-default\">Selecione Um Servi\u00e7o De Consultoria<\/h3>\t\t\t\t<\/div>\n\t\t\t\t<\/div>\n\t\t\t\t<div class=\"elementor-element elementor-element-3aeb039 elementor-widget elementor-widget-elementskit-page-list\" data-id=\"3aeb039\" data-element_type=\"widget\" data-widget_type=\"elementskit-page-list.default\">\n\t\t\t\t<div class=\"elementor-widget-container\">\n\t\t\t\t\t<div class=\"ekit-wid-con\" >\t\t<div class=\"elementor-icon-list-items \">\n\t\t\t\t\t<\/div>\n\t\t<\/div>\t\t\t\t<\/div>\n\t\t\t\t<\/div>\n\t\t\t\t<div class=\"elementor-element elementor-element-b6f1fea hfe-nav-menu__breakpoint-none hfe-nav-menu__align-left hfe-submenu-icon-arrow hfe-link-redirect-child elementor-widget elementor-widget-navigation-menu\" data-id=\"b6f1fea\" data-element_type=\"widget\" data-settings=\"{&quot;padding_horizontal_menu_item&quot;:{&quot;unit&quot;:&quot;px&quot;,&quot;size&quot;:15,&quot;sizes&quot;:[]},&quot;padding_horizontal_menu_item_tablet&quot;:{&quot;unit&quot;:&quot;px&quot;,&quot;size&quot;:&quot;&quot;,&quot;sizes&quot;:[]},&quot;padding_horizontal_menu_item_mobile&quot;:{&quot;unit&quot;:&quot;px&quot;,&quot;size&quot;:&quot;&quot;,&quot;sizes&quot;:[]},&quot;padding_vertical_menu_item&quot;:{&quot;unit&quot;:&quot;px&quot;,&quot;size&quot;:15,&quot;sizes&quot;:[]},&quot;padding_vertical_menu_item_tablet&quot;:{&quot;unit&quot;:&quot;px&quot;,&quot;size&quot;:&quot;&quot;,&quot;sizes&quot;:[]},&quot;padding_vertical_menu_item_mobile&quot;:{&quot;unit&quot;:&quot;px&quot;,&quot;size&quot;:&quot;&quot;,&quot;sizes&quot;:[]},&quot;menu_space_between&quot;:{&quot;unit&quot;:&quot;px&quot;,&quot;size&quot;:&quot;&quot;,&quot;sizes&quot;:[]},&quot;menu_space_between_tablet&quot;:{&quot;unit&quot;:&quot;px&quot;,&quot;size&quot;:&quot;&quot;,&quot;sizes&quot;:[]},&quot;menu_space_between_mobile&quot;:{&quot;unit&quot;:&quot;px&quot;,&quot;size&quot;:&quot;&quot;,&quot;sizes&quot;:[]},&quot;dropdown_border_radius&quot;:{&quot;unit&quot;:&quot;px&quot;,&quot;top&quot;:&quot;&quot;,&quot;right&quot;:&quot;&quot;,&quot;bottom&quot;:&quot;&quot;,&quot;left&quot;:&quot;&quot;,&quot;isLinked&quot;:true},&quot;dropdown_border_radius_tablet&quot;:{&quot;unit&quot;:&quot;px&quot;,&quot;top&quot;:&quot;&quot;,&quot;right&quot;:&quot;&quot;,&quot;bottom&quot;:&quot;&quot;,&quot;left&quot;:&quot;&quot;,&quot;isLinked&quot;:true},&quot;dropdown_border_radius_mobile&quot;:{&quot;unit&quot;:&quot;px&quot;,&quot;top&quot;:&quot;&quot;,&quot;right&quot;:&quot;&quot;,&quot;bottom&quot;:&quot;&quot;,&quot;left&quot;:&quot;&quot;,&quot;isLinked&quot;:true},&quot;padding_horizontal_dropdown_item&quot;:{&quot;unit&quot;:&quot;px&quot;,&quot;size&quot;:&quot;&quot;,&quot;sizes&quot;:[]},&quot;padding_horizontal_dropdown_item_tablet&quot;:{&quot;unit&quot;:&quot;px&quot;,&quot;size&quot;:&quot;&quot;,&quot;sizes&quot;:[]},&quot;padding_horizontal_dropdown_item_mobile&quot;:{&quot;unit&quot;:&quot;px&quot;,&quot;size&quot;:&quot;&quot;,&quot;sizes&quot;:[]},&quot;padding_vertical_dropdown_item&quot;:{&quot;unit&quot;:&quot;px&quot;,&quot;size&quot;:15,&quot;sizes&quot;:[]},&quot;padding_vertical_dropdown_item_tablet&quot;:{&quot;unit&quot;:&quot;px&quot;,&quot;size&quot;:&quot;&quot;,&quot;sizes&quot;:[]},&quot;padding_vertical_dropdown_item_mobile&quot;:{&quot;unit&quot;:&quot;px&quot;,&quot;size&quot;:&quot;&quot;,&quot;sizes&quot;:[]},&quot;distance_from_menu&quot;:{&quot;unit&quot;:&quot;px&quot;,&quot;size&quot;:&quot;&quot;,&quot;sizes&quot;:[]},&quot;distance_from_menu_tablet&quot;:{&quot;unit&quot;:&quot;px&quot;,&quot;size&quot;:&quot;&quot;,&quot;sizes&quot;:[]},&quot;distance_from_menu_mobile&quot;:{&quot;unit&quot;:&quot;px&quot;,&quot;size&quot;:&quot;&quot;,&quot;sizes&quot;:[]},&quot;toggle_size&quot;:{&quot;unit&quot;:&quot;px&quot;,&quot;size&quot;:&quot;&quot;,&quot;sizes&quot;:[]},&quot;toggle_size_tablet&quot;:{&quot;unit&quot;:&quot;px&quot;,&quot;size&quot;:&quot;&quot;,&quot;sizes&quot;:[]},&quot;toggle_size_mobile&quot;:{&quot;unit&quot;:&quot;px&quot;,&quot;size&quot;:&quot;&quot;,&quot;sizes&quot;:[]},&quot;toggle_border_width&quot;:{&quot;unit&quot;:&quot;px&quot;,&quot;size&quot;:&quot;&quot;,&quot;sizes&quot;:[]},&quot;toggle_border_width_tablet&quot;:{&quot;unit&quot;:&quot;px&quot;,&quot;size&quot;:&quot;&quot;,&quot;sizes&quot;:[]},&quot;toggle_border_width_mobile&quot;:{&quot;unit&quot;:&quot;px&quot;,&quot;size&quot;:&quot;&quot;,&quot;sizes&quot;:[]},&quot;toggle_border_radius&quot;:{&quot;unit&quot;:&quot;px&quot;,&quot;size&quot;:&quot;&quot;,&quot;sizes&quot;:[]},&quot;toggle_border_radius_tablet&quot;:{&quot;unit&quot;:&quot;px&quot;,&quot;size&quot;:&quot;&quot;,&quot;sizes&quot;:[]},&quot;toggle_border_radius_mobile&quot;:{&quot;unit&quot;:&quot;px&quot;,&quot;size&quot;:&quot;&quot;,&quot;sizes&quot;:[]}}\" data-widget_type=\"navigation-menu.default\">\n\t\t\t\t<div class=\"elementor-widget-container\">\n\t\t\t\t\t\t\t\t<div class=\"hfe-nav-menu hfe-layout-vertical hfe-nav-menu-layout vertical\" data-layout=\"vertical\">\n\t\t\t\t<div role=\"button\" class=\"hfe-nav-menu__toggle elementor-clickable\" tabindex=\"0\" aria-label=\"Menu Toggle\">\n\t\t\t\t\t<span class=\"screen-reader-text\">Menu<\/span>\n\t\t\t\t\t<div class=\"hfe-nav-menu-icon\">\n\t\t\t\t\t\t\t\t\t\t\t<\/div>\n\t\t\t\t<\/div>\n\t\t\t\t<nav class=\"hfe-nav-menu__layout-vertical hfe-nav-menu__submenu-arrow\" data-toggle-icon=\"\" data-close-icon=\"\" data-full-width=\"\">\n\t\t\t\t\t<ul id=\"menu-1-b6f1fea\" class=\"hfe-nav-menu\"><li id=\"menu-item-8652\" class=\"menu-item menu-item-type-post_type menu-item-object-page parent hfe-creative-menu\"><a href=\"https:\/\/wocopa.com\/pt-pt\/transaccoes-de-residencia-e-cidadania-no-estrangeiro\/\" class = \"hfe-menu-item\">Transac\u00e7\u00f5es De Resid\u00eancia E Cidadania No Estrangeiro\u200b<\/a><\/li>\n<li id=\"menu-item-8653\" class=\"menu-item menu-item-type-post_type menu-item-object-page parent hfe-creative-menu\"><a href=\"https:\/\/wocopa.com\/pt-pt\/golden-visa\/\" class = \"hfe-menu-item\">Golden Visa<\/a><\/li>\n<li id=\"menu-item-9036\" class=\"menu-item menu-item-type-post_type menu-item-object-page parent hfe-creative-menu\"><a href=\"https:\/\/wocopa.com\/pt-pt\/carreira-alemanha\/\" class = \"hfe-menu-item\">Carreira Alemanha<\/a><\/li>\n<li id=\"menu-item-8654\" class=\"menu-item menu-item-type-post_type menu-item-object-page parent hfe-creative-menu\"><a href=\"https:\/\/wocopa.com\/pt-pt\/aquisicao-de-instalacoes-e-imoveis-no-estrangeiro\/\" class = \"hfe-menu-item\">Aquisi\u00e7\u00e3o De Instala\u00e7\u00f5es E Im\u00f3veis No Estrangeiro<\/a><\/li>\n<li id=\"menu-item-8655\" class=\"menu-item menu-item-type-post_type menu-item-object-page parent hfe-creative-menu\"><a href=\"https:\/\/wocopa.com\/pt-pt\/abertura-de-uma-conta-bancaria-no-estrangeiro-e-pedido-de-emprestimo\/\" class = \"hfe-menu-item\">Abertura De Uma Conta Banc\u00e1ria No Estrangeiro E Pedido De Empr\u00e9stimo<\/a><\/li>\n<li id=\"menu-item-8656\" class=\"menu-item menu-item-type-post_type menu-item-object-page parent hfe-creative-menu\"><a href=\"https:\/\/wocopa.com\/pt-pt\/criacao-de-uma-empresa-no-estrangeiro-e-transferencia-de-uma-empresa-para-o-estrangeiro\/\" class = \"hfe-menu-item\">Cria\u00e7\u00e3o de uma empresa no estrangeiro e Transfer\u00eancia de uma empresa para o estrangeiro<\/a><\/li>\n<li id=\"menu-item-8657\" class=\"menu-item menu-item-type-post_type menu-item-object-page parent hfe-creative-menu\"><a href=\"https:\/\/wocopa.com\/pt-pt\/consultoria-em-educacao\/\" class = \"hfe-menu-item\">Consultoria Em Educa\u00e7\u00e3o<\/a><\/li>\n<li id=\"menu-item-8658\" class=\"menu-item menu-item-type-post_type menu-item-object-page parent hfe-creative-menu\"><a href=\"https:\/\/wocopa.com\/pt-pt\/servicos-de-ti-e-redes-sociais-e-relacoes-publicas\/\" class = \"hfe-menu-item\">Servi\u00e7os de TI e redes sociais e Rela\u00e7\u00f5es P\u00fablicas<\/a><\/li>\n<li id=\"menu-item-8659\" class=\"menu-item menu-item-type-post_type menu-item-object-page parent hfe-creative-menu\"><a href=\"https:\/\/wocopa.com\/pt-pt\/servicos-de-apoio-informatico\/\" class = \"hfe-menu-item\">Servi\u00e7os de Apoio Inform\u00e1tico<\/a><\/li>\n<li id=\"menu-item-8660\" class=\"menu-item menu-item-type-post_type menu-item-object-page parent hfe-creative-menu\"><a href=\"https:\/\/wocopa.com\/pt-pt\/obtencao-de-passaporte-diplomatico\/\" class = \"hfe-menu-item\">Obten\u00e7\u00e3o De Passaporte Diplom\u00e1tico<\/a><\/li>\n<li id=\"menu-item-8661\" class=\"menu-item menu-item-type-post_type menu-item-object-page parent hfe-creative-menu\"><a href=\"https:\/\/wocopa.com\/pt-pt\/processos-de-vistos-comerciais\/\" class = \"hfe-menu-item\">Processos De Vistos Comerciais<\/a><\/li>\n<li id=\"menu-item-8662\" class=\"menu-item menu-item-type-post_type menu-item-object-page parent hfe-creative-menu\"><a href=\"https:\/\/wocopa.com\/pt-pt\/abroad-company-management-support\/\" class = \"hfe-menu-item\">Apoio \u00c0 Gest\u00e3o De Empresas No Estrangeiro<\/a><\/li>\n<li id=\"menu-item-8663\" class=\"menu-item menu-item-type-post_type menu-item-object-page parent hfe-creative-menu\"><a href=\"https:\/\/wocopa.com\/pt-pt\/aluguer-de-um-residente-e-escritorio-virtual-no-estrangeiro\/\" class = \"hfe-menu-item\">Aluguer De Um Residente E Escrit\u00f3rio Virtual No Estrangeiro<\/a><\/li>\n<li id=\"menu-item-8664\" class=\"menu-item menu-item-type-post_type menu-item-object-page parent hfe-creative-menu\"><a href=\"https:\/\/wocopa.com\/pt-pt\/consultoria-em-comercio-internacional-e-marketing\/\" class = \"hfe-menu-item\">Consultoria Em Com\u00e9rcio Internacional E Marketing<\/a><\/li>\n<li id=\"menu-item-8665\" class=\"menu-item menu-item-type-post_type menu-item-object-page parent hfe-creative-menu\"><a href=\"https:\/\/wocopa.com\/pt-pt\/direito-comercial-e-servicos-de-advocacia\/\" class = \"hfe-menu-item\">Direito Comercial E Servi\u00e7os De Advocacia<\/a><\/li>\n<li id=\"menu-item-8666\" class=\"menu-item menu-item-type-post_type menu-item-object-page parent hfe-creative-menu\"><a href=\"https:\/\/wocopa.com\/pt-pt\/viabilidade-e-preparacao-do-plano-de-negocios\/\" class = \"hfe-menu-item\">Viabilidade e prepara\u00e7\u00e3o do plano de neg\u00f3cios<\/a><\/li>\n<li id=\"menu-item-8667\" class=\"menu-item menu-item-type-post_type menu-item-object-page parent hfe-creative-menu\"><a href=\"https:\/\/wocopa.com\/pt-pt\/consultoria-de-investimento\/\" class = \"hfe-menu-item\">Consultoria De Investimento<\/a><\/li>\n<li id=\"menu-item-8668\" class=\"menu-item menu-item-type-post_type menu-item-object-page parent hfe-creative-menu\"><a href=\"https:\/\/wocopa.com\/pt-pt\/consultoria-em-cadeia-de-abastecimento-e-aquisicoes\/\" class = \"hfe-menu-item\">Consultoria Em Cadeia De Abastecimento E Aquisi\u00e7\u00f5es<\/a><\/li>\n<li id=\"menu-item-8669\" class=\"menu-item menu-item-type-post_type menu-item-object-page parent hfe-creative-menu\"><a href=\"https:\/\/wocopa.com\/pt-pt\/traducao\/\" class = \"hfe-menu-item\">Traducao<\/a><\/li>\n<li id=\"menu-item-8670\" class=\"menu-item menu-item-type-post_type menu-item-object-page parent hfe-creative-menu\"><a href=\"https:\/\/wocopa.com\/pt-pt\/consultoria-em-id-de-produtos-e-projectos\/\" class = \"hfe-menu-item\">Consultoria Em I&#038;D De Produtos E Projectos<\/a><\/li>\n<li id=\"menu-item-8671\" class=\"menu-item menu-item-type-post_type menu-item-object-page parent hfe-creative-menu\"><a href=\"https:\/\/wocopa.com\/pt-pt\/project-management\/\" class = \"hfe-menu-item\">Project Management<\/a><\/li>\n<li id=\"menu-item-8672\" class=\"menu-item menu-item-type-post_type menu-item-object-page parent hfe-creative-menu\"><a href=\"https:\/\/wocopa.com\/pt-pt\/aplicacao-de-fundos-subvencoes-investimentos-e-incentivos\/\" class = \"hfe-menu-item\">Aplica\u00e7\u00e3o de fundos, subven\u00e7\u00f5es, investimentos e incentivos<\/a><\/li>\n<li id=\"menu-item-8673\" class=\"menu-item menu-item-type-post_type menu-item-object-page parent hfe-creative-menu\"><a href=\"https:\/\/wocopa.com\/pt-pt\/procedimentos-de-licenciamento-e-registo-de-marcas\/\" class = \"hfe-menu-item\">Procedimentos De Licenciamento E Registo De Marcas<\/a><\/li>\n<li id=\"menu-item-8674\" class=\"menu-item menu-item-type-post_type menu-item-object-page parent hfe-creative-menu\"><a href=\"https:\/\/wocopa.com\/pt-pt\/patente\/\" class = \"hfe-menu-item\">Patente<\/a><\/li>\n<li id=\"menu-item-10698\" class=\"menu-item menu-item-type-post_type menu-item-object-page parent hfe-creative-menu\"><a href=\"https:\/\/wocopa.com\/pt-pt\/academia-wocopa\/\" class = \"hfe-menu-item\">Academia Wocopa<\/a><\/li>\n<\/ul> \n\t\t\t\t<\/nav>\n\t\t\t<\/div>\n\t\t\t\t\t\t\t<\/div>\n\t\t\t\t<\/div>\n\t\t\t\t<section class=\"elementor-section elementor-inner-section elementor-element elementor-element-f640d8 elementor-section-boxed elementor-section-height-default elementor-section-height-default\" data-id=\"f640d8\" data-element_type=\"section\">\n\t\t\t\t\t\t<div class=\"elementor-container elementor-column-gap-default\">\n\t\t\t\t\t<div class=\"elementor-column elementor-col-100 elementor-inner-column elementor-element elementor-element-0bc3993\" data-id=\"0bc3993\" data-element_type=\"column\">\n\t\t\t<div class=\"elementor-widget-wrap\">\n\t\t\t\t\t\t\t<\/div>\n\t\t<\/div>\n\t\t\t\t\t<\/div>\n\t\t<\/section>\n\t\t\t\t\t<\/div>\n\t\t<\/div>\n\t\t\t\t\t<\/div>\n\t\t<\/section>\n\t\t\t\t<\/div>\n\t\t","protected":false},"excerpt":{"rendered":"<p>CONSULTORIA Selecione Um Servi\u00e7o De Consultoria Transac\u00e7\u00f5es De Resid\u00eancia E Cidadania No Estrangeiro\u200b Golden Visa Aquisi\u00e7\u00e3o De Instala\u00e7\u00f5es E Im\u00f3veis No Estrangeiro [&hellip;]<\/p>\n","protected":false},"author":2,"featured_media":0,"parent":0,"menu_order":0,"comment_status":"closed","ping_status":"closed","template":"","meta":{"footnotes":""},"class_list":["post-8560","page","type-page","status-publish","hentry"],"_links":{"self":[{"href":"https:\/\/wocopa.com\/pt-pt\/wp-json\/wp\/v2\/pages\/8560","targetHints":{"allow":["GET"]}}],"collection":[{"href":"https:\/\/wocopa.com\/pt-pt\/wp-json\/wp\/v2\/pages"}],"about":[{"href":"https:\/\/wocopa.com\/pt-pt\/wp-json\/wp\/v2\/types\/page"}],"author":[{"embeddable":true,"href":"https:\/\/wocopa.com\/pt-pt\/wp-json\/wp\/v2\/users\/2"}],"replies":[{"embeddable":true,"href":"https:\/\/wocopa.com\/pt-pt\/wp-json\/wp\/v2\/comments?post=8560"}],"version-history":[{"count":4,"href":"https:\/\/wocopa.com\/pt-pt\/wp-json\/wp\/v2\/pages\/8560\/revisions"}],"predecessor-version":[{"id":8741,"href":"https:\/\/wocopa.com\/pt-pt\/wp-json\/wp\/v2\/pages\/8560\/revisions\/8741"}],"wp:attachment":[{"href":"https:\/\/wocopa.com\/pt-pt\/wp-json\/wp\/v2\/media?parent=8560"}],"curies":[{"name":"wp","href":"https:\/\/api.w.org\/{rel}","templated":true}]}}