{"id":7509,"date":"2023-01-01T23:25:17","date_gmt":"2023-01-01T23:25:17","guid":{"rendered":"https:\/\/wocopa.com\/?page_id=7509"},"modified":"2023-03-24T23:26:22","modified_gmt":"2023-03-24T23:26:22","slug":"partnerimiz-ol","status":"publish","type":"page","link":"https:\/\/wocopa.com\/tr\/partnerimiz-ol\/","title":{"rendered":"Partnerimiz Ol"},"content":{"rendered":"\t\t<div data-elementor-type=\"wp-page\" data-elementor-id=\"7509\" class=\"elementor elementor-7509 elementor-271\" data-elementor-post-type=\"page\">\n\t\t\t\t\t\t<section class=\"elementor-section elementor-top-section elementor-element elementor-element-073d53e elementor-section-boxed elementor-section-height-default elementor-section-height-default\" data-id=\"073d53e\" data-element_type=\"section\" data-settings=\"{&quot;background_background&quot;:&quot;classic&quot;}\">\n\t\t\t\t\t\t<div class=\"elementor-container elementor-column-gap-default\">\n\t\t\t\t\t<div class=\"elementor-column elementor-col-100 elementor-top-column elementor-element elementor-element-b95aee0\" data-id=\"b95aee0\" data-element_type=\"column\">\n\t\t\t<div class=\"elementor-widget-wrap elementor-element-populated\">\n\t\t\t\t\t\t<div class=\"elementor-element elementor-element-1fb0d2a elementor-widget elementor-widget-spacer\" data-id=\"1fb0d2a\" data-element_type=\"widget\" data-widget_type=\"spacer.default\">\n\t\t\t\t<div class=\"elementor-widget-container\">\n\t\t\t\t\t\t\t<div class=\"elementor-spacer\">\n\t\t\t<div class=\"elementor-spacer-inner\"><\/div>\n\t\t<\/div>\n\t\t\t\t\t\t<\/div>\n\t\t\t\t<\/div>\n\t\t\t\t<section class=\"elementor-section elementor-inner-section elementor-element elementor-element-d688fc5 elementor-section-boxed elementor-section-height-default elementor-section-height-default\" data-id=\"d688fc5\" data-element_type=\"section\">\n\t\t\t\t\t\t<div class=\"elementor-container elementor-column-gap-default\">\n\t\t\t\t\t<div class=\"elementor-column elementor-col-100 elementor-inner-column elementor-element elementor-element-d904213\" data-id=\"d904213\" data-element_type=\"column\">\n\t\t\t<div class=\"elementor-widget-wrap elementor-element-populated\">\n\t\t\t\t\t\t<div class=\"elementor-element elementor-element-f2b815f elementor-widget elementor-widget-heading\" data-id=\"f2b815f\" data-element_type=\"widget\" data-widget_type=\"heading.default\">\n\t\t\t\t<div class=\"elementor-widget-container\">\n\t\t\t\t\t<h2 class=\"elementor-heading-title elementor-size-default\">PARTNER\u0130M\u0130Z OL<\/h2>\t\t\t\t<\/div>\n\t\t\t\t<\/div>\n\t\t\t\t\t<\/div>\n\t\t<\/div>\n\t\t\t\t\t<\/div>\n\t\t<\/section>\n\t\t\t\t\t<\/div>\n\t\t<\/div>\n\t\t\t\t\t<\/div>\n\t\t<\/section>\n\t\t\t\t<section class=\"elementor-section elementor-top-section elementor-element elementor-element-63830c2 elementor-reverse-mobile elementor-section-boxed elementor-section-height-default elementor-section-height-default\" data-id=\"63830c2\" data-element_type=\"section\">\n\t\t\t\t\t\t<div class=\"elementor-container elementor-column-gap-default\">\n\t\t\t\t\t<div class=\"elementor-column elementor-col-50 elementor-top-column elementor-element elementor-element-f0e3dd8\" data-id=\"f0e3dd8\" data-element_type=\"column\">\n\t\t\t<div class=\"elementor-widget-wrap elementor-element-populated\">\n\t\t\t\t\t\t<div class=\"elementor-element elementor-element-590c331 elementor-hidden-mobile elementor-widget elementor-widget-heading\" data-id=\"590c331\" data-element_type=\"widget\" data-widget_type=\"heading.default\">\n\t\t\t\t<div class=\"elementor-widget-container\">\n\t\t\t\t\t<h3 class=\"elementor-heading-title elementor-size-default\">PARTNER\u0130M\u0130Z OL<\/h3>\t\t\t\t<\/div>\n\t\t\t\t<\/div>\n\t\t\t\t<div class=\"elementor-element elementor-element-1c241af elementor-widget elementor-widget-text-editor\" data-id=\"1c241af\" data-element_type=\"widget\" data-widget_type=\"text-editor.default\">\n\t\t\t\t<div class=\"elementor-widget-container\">\n\t\t\t\t\t\t\t\t\t<div class=\"gdlr-core-blockquote-item-content gdlr-core-skin-content\"><p>Wocopa, sitenin her t\u00fcrl\u00fc hizmetini, \u00fcr\u00fcn\u00fcn\u00fc, g\u00f6rselini, formunu, sertifikas\u0131n\u0131, kullan\u0131m ko\u015fullar\u0131n\u0131 ve sitede sunulan bilgileri \u00f6nceden haber vermeksizin de\u011fi\u015ftirme, siteyi yeniden d\u00fczenleme, bu sitede ve uzant\u0131s\u0131nda bulunan yay\u0131n\u0131 durdurma hakk\u0131n\u0131 sakl\u0131 tutar.<\/p><p>Wocopa INC<\/p><\/div>\t\t\t\t\t\t\t\t<\/div>\n\t\t\t\t<\/div>\n\t\t\t\t<div class=\"elementor-element elementor-element-1379f82 elementor-hidden-desktop elementor-hidden-tablet elementor-widget elementor-widget-heading\" data-id=\"1379f82\" data-element_type=\"widget\" data-widget_type=\"heading.default\">\n\t\t\t\t<div class=\"elementor-widget-container\">\n\t\t\t\t\t<h2 class=\"elementor-heading-title elementor-size-default\"><a href=\"https:\/\/wocopa.com\/be-our-networker\/\">Networker Kimdir<\/a><\/h2>\t\t\t\t<\/div>\n\t\t\t\t<\/div>\n\t\t\t\t<div class=\"elementor-element elementor-element-4bf4575 elementor-hidden-desktop elementor-hidden-tablet elementor-widget elementor-widget-text-editor\" data-id=\"4bf4575\" data-element_type=\"widget\" data-widget_type=\"text-editor.default\">\n\t\t\t\t<div class=\"elementor-widget-container\">\n\t\t\t\t\t\t\t\t\t<p>Networker, yat\u0131r\u0131mc\u0131lar\u0131, giri\u015fimcileri, \u00fcreticileri, toptanc\u0131lar\u0131 ve distrib\u00fct\u00f6rleri, Wocopa ve ba\u011fl\u0131 \u015firketlerinin mevcut \u00fcr\u00fcn ve sistemlerini \u00e7al\u0131\u015fma alan\u0131ndaki i\u015f d\u00fcnyas\u0131na ve \u00e7evresine anlatmak ve onlar\u0131n yarar\u0131na sunmak kapsam\u0131nda faaliyetler y\u00fcr\u00fcterek y\u00f6nlendiren ki\u015fidir. \u0130\u015f d\u00fcnyas\u0131yla ilgili herkes bir networker olabilir.Networker olmak istiyorsan\u0131z <a href=\"https:\/\/wocopa.com\/tr\/networker-kimdir\/\">Buraya t\u0131klay\u0131n<\/a><\/p>\t\t\t\t\t\t\t\t<\/div>\n\t\t\t\t<\/div>\n\t\t\t\t<div class=\"elementor-element elementor-element-1a2da39 elementor-hidden-desktop elementor-hidden-tablet elementor-widget elementor-widget-heading\" data-id=\"1a2da39\" data-element_type=\"widget\" data-widget_type=\"heading.default\">\n\t\t\t\t<div class=\"elementor-widget-container\">\n\t\t\t\t\t<h2 class=\"elementor-heading-title elementor-size-default\"><a href=\"https:\/\/wocopa.com\/be-representative\/\">Temsilci Kimdir<\/a><\/h2>\t\t\t\t<\/div>\n\t\t\t\t<\/div>\n\t\t\t\t<div class=\"elementor-element elementor-element-babaf75 elementor-hidden-desktop elementor-hidden-tablet elementor-widget elementor-widget-text-editor\" data-id=\"babaf75\" data-element_type=\"widget\" data-widget_type=\"text-editor.default\">\n\t\t\t\t<div class=\"elementor-widget-container\">\n\t\t\t\t\t\t\t\t\t<p>Wocopa Akademi&#8217;den e\u011fitim alarak Uluslararas\u0131 Yat\u0131r\u0131m ve Ticaret Dan\u0131\u015fman\u0131 sertifikas\u0131 alm\u0131\u015f veya bu alanlarda en az MBA (\u0130\u015fletme Y\u00fcksek Lisans\u0131) diplomas\u0131na sahip olan ve Wocopa ile s\u00f6zle\u015fme yaparak bulundu\u011fu b\u00f6lge\/\u00fclke i\u00e7in yetkilendirilmi\u015f ki\u015fi. Temsilci, bir s\u00f6zle\u015fme imzalayarak belgeleri ve sertifikalar\u0131 ile Wocopa sistemine kaydolur.Tekrar yazmak istiyorsan\u0131z <a href=\"https:\/\/wocopa.com\/tr\/temsilci-kimdir\/\">Buraya t\u0131klay\u0131n<\/a><\/p>\t\t\t\t\t\t\t\t<\/div>\n\t\t\t\t<\/div>\n\t\t\t\t<div class=\"elementor-element elementor-element-c62be6e elementor-hidden-desktop elementor-hidden-tablet elementor-widget elementor-widget-heading\" data-id=\"c62be6e\" data-element_type=\"widget\" data-widget_type=\"heading.default\">\n\t\t\t\t<div class=\"elementor-widget-container\">\n\t\t\t\t\t<h2 class=\"elementor-heading-title elementor-size-default\"><a href=\"https:\/\/wocopa.com\/who-is-exper\/\">Uzman Kimdir<\/a><\/h2>\t\t\t\t<\/div>\n\t\t\t\t<\/div>\n\t\t\t\t<div class=\"elementor-element elementor-element-adf8aaf elementor-hidden-desktop elementor-hidden-tablet elementor-widget elementor-widget-text-editor\" data-id=\"adf8aaf\" data-element_type=\"widget\" data-widget_type=\"text-editor.default\">\n\t\t\t\t<div class=\"elementor-widget-container\">\n\t\t\t\t\t\t\t\t\t<p>Wocopa Akademi&#8217;den e\u011fitim alarak Uluslararas\u0131 Yat\u0131r\u0131m ve Ticaret Dan\u0131\u015fman\u0131 sertifikas\u0131 alm\u0131\u015f veya bu alanlarda en az MBA (\u0130\u015fletme Y\u00fcksek Lisans\u0131) diplomas\u0131na sahip olan ve Wocopa ile s\u00f6zle\u015fme yaparak bulundu\u011fu b\u00f6lge\/\u00fclke i\u00e7in yetkilendirilmi\u015f ki\u015fi. Temsilci, bir s\u00f6zle\u015fme imzalayarak belgeleri ve sertifikalar\u0131 ile Wocopa sistemine kaydolur.Uzman olmak istiyorsan\u0131z <a href=\"https:\/\/wocopa.com\/tr\/uzman-kimdir\/\">Buraya t\u0131klay\u0131n<\/a><\/p>\t\t\t\t\t\t\t\t<\/div>\n\t\t\t\t<\/div>\n\t\t\t\t<div class=\"elementor-element elementor-element-a8ea5da elementor-hidden-desktop elementor-hidden-tablet elementor-widget elementor-widget-heading\" data-id=\"a8ea5da\" data-element_type=\"widget\" data-widget_type=\"heading.default\">\n\t\t\t\t<div class=\"elementor-widget-container\">\n\t\t\t\t\t<h2 class=\"elementor-heading-title elementor-size-default\"><a href=\"https:\/\/wocopa.com\/be-our-solution-partner\/\">\u00c7\u00f6z\u00fcm Orta\u011f\u0131 Kimdir<\/a><\/h2>\t\t\t\t<\/div>\n\t\t\t\t<\/div>\n\t\t\t\t<div class=\"elementor-element elementor-element-d1eef5f elementor-hidden-desktop elementor-hidden-tablet elementor-widget elementor-widget-text-editor\" data-id=\"d1eef5f\" data-element_type=\"widget\" data-widget_type=\"text-editor.default\">\n\t\t\t\t<div class=\"elementor-widget-container\">\n\t\t\t\t\t\t\t\t\t<p>\u00c7\u00f6z\u00fcm Orta\u011f\u0131, s\u00f6zle\u015fme \u00e7er\u00e7evesinde Wocopa taraf\u0131ndan talep edilen hizmetin \u00e7\u00f6z\u00fcm\u00fcnde profesyonel destek sa\u011flayan uzman ki\u015fi veya kurumdur. \u00c7\u00f6z\u00fcm ortakl\u0131\u011f\u0131 anla\u015fmas\u0131 ile Wocopa sistemine kay\u0131t olurlar.\u00c7\u00f6z\u00fcm Orta\u011f\u0131 olmak istiyorsan\u0131z <a href=\"https:\/\/wocopa.com\/tr\/cozum-ortagi-kimdir\/\">Buraya T\u0131klay\u0131n<\/a><\/p>\t\t\t\t\t\t\t\t<\/div>\n\t\t\t\t<\/div>\n\t\t\t\t<div class=\"elementor-element elementor-element-29eb535 elementor-widget elementor-widget-image\" data-id=\"29eb535\" data-element_type=\"widget\" data-widget_type=\"image.default\">\n\t\t\t\t<div class=\"elementor-widget-container\">\n\t\t\t\t\t\t\t\t\t\t\t\t\t\t\t<img fetchpriority=\"high\" decoding=\"async\" width=\"1000\" height=\"479\" src=\"https:\/\/wocopa.com\/wp-content\/uploads\/2023\/01\/aerial-view-cargo-ship-cargo-container-harbor-3-scaled-e1672619016544-1024x491.jpg\" class=\"attachment-large size-large wp-image-315\" alt=\"\" srcset=\"https:\/\/wocopa.com\/wp-content\/uploads\/2023\/01\/aerial-view-cargo-ship-cargo-container-harbor-3-scaled-e1672619016544-1024x491.jpg 1024w, https:\/\/wocopa.com\/wp-content\/uploads\/2023\/01\/aerial-view-cargo-ship-cargo-container-harbor-3-scaled-e1672619016544-300x144.jpg 300w, https:\/\/wocopa.com\/wp-content\/uploads\/2023\/01\/aerial-view-cargo-ship-cargo-container-harbor-3-scaled-e1672619016544-768x368.jpg 768w, https:\/\/wocopa.com\/wp-content\/uploads\/2023\/01\/aerial-view-cargo-ship-cargo-container-harbor-3-scaled-e1672619016544-1536x737.jpg 1536w, https:\/\/wocopa.com\/wp-content\/uploads\/2023\/01\/aerial-view-cargo-ship-cargo-container-harbor-3-scaled-e1672619016544-2048x982.jpg 2048w, https:\/\/wocopa.com\/wp-content\/uploads\/2023\/01\/aerial-view-cargo-ship-cargo-container-harbor-3-scaled-e1672619016544-650x312.jpg 650w\" sizes=\"(max-width: 1000px) 100vw, 1000px\" \/>\t\t\t\t\t\t\t\t\t\t\t\t\t\t\t<\/div>\n\t\t\t\t<\/div>\n\t\t\t\t\t<\/div>\n\t\t<\/div>\n\t\t\t\t<div class=\"elementor-column elementor-col-50 elementor-top-column elementor-element elementor-element-84644a8\" data-id=\"84644a8\" data-element_type=\"column\">\n\t\t\t<div class=\"elementor-widget-wrap elementor-element-populated\">\n\t\t\t\t\t\t<div class=\"elementor-element elementor-element-dea83de elementor-hidden-mobile elementor-widget elementor-widget-heading\" data-id=\"dea83de\" data-element_type=\"widget\" data-widget_type=\"heading.default\">\n\t\t\t\t<div class=\"elementor-widget-container\">\n\t\t\t\t\t<h3 class=\"elementor-heading-title elementor-size-default\">PARTNER\u0130M\u0130Z OL<\/h3>\t\t\t\t<\/div>\n\t\t\t\t<\/div>\n\t\t\t\t<div class=\"elementor-element elementor-element-146cd18 elementor-hidden-mobile elementor-widget-divider--view-line elementor-widget elementor-widget-divider\" data-id=\"146cd18\" data-element_type=\"widget\" data-widget_type=\"divider.default\">\n\t\t\t\t<div class=\"elementor-widget-container\">\n\t\t\t\t\t\t\t<div class=\"elementor-divider\">\n\t\t\t<span class=\"elementor-divider-separator\">\n\t\t\t\t\t\t<\/span>\n\t\t<\/div>\n\t\t\t\t\t\t<\/div>\n\t\t\t\t<\/div>\n\t\t\t\t<div class=\"elementor-element elementor-element-f3e2c5a hfe-nav-menu__breakpoint-mobile hfe-nav-menu__align-left hfe-submenu-icon-arrow hfe-link-redirect-child elementor-widget elementor-widget-navigation-menu\" data-id=\"f3e2c5a\" data-element_type=\"widget\" data-settings=\"{&quot;padding_horizontal_menu_item&quot;:{&quot;unit&quot;:&quot;px&quot;,&quot;size&quot;:15,&quot;sizes&quot;:[]},&quot;padding_horizontal_menu_item_tablet&quot;:{&quot;unit&quot;:&quot;px&quot;,&quot;size&quot;:&quot;&quot;,&quot;sizes&quot;:[]},&quot;padding_horizontal_menu_item_mobile&quot;:{&quot;unit&quot;:&quot;px&quot;,&quot;size&quot;:&quot;&quot;,&quot;sizes&quot;:[]},&quot;padding_vertical_menu_item&quot;:{&quot;unit&quot;:&quot;px&quot;,&quot;size&quot;:15,&quot;sizes&quot;:[]},&quot;padding_vertical_menu_item_tablet&quot;:{&quot;unit&quot;:&quot;px&quot;,&quot;size&quot;:&quot;&quot;,&quot;sizes&quot;:[]},&quot;padding_vertical_menu_item_mobile&quot;:{&quot;unit&quot;:&quot;px&quot;,&quot;size&quot;:&quot;&quot;,&quot;sizes&quot;:[]},&quot;menu_space_between&quot;:{&quot;unit&quot;:&quot;px&quot;,&quot;size&quot;:&quot;&quot;,&quot;sizes&quot;:[]},&quot;menu_space_between_tablet&quot;:{&quot;unit&quot;:&quot;px&quot;,&quot;size&quot;:&quot;&quot;,&quot;sizes&quot;:[]},&quot;menu_space_between_mobile&quot;:{&quot;unit&quot;:&quot;px&quot;,&quot;size&quot;:&quot;&quot;,&quot;sizes&quot;:[]},&quot;dropdown_border_radius&quot;:{&quot;unit&quot;:&quot;px&quot;,&quot;top&quot;:&quot;&quot;,&quot;right&quot;:&quot;&quot;,&quot;bottom&quot;:&quot;&quot;,&quot;left&quot;:&quot;&quot;,&quot;isLinked&quot;:true},&quot;dropdown_border_radius_tablet&quot;:{&quot;unit&quot;:&quot;px&quot;,&quot;top&quot;:&quot;&quot;,&quot;right&quot;:&quot;&quot;,&quot;bottom&quot;:&quot;&quot;,&quot;left&quot;:&quot;&quot;,&quot;isLinked&quot;:true},&quot;dropdown_border_radius_mobile&quot;:{&quot;unit&quot;:&quot;px&quot;,&quot;top&quot;:&quot;&quot;,&quot;right&quot;:&quot;&quot;,&quot;bottom&quot;:&quot;&quot;,&quot;left&quot;:&quot;&quot;,&quot;isLinked&quot;:true},&quot;padding_horizontal_dropdown_item&quot;:{&quot;unit&quot;:&quot;px&quot;,&quot;size&quot;:&quot;&quot;,&quot;sizes&quot;:[]},&quot;padding_horizontal_dropdown_item_tablet&quot;:{&quot;unit&quot;:&quot;px&quot;,&quot;size&quot;:&quot;&quot;,&quot;sizes&quot;:[]},&quot;padding_horizontal_dropdown_item_mobile&quot;:{&quot;unit&quot;:&quot;px&quot;,&quot;size&quot;:&quot;&quot;,&quot;sizes&quot;:[]},&quot;padding_vertical_dropdown_item&quot;:{&quot;unit&quot;:&quot;px&quot;,&quot;size&quot;:15,&quot;sizes&quot;:[]},&quot;padding_vertical_dropdown_item_tablet&quot;:{&quot;unit&quot;:&quot;px&quot;,&quot;size&quot;:&quot;&quot;,&quot;sizes&quot;:[]},&quot;padding_vertical_dropdown_item_mobile&quot;:{&quot;unit&quot;:&quot;px&quot;,&quot;size&quot;:&quot;&quot;,&quot;sizes&quot;:[]},&quot;distance_from_menu&quot;:{&quot;unit&quot;:&quot;px&quot;,&quot;size&quot;:&quot;&quot;,&quot;sizes&quot;:[]},&quot;distance_from_menu_tablet&quot;:{&quot;unit&quot;:&quot;px&quot;,&quot;size&quot;:&quot;&quot;,&quot;sizes&quot;:[]},&quot;distance_from_menu_mobile&quot;:{&quot;unit&quot;:&quot;px&quot;,&quot;size&quot;:&quot;&quot;,&quot;sizes&quot;:[]},&quot;toggle_size&quot;:{&quot;unit&quot;:&quot;px&quot;,&quot;size&quot;:&quot;&quot;,&quot;sizes&quot;:[]},&quot;toggle_size_tablet&quot;:{&quot;unit&quot;:&quot;px&quot;,&quot;size&quot;:&quot;&quot;,&quot;sizes&quot;:[]},&quot;toggle_size_mobile&quot;:{&quot;unit&quot;:&quot;px&quot;,&quot;size&quot;:&quot;&quot;,&quot;sizes&quot;:[]},&quot;toggle_border_width&quot;:{&quot;unit&quot;:&quot;px&quot;,&quot;size&quot;:&quot;&quot;,&quot;sizes&quot;:[]},&quot;toggle_border_width_tablet&quot;:{&quot;unit&quot;:&quot;px&quot;,&quot;size&quot;:&quot;&quot;,&quot;sizes&quot;:[]},&quot;toggle_border_width_mobile&quot;:{&quot;unit&quot;:&quot;px&quot;,&quot;size&quot;:&quot;&quot;,&quot;sizes&quot;:[]},&quot;toggle_border_radius&quot;:{&quot;unit&quot;:&quot;px&quot;,&quot;size&quot;:&quot;&quot;,&quot;sizes&quot;:[]},&quot;toggle_border_radius_tablet&quot;:{&quot;unit&quot;:&quot;px&quot;,&quot;size&quot;:&quot;&quot;,&quot;sizes&quot;:[]},&quot;toggle_border_radius_mobile&quot;:{&quot;unit&quot;:&quot;px&quot;,&quot;size&quot;:&quot;&quot;,&quot;sizes&quot;:[]}}\" data-widget_type=\"navigation-menu.default\">\n\t\t\t\t<div class=\"elementor-widget-container\">\n\t\t\t\t\t\t\t\t<div class=\"hfe-nav-menu hfe-layout-vertical hfe-nav-menu-layout vertical\" data-layout=\"vertical\">\n\t\t\t\t<div role=\"button\" class=\"hfe-nav-menu__toggle elementor-clickable\" tabindex=\"0\" aria-label=\"Menu Toggle\">\n\t\t\t\t\t<span class=\"screen-reader-text\">Menu<\/span>\n\t\t\t\t\t<div class=\"hfe-nav-menu-icon\">\n\t\t\t\t\t\t<i aria-hidden=\"true\"  class=\"fas fa-align-justify\"><\/i>\t\t\t\t\t<\/div>\n\t\t\t\t<\/div>\n\t\t\t\t<nav class=\"hfe-nav-menu__layout-vertical hfe-nav-menu__submenu-arrow\" data-toggle-icon=\"&lt;i aria-hidden=&quot;true&quot; tabindex=&quot;0&quot; class=&quot;fas fa-align-justify&quot;&gt;&lt;\/i&gt;\" data-close-icon=\"&lt;i aria-hidden=&quot;true&quot; tabindex=&quot;0&quot; class=&quot;far fa-window-close&quot;&gt;&lt;\/i&gt;\" data-full-width=\"yes\">\n\t\t\t\t\t<ul id=\"menu-1-f3e2c5a\" class=\"hfe-nav-menu\"><li id=\"menu-item-7780\" class=\"menu-item menu-item-type-post_type menu-item-object-page parent hfe-creative-menu\"><a href=\"https:\/\/wocopa.com\/tr\/cozum-ortagi-kimdir\/\" class = \"hfe-menu-item\">\u00c7\u00f6z\u00fcm Orta\u011f\u0131 Kimdir?<\/a><\/li>\n<li id=\"menu-item-7781\" class=\"menu-item menu-item-type-post_type menu-item-object-page parent hfe-creative-menu\"><a href=\"https:\/\/wocopa.com\/tr\/temsilci-kimdir\/\" class = \"hfe-menu-item\">Temsilci Kimdir?<\/a><\/li>\n<li id=\"menu-item-7782\" class=\"menu-item menu-item-type-post_type menu-item-object-page parent hfe-creative-menu\"><a href=\"https:\/\/wocopa.com\/tr\/networker-kimdir\/\" class = \"hfe-menu-item\">Networker Kimdir?<\/a><\/li>\n<li id=\"menu-item-7783\" class=\"menu-item menu-item-type-post_type menu-item-object-page parent hfe-creative-menu\"><a href=\"https:\/\/wocopa.com\/tr\/uzman-kimdir\/\" class = \"hfe-menu-item\">Uzman Kimdir?<\/a><\/li>\n<\/ul> \n\t\t\t\t<\/nav>\n\t\t\t<\/div>\n\t\t\t\t\t\t\t<\/div>\n\t\t\t\t<\/div>\n\t\t\t\t\t<\/div>\n\t\t<\/div>\n\t\t\t\t\t<\/div>\n\t\t<\/section>\n\t\t\t\t<\/div>\n\t\t","protected":false},"excerpt":{"rendered":"<p>PARTNER\u0130M\u0130Z OL PARTNER\u0130M\u0130Z OL Wocopa, sitenin her t\u00fcrl\u00fc hizmetini, \u00fcr\u00fcn\u00fcn\u00fc, g\u00f6rselini, formunu, sertifikas\u0131n\u0131, kullan\u0131m ko\u015fullar\u0131n\u0131 ve sitede sunulan bilgileri \u00f6nceden haber vermeksizin [&hellip;]<\/p>\n","protected":false},"author":2,"featured_media":0,"parent":0,"menu_order":0,"comment_status":"closed","ping_status":"closed","template":"","meta":{"footnotes":""},"class_list":["post-7509","page","type-page","status-publish","hentry"],"_links":{"self":[{"href":"https:\/\/wocopa.com\/tr\/wp-json\/wp\/v2\/pages\/7509","targetHints":{"allow":["GET"]}}],"collection":[{"href":"https:\/\/wocopa.com\/tr\/wp-json\/wp\/v2\/pages"}],"about":[{"href":"https:\/\/wocopa.com\/tr\/wp-json\/wp\/v2\/types\/page"}],"author":[{"embeddable":true,"href":"https:\/\/wocopa.com\/tr\/wp-json\/wp\/v2\/users\/2"}],"replies":[{"embeddable":true,"href":"https:\/\/wocopa.com\/tr\/wp-json\/wp\/v2\/comments?post=7509"}],"version-history":[{"count":10,"href":"https:\/\/wocopa.com\/tr\/wp-json\/wp\/v2\/pages\/7509\/revisions"}],"predecessor-version":[{"id":8118,"href":"https:\/\/wocopa.com\/tr\/wp-json\/wp\/v2\/pages\/7509\/revisions\/8118"}],"wp:attachment":[{"href":"https:\/\/wocopa.com\/tr\/wp-json\/wp\/v2\/media?parent=7509"}],"curies":[{"name":"wp","href":"https:\/\/api.w.org\/{rel}","templated":true}]}}