{"id":7531,"date":"2023-01-30T19:16:46","date_gmt":"2023-01-30T19:16:46","guid":{"rendered":"https:\/\/wocopa.com\/?page_id=7531"},"modified":"2023-03-24T23:01:31","modified_gmt":"2023-03-24T23:01:31","slug":"danismanlik","status":"publish","type":"page","link":"https:\/\/wocopa.com\/tr\/danismanlik\/","title":{"rendered":"Dan\u0131\u015fmanl\u0131k"},"content":{"rendered":"\t\t<div data-elementor-type=\"wp-page\" data-elementor-id=\"7531\" class=\"elementor elementor-7531 elementor-2895\" data-elementor-post-type=\"page\">\n\t\t\t\t\t\t<section class=\"elementor-section elementor-top-section elementor-element elementor-element-409ef11 elementor-section-boxed elementor-section-height-default elementor-section-height-default\" data-id=\"409ef11\" data-element_type=\"section\" data-settings=\"{&quot;background_background&quot;:&quot;classic&quot;}\">\n\t\t\t\t\t\t<div class=\"elementor-container elementor-column-gap-default\">\n\t\t\t\t\t<div class=\"elementor-column elementor-col-100 elementor-top-column elementor-element elementor-element-58a8900\" data-id=\"58a8900\" data-element_type=\"column\">\n\t\t\t<div class=\"elementor-widget-wrap elementor-element-populated\">\n\t\t\t\t\t\t<div class=\"elementor-element elementor-element-ffe29bc elementor-widget elementor-widget-spacer\" data-id=\"ffe29bc\" data-element_type=\"widget\" data-widget_type=\"spacer.default\">\n\t\t\t\t<div class=\"elementor-widget-container\">\n\t\t\t\t\t\t\t<div class=\"elementor-spacer\">\n\t\t\t<div class=\"elementor-spacer-inner\"><\/div>\n\t\t<\/div>\n\t\t\t\t\t\t<\/div>\n\t\t\t\t<\/div>\n\t\t\t\t<section class=\"elementor-section elementor-inner-section elementor-element elementor-element-197d4b7 elementor-section-boxed elementor-section-height-default elementor-section-height-default\" data-id=\"197d4b7\" data-element_type=\"section\">\n\t\t\t\t\t\t<div class=\"elementor-container elementor-column-gap-default\">\n\t\t\t\t\t<div class=\"elementor-column elementor-col-100 elementor-inner-column elementor-element elementor-element-1ca291f\" data-id=\"1ca291f\" data-element_type=\"column\">\n\t\t\t<div class=\"elementor-widget-wrap elementor-element-populated\">\n\t\t\t\t\t\t<div class=\"elementor-element elementor-element-a084f34 elementor-widget elementor-widget-heading\" data-id=\"a084f34\" data-element_type=\"widget\" data-widget_type=\"heading.default\">\n\t\t\t\t<div class=\"elementor-widget-container\">\n\t\t\t\t\t<h2 class=\"elementor-heading-title elementor-size-default\">DANI\u015eMANLIK<\/h2>\t\t\t\t<\/div>\n\t\t\t\t<\/div>\n\t\t\t\t\t<\/div>\n\t\t<\/div>\n\t\t\t\t\t<\/div>\n\t\t<\/section>\n\t\t\t\t\t<\/div>\n\t\t<\/div>\n\t\t\t\t\t<\/div>\n\t\t<\/section>\n\t\t\t\t<section class=\"elementor-section elementor-top-section elementor-element elementor-element-3cb55027 elementor-reverse-mobile elementor-section-boxed elementor-section-height-default elementor-section-height-default\" data-id=\"3cb55027\" data-element_type=\"section\">\n\t\t\t\t\t\t<div class=\"elementor-container elementor-column-gap-default\">\n\t\t\t\t\t<div class=\"elementor-column elementor-col-100 elementor-top-column elementor-element elementor-element-858c391\" data-id=\"858c391\" data-element_type=\"column\">\n\t\t\t<div class=\"elementor-widget-wrap elementor-element-populated\">\n\t\t\t\t\t\t<div class=\"elementor-element elementor-element-d3be269 elementor-widget elementor-widget-heading\" data-id=\"d3be269\" data-element_type=\"widget\" data-widget_type=\"heading.default\">\n\t\t\t\t<div class=\"elementor-widget-container\">\n\t\t\t\t\t<h3 class=\"elementor-heading-title elementor-size-default\">L\u00fctfen Bir Dan\u0131\u015fmanl\u0131k Hizmeti Se\u00e7in<\/h3>\t\t\t\t<\/div>\n\t\t\t\t<\/div>\n\t\t\t\t<div class=\"elementor-element elementor-element-91287e9 elementor-nav-menu--dropdown-tablet elementor-nav-menu__text-align-aside elementor-nav-menu--toggle elementor-nav-menu--burger elementor-widget elementor-widget-nav-menu\" data-id=\"91287e9\" data-element_type=\"widget\" data-settings=\"{&quot;layout&quot;:&quot;vertical&quot;,&quot;submenu_icon&quot;:{&quot;value&quot;:&quot;&lt;i class=\\&quot;fas fa-caret-down\\&quot;&gt;&lt;\\\/i&gt;&quot;,&quot;library&quot;:&quot;fa-solid&quot;},&quot;toggle&quot;:&quot;burger&quot;}\" data-widget_type=\"nav-menu.default\">\n\t\t\t\t<div class=\"elementor-widget-container\">\n\t\t\t\t\t\t\t\t<nav class=\"elementor-nav-menu--main elementor-nav-menu__container elementor-nav-menu--layout-vertical e--pointer-none\">\n\t\t\t\t<ul id=\"menu-1-91287e9\" class=\"elementor-nav-menu sm-vertical\"><li class=\"menu-item menu-item-type-post_type menu-item-object-page menu-item-7730\"><a href=\"https:\/\/wocopa.com\/tr\/yurt-disinda-ikamet-ve-vatandaslik-islemleri\/\" class=\"elementor-item\">Yurt D\u0131\u015f\u0131nda \u0130kamet ve Vatanda\u015fl\u0131k \u0130\u015flemleri\u200b<\/a><\/li>\n<li class=\"menu-item menu-item-type-post_type menu-item-object-page menu-item-7731\"><a href=\"https:\/\/wocopa.com\/tr\/altin-vize\/\" class=\"elementor-item\">Alt\u0131n Vize<\/a><\/li>\n<li class=\"menu-item menu-item-type-post_type menu-item-object-page menu-item-7732\"><a href=\"https:\/\/wocopa.com\/tr\/kariyer-almanya\/\" class=\"elementor-item\">Kariyer Almanya<\/a><\/li>\n<li class=\"menu-item menu-item-type-post_type menu-item-object-page menu-item-7733\"><a href=\"https:\/\/wocopa.com\/tr\/yurt-disinda-tesis-ve-gayrimenkul-edinme\/\" class=\"elementor-item\">Yurt D\u0131\u015f\u0131nda Tesis ve Gayrimenkul Edinme<\/a><\/li>\n<li class=\"menu-item menu-item-type-post_type menu-item-object-page menu-item-7734\"><a href=\"https:\/\/wocopa.com\/tr\/yurt-disinda-banka-hesabi-acma-ve-kredi-basvurusu\/\" class=\"elementor-item\">Yurt D\u0131\u015f\u0131nda Banka Hesab\u0131 A\u00e7ma ve Kredi Ba\u015fvurusu<\/a><\/li>\n<li class=\"menu-item menu-item-type-post_type menu-item-object-page menu-item-7735\"><a href=\"https:\/\/wocopa.com\/tr\/yurt-disinda-sirket-kurmak-ve-yurt-disina-sirket-tasimak\/\" class=\"elementor-item\">Yurt D\u0131\u015f\u0131nda \u015eirket Kurmak ve Yurt D\u0131\u015f\u0131na \u015eirket Ta\u015f\u0131mak<\/a><\/li>\n<li class=\"menu-item menu-item-type-post_type menu-item-object-page menu-item-7736\"><a href=\"https:\/\/wocopa.com\/tr\/egitim-danismanligi\/\" class=\"elementor-item\">E\u011fitim Dan\u0131\u015fmanl\u0131\u011f\u0131<\/a><\/li>\n<li class=\"menu-item menu-item-type-post_type menu-item-object-page menu-item-7737\"><a href=\"https:\/\/wocopa.com\/tr\/sosyal-medya-ve-pr-hizmetleri\/\" class=\"elementor-item\">Sosyal Medya Ve PR Hizmetleri<\/a><\/li>\n<li class=\"menu-item menu-item-type-post_type menu-item-object-page menu-item-7738\"><a href=\"https:\/\/wocopa.com\/tr\/bilisim-destek-hizmetleri\/\" class=\"elementor-item\">Bili\u015fim Destek Hizmetleri<\/a><\/li>\n<li class=\"menu-item menu-item-type-post_type menu-item-object-page menu-item-9790\"><a href=\"https:\/\/wocopa.com\/tr\/diplomatik-pasaport-almak\/\" class=\"elementor-item\">Diplomatik Pasaport Almak<\/a><\/li>\n<li class=\"menu-item menu-item-type-post_type menu-item-object-page menu-item-7739\"><a href=\"https:\/\/wocopa.com\/tr\/ticari-vize-danismanligi\/\" class=\"elementor-item\">Ticari Vize Dan\u0131\u015fmanl\u0131\u011f\u0131<\/a><\/li>\n<li class=\"menu-item menu-item-type-post_type menu-item-object-page menu-item-7740\"><a href=\"https:\/\/wocopa.com\/tr\/yurt-disi-sirket-yonetim-destegi\/\" class=\"elementor-item\">Yurt D\u0131\u015f\u0131 \u015eirket Y\u00f6netim Deste\u011fi<\/a><\/li>\n<li class=\"menu-item menu-item-type-post_type menu-item-object-page menu-item-7741\"><a href=\"https:\/\/wocopa.com\/tr\/yurt-disinda-yerlesik-ve-sanal-ofis-kiralamak\/\" class=\"elementor-item\">Yurt D\u0131\u015f\u0131nda Yerle\u015fik ve Sanal Ofis Kiralamak<\/a><\/li>\n<li class=\"menu-item menu-item-type-post_type menu-item-object-page menu-item-7742\"><a href=\"https:\/\/wocopa.com\/tr\/uluslararasi-stratejik-pazarlama-danismanligi\/\" class=\"elementor-item\">Uluslararas\u0131 Stratejik Pazarlama Dan\u0131\u015fmanl\u0131\u011f\u0131<\/a><\/li>\n<li class=\"menu-item menu-item-type-post_type menu-item-object-page menu-item-7743\"><a href=\"https:\/\/wocopa.com\/tr\/ticari-hukuk-avukatlik-hizmetleri\/\" class=\"elementor-item\">Ticari Hukuk &#038; Avukatl\u0131k Hizmetleri<\/a><\/li>\n<li class=\"menu-item menu-item-type-post_type menu-item-object-page menu-item-7744\"><a href=\"https:\/\/wocopa.com\/tr\/fizibilite-ve-is-plani-hazirlama\/\" class=\"elementor-item\">Fizibilite ve \u0130\u015f Plan\u0131 Haz\u0131rlama<\/a><\/li>\n<li class=\"menu-item menu-item-type-post_type menu-item-object-page menu-item-7745\"><a href=\"https:\/\/wocopa.com\/tr\/yatirim-danismanligi\/\" class=\"elementor-item\">Yat\u0131r\u0131m Dan\u0131\u015fmanl\u0131\u011f\u0131<\/a><\/li>\n<li class=\"menu-item menu-item-type-post_type menu-item-object-page menu-item-7746\"><a href=\"https:\/\/wocopa.com\/tr\/tedarik-zinciri-ve-satin-alma-danismanligi\/\" class=\"elementor-item\">Tedarik Zinciri ve Sat\u0131n Alma Dan\u0131\u015fmanl\u0131\u011f\u0131<\/a><\/li>\n<li class=\"menu-item menu-item-type-post_type menu-item-object-page menu-item-7747\"><a href=\"https:\/\/wocopa.com\/tr\/tercumanlik-hizmetleri\/\" class=\"elementor-item\">Terc\u00fcmanl\u0131k Hizmetleri<\/a><\/li>\n<li class=\"menu-item menu-item-type-post_type menu-item-object-page menu-item-7748\"><a href=\"https:\/\/wocopa.com\/tr\/urun-proje-ar-ge-danismanligi\/\" class=\"elementor-item\">\u00dcr\u00fcn &amp; Proje Ar-Ge Dan\u0131\u015fmanl\u0131\u011f\u0131<\/a><\/li>\n<li class=\"menu-item menu-item-type-post_type menu-item-object-page menu-item-7749\"><a href=\"https:\/\/wocopa.com\/tr\/proje-yonetimi\/\" class=\"elementor-item\">Proje Y\u00f6netimi<\/a><\/li>\n<li class=\"menu-item menu-item-type-post_type menu-item-object-page menu-item-7750\"><a href=\"https:\/\/wocopa.com\/tr\/fon-hibe-yatirim-ve-tesvik-basvurusu\/\" class=\"elementor-item\">Fon, Hibe, Yat\u0131r\u0131m ve Te\u015fvik Ba\u015fvurusu<\/a><\/li>\n<li class=\"menu-item menu-item-type-post_type menu-item-object-page menu-item-7751\"><a href=\"https:\/\/wocopa.com\/tr\/marka-lisanslama-ve-tescil-islemleri\/\" class=\"elementor-item\">Marka Lisanslama ve Tescil \u0130\u015flemleri<\/a><\/li>\n<li class=\"menu-item menu-item-type-post_type menu-item-object-page menu-item-7752\"><a href=\"https:\/\/wocopa.com\/tr\/patent-kaydi\/\" class=\"elementor-item\">Patent Kayd\u0131<\/a><\/li>\n<li class=\"menu-item menu-item-type-post_type menu-item-object-page menu-item-10701\"><a href=\"https:\/\/wocopa.com\/tr\/wocopa-akademi\/\" class=\"elementor-item\">Wocopa Akademi<\/a><\/li>\n<\/ul>\t\t\t<\/nav>\n\t\t\t\t\t<div class=\"elementor-menu-toggle\" role=\"button\" tabindex=\"0\" aria-label=\"Menu Toggle\" aria-expanded=\"false\">\n\t\t\t<i aria-hidden=\"true\" role=\"presentation\" class=\"elementor-menu-toggle__icon--open eicon-menu-bar\"><\/i><i aria-hidden=\"true\" role=\"presentation\" class=\"elementor-menu-toggle__icon--close eicon-close\"><\/i>\t\t\t<span class=\"elementor-screen-only\">Men\u00fc<\/span>\n\t\t<\/div>\n\t\t\t\t\t<nav class=\"elementor-nav-menu--dropdown elementor-nav-menu__container\" aria-hidden=\"true\">\n\t\t\t\t<ul id=\"menu-2-91287e9\" class=\"elementor-nav-menu sm-vertical\"><li class=\"menu-item menu-item-type-post_type menu-item-object-page menu-item-7730\"><a href=\"https:\/\/wocopa.com\/tr\/yurt-disinda-ikamet-ve-vatandaslik-islemleri\/\" class=\"elementor-item\" tabindex=\"-1\">Yurt D\u0131\u015f\u0131nda \u0130kamet ve Vatanda\u015fl\u0131k \u0130\u015flemleri\u200b<\/a><\/li>\n<li class=\"menu-item menu-item-type-post_type menu-item-object-page menu-item-7731\"><a href=\"https:\/\/wocopa.com\/tr\/altin-vize\/\" class=\"elementor-item\" tabindex=\"-1\">Alt\u0131n Vize<\/a><\/li>\n<li class=\"menu-item menu-item-type-post_type menu-item-object-page menu-item-7732\"><a href=\"https:\/\/wocopa.com\/tr\/kariyer-almanya\/\" class=\"elementor-item\" tabindex=\"-1\">Kariyer Almanya<\/a><\/li>\n<li class=\"menu-item menu-item-type-post_type menu-item-object-page menu-item-7733\"><a href=\"https:\/\/wocopa.com\/tr\/yurt-disinda-tesis-ve-gayrimenkul-edinme\/\" class=\"elementor-item\" tabindex=\"-1\">Yurt D\u0131\u015f\u0131nda Tesis ve Gayrimenkul Edinme<\/a><\/li>\n<li class=\"menu-item menu-item-type-post_type menu-item-object-page menu-item-7734\"><a href=\"https:\/\/wocopa.com\/tr\/yurt-disinda-banka-hesabi-acma-ve-kredi-basvurusu\/\" class=\"elementor-item\" tabindex=\"-1\">Yurt D\u0131\u015f\u0131nda Banka Hesab\u0131 A\u00e7ma ve Kredi Ba\u015fvurusu<\/a><\/li>\n<li class=\"menu-item menu-item-type-post_type menu-item-object-page menu-item-7735\"><a href=\"https:\/\/wocopa.com\/tr\/yurt-disinda-sirket-kurmak-ve-yurt-disina-sirket-tasimak\/\" class=\"elementor-item\" tabindex=\"-1\">Yurt D\u0131\u015f\u0131nda \u015eirket Kurmak ve Yurt D\u0131\u015f\u0131na \u015eirket Ta\u015f\u0131mak<\/a><\/li>\n<li class=\"menu-item menu-item-type-post_type menu-item-object-page menu-item-7736\"><a href=\"https:\/\/wocopa.com\/tr\/egitim-danismanligi\/\" class=\"elementor-item\" tabindex=\"-1\">E\u011fitim Dan\u0131\u015fmanl\u0131\u011f\u0131<\/a><\/li>\n<li class=\"menu-item menu-item-type-post_type menu-item-object-page menu-item-7737\"><a href=\"https:\/\/wocopa.com\/tr\/sosyal-medya-ve-pr-hizmetleri\/\" class=\"elementor-item\" tabindex=\"-1\">Sosyal Medya Ve PR Hizmetleri<\/a><\/li>\n<li class=\"menu-item menu-item-type-post_type menu-item-object-page menu-item-7738\"><a href=\"https:\/\/wocopa.com\/tr\/bilisim-destek-hizmetleri\/\" class=\"elementor-item\" tabindex=\"-1\">Bili\u015fim Destek Hizmetleri<\/a><\/li>\n<li class=\"menu-item menu-item-type-post_type menu-item-object-page menu-item-9790\"><a href=\"https:\/\/wocopa.com\/tr\/diplomatik-pasaport-almak\/\" class=\"elementor-item\" tabindex=\"-1\">Diplomatik Pasaport Almak<\/a><\/li>\n<li class=\"menu-item menu-item-type-post_type menu-item-object-page menu-item-7739\"><a href=\"https:\/\/wocopa.com\/tr\/ticari-vize-danismanligi\/\" class=\"elementor-item\" tabindex=\"-1\">Ticari Vize Dan\u0131\u015fmanl\u0131\u011f\u0131<\/a><\/li>\n<li class=\"menu-item menu-item-type-post_type menu-item-object-page menu-item-7740\"><a href=\"https:\/\/wocopa.com\/tr\/yurt-disi-sirket-yonetim-destegi\/\" class=\"elementor-item\" tabindex=\"-1\">Yurt D\u0131\u015f\u0131 \u015eirket Y\u00f6netim Deste\u011fi<\/a><\/li>\n<li class=\"menu-item menu-item-type-post_type menu-item-object-page menu-item-7741\"><a href=\"https:\/\/wocopa.com\/tr\/yurt-disinda-yerlesik-ve-sanal-ofis-kiralamak\/\" class=\"elementor-item\" tabindex=\"-1\">Yurt D\u0131\u015f\u0131nda Yerle\u015fik ve Sanal Ofis Kiralamak<\/a><\/li>\n<li class=\"menu-item menu-item-type-post_type menu-item-object-page menu-item-7742\"><a href=\"https:\/\/wocopa.com\/tr\/uluslararasi-stratejik-pazarlama-danismanligi\/\" class=\"elementor-item\" tabindex=\"-1\">Uluslararas\u0131 Stratejik Pazarlama Dan\u0131\u015fmanl\u0131\u011f\u0131<\/a><\/li>\n<li class=\"menu-item menu-item-type-post_type menu-item-object-page menu-item-7743\"><a href=\"https:\/\/wocopa.com\/tr\/ticari-hukuk-avukatlik-hizmetleri\/\" class=\"elementor-item\" tabindex=\"-1\">Ticari Hukuk &#038; Avukatl\u0131k Hizmetleri<\/a><\/li>\n<li class=\"menu-item menu-item-type-post_type menu-item-object-page menu-item-7744\"><a href=\"https:\/\/wocopa.com\/tr\/fizibilite-ve-is-plani-hazirlama\/\" class=\"elementor-item\" tabindex=\"-1\">Fizibilite ve \u0130\u015f Plan\u0131 Haz\u0131rlama<\/a><\/li>\n<li class=\"menu-item menu-item-type-post_type menu-item-object-page menu-item-7745\"><a href=\"https:\/\/wocopa.com\/tr\/yatirim-danismanligi\/\" class=\"elementor-item\" tabindex=\"-1\">Yat\u0131r\u0131m Dan\u0131\u015fmanl\u0131\u011f\u0131<\/a><\/li>\n<li class=\"menu-item menu-item-type-post_type menu-item-object-page menu-item-7746\"><a href=\"https:\/\/wocopa.com\/tr\/tedarik-zinciri-ve-satin-alma-danismanligi\/\" class=\"elementor-item\" tabindex=\"-1\">Tedarik Zinciri ve Sat\u0131n Alma Dan\u0131\u015fmanl\u0131\u011f\u0131<\/a><\/li>\n<li class=\"menu-item menu-item-type-post_type menu-item-object-page menu-item-7747\"><a href=\"https:\/\/wocopa.com\/tr\/tercumanlik-hizmetleri\/\" class=\"elementor-item\" tabindex=\"-1\">Terc\u00fcmanl\u0131k Hizmetleri<\/a><\/li>\n<li class=\"menu-item menu-item-type-post_type menu-item-object-page menu-item-7748\"><a href=\"https:\/\/wocopa.com\/tr\/urun-proje-ar-ge-danismanligi\/\" class=\"elementor-item\" tabindex=\"-1\">\u00dcr\u00fcn &amp; Proje Ar-Ge Dan\u0131\u015fmanl\u0131\u011f\u0131<\/a><\/li>\n<li class=\"menu-item menu-item-type-post_type menu-item-object-page menu-item-7749\"><a href=\"https:\/\/wocopa.com\/tr\/proje-yonetimi\/\" class=\"elementor-item\" tabindex=\"-1\">Proje Y\u00f6netimi<\/a><\/li>\n<li class=\"menu-item menu-item-type-post_type menu-item-object-page menu-item-7750\"><a href=\"https:\/\/wocopa.com\/tr\/fon-hibe-yatirim-ve-tesvik-basvurusu\/\" class=\"elementor-item\" tabindex=\"-1\">Fon, Hibe, Yat\u0131r\u0131m ve Te\u015fvik Ba\u015fvurusu<\/a><\/li>\n<li class=\"menu-item menu-item-type-post_type menu-item-object-page menu-item-7751\"><a href=\"https:\/\/wocopa.com\/tr\/marka-lisanslama-ve-tescil-islemleri\/\" class=\"elementor-item\" tabindex=\"-1\">Marka Lisanslama ve Tescil \u0130\u015flemleri<\/a><\/li>\n<li class=\"menu-item menu-item-type-post_type menu-item-object-page menu-item-7752\"><a href=\"https:\/\/wocopa.com\/tr\/patent-kaydi\/\" class=\"elementor-item\" tabindex=\"-1\">Patent Kayd\u0131<\/a><\/li>\n<li class=\"menu-item menu-item-type-post_type menu-item-object-page menu-item-10701\"><a href=\"https:\/\/wocopa.com\/tr\/wocopa-akademi\/\" class=\"elementor-item\" tabindex=\"-1\">Wocopa Akademi<\/a><\/li>\n<\/ul>\t\t\t<\/nav>\n\t\t\t\t\t\t<\/div>\n\t\t\t\t<\/div>\n\t\t\t\t\t<\/div>\n\t\t<\/div>\n\t\t\t\t\t<\/div>\n\t\t<\/section>\n\t\t\t\t<\/div>\n\t\t","protected":false},"excerpt":{"rendered":"<p>DANI\u015eMANLIK L\u00fctfen Bir Dan\u0131\u015fmanl\u0131k Hizmeti Se\u00e7in<\/p>\n","protected":false},"author":2,"featured_media":0,"parent":0,"menu_order":0,"comment_status":"closed","ping_status":"closed","template":"","meta":{"footnotes":""},"class_list":["post-7531","page","type-page","status-publish","hentry"],"_links":{"self":[{"href":"https:\/\/wocopa.com\/tr\/wp-json\/wp\/v2\/pages\/7531","targetHints":{"allow":["GET"]}}],"collection":[{"href":"https:\/\/wocopa.com\/tr\/wp-json\/wp\/v2\/pages"}],"about":[{"href":"https:\/\/wocopa.com\/tr\/wp-json\/wp\/v2\/types\/page"}],"author":[{"embeddable":true,"href":"https:\/\/wocopa.com\/tr\/wp-json\/wp\/v2\/users\/2"}],"replies":[{"embeddable":true,"href":"https:\/\/wocopa.com\/tr\/wp-json\/wp\/v2\/comments?post=7531"}],"version-history":[{"count":4,"href":"https:\/\/wocopa.com\/tr\/wp-json\/wp\/v2\/pages\/7531\/revisions"}],"predecessor-version":[{"id":8084,"href":"https:\/\/wocopa.com\/tr\/wp-json\/wp\/v2\/pages\/7531\/revisions\/8084"}],"wp:attachment":[{"href":"https:\/\/wocopa.com\/tr\/wp-json\/wp\/v2\/media?parent=7531"}],"curies":[{"name":"wp","href":"https:\/\/api.w.org\/{rel}","templated":true}]}}