{"id":7585,"date":"2023-01-27T10:21:43","date_gmt":"2023-01-27T10:21:43","guid":{"rendered":"https:\/\/wocopa.com\/?page_id=7585"},"modified":"2023-03-24T23:05:16","modified_gmt":"2023-03-24T23:05:16","slug":"potansiyel-musteri-bulma","status":"publish","type":"page","link":"https:\/\/wocopa.com\/tr\/potansiyel-musteri-bulma\/","title":{"rendered":"Potansiyel M\u00fc\u015fteri Bulma"},"content":{"rendered":"\t\t<div data-elementor-type=\"wp-page\" data-elementor-id=\"7585\" class=\"elementor elementor-7585 elementor-2137\" data-elementor-post-type=\"page\">\n\t\t\t\t\t\t<section class=\"elementor-section elementor-top-section elementor-element elementor-element-409ef11 elementor-section-boxed elementor-section-height-default elementor-section-height-default\" data-id=\"409ef11\" data-element_type=\"section\" data-settings=\"{&quot;background_background&quot;:&quot;classic&quot;}\">\n\t\t\t\t\t\t<div class=\"elementor-container elementor-column-gap-default\">\n\t\t\t\t\t<div class=\"elementor-column elementor-col-100 elementor-top-column elementor-element elementor-element-58a8900\" data-id=\"58a8900\" data-element_type=\"column\">\n\t\t\t<div class=\"elementor-widget-wrap elementor-element-populated\">\n\t\t\t\t\t\t<div class=\"elementor-element elementor-element-ffe29bc elementor-widget elementor-widget-spacer\" data-id=\"ffe29bc\" data-element_type=\"widget\" data-widget_type=\"spacer.default\">\n\t\t\t\t<div class=\"elementor-widget-container\">\n\t\t\t\t\t\t\t<div class=\"elementor-spacer\">\n\t\t\t<div class=\"elementor-spacer-inner\"><\/div>\n\t\t<\/div>\n\t\t\t\t\t\t<\/div>\n\t\t\t\t<\/div>\n\t\t\t\t<section class=\"elementor-section elementor-inner-section elementor-element elementor-element-197d4b7 elementor-section-boxed elementor-section-height-default elementor-section-height-default\" data-id=\"197d4b7\" data-element_type=\"section\">\n\t\t\t\t\t\t<div class=\"elementor-container elementor-column-gap-default\">\n\t\t\t\t\t<div class=\"elementor-column elementor-col-100 elementor-inner-column elementor-element elementor-element-1ca291f\" data-id=\"1ca291f\" data-element_type=\"column\">\n\t\t\t<div class=\"elementor-widget-wrap elementor-element-populated\">\n\t\t\t\t\t\t<div class=\"elementor-element elementor-element-a084f34 elementor-widget elementor-widget-heading\" data-id=\"a084f34\" data-element_type=\"widget\" data-widget_type=\"heading.default\">\n\t\t\t\t<div class=\"elementor-widget-container\">\n\t\t\t\t\t<h2 class=\"elementor-heading-title elementor-size-default\">ULUSLARARASI T\u0130CARET<\/h2>\t\t\t\t<\/div>\n\t\t\t\t<\/div>\n\t\t\t\t\t<\/div>\n\t\t<\/div>\n\t\t\t\t\t<\/div>\n\t\t<\/section>\n\t\t\t\t\t<\/div>\n\t\t<\/div>\n\t\t\t\t\t<\/div>\n\t\t<\/section>\n\t\t\t\t<section class=\"elementor-section elementor-top-section elementor-element elementor-element-3cb55027 elementor-reverse-mobile elementor-section-boxed elementor-section-height-default elementor-section-height-default\" data-id=\"3cb55027\" data-element_type=\"section\">\n\t\t\t\t\t\t<div class=\"elementor-container elementor-column-gap-default\">\n\t\t\t\t\t<div class=\"elementor-column elementor-col-50 elementor-top-column elementor-element elementor-element-858c391\" data-id=\"858c391\" data-element_type=\"column\">\n\t\t\t<div class=\"elementor-widget-wrap elementor-element-populated\">\n\t\t\t\t\t\t<div class=\"elementor-element elementor-element-d3be269 elementor-widget elementor-widget-heading\" data-id=\"d3be269\" data-element_type=\"widget\" data-widget_type=\"heading.default\">\n\t\t\t\t<div class=\"elementor-widget-container\">\n\t\t\t\t\t<h3 class=\"elementor-heading-title elementor-size-default\">POTANS\u0130YEL M\u00dc\u015eTER\u0130 BULMA<\/h3>\t\t\t\t<\/div>\n\t\t\t\t<\/div>\n\t\t\t\t<section class=\"elementor-section elementor-inner-section elementor-element elementor-element-f640d8 elementor-section-boxed elementor-section-height-default elementor-section-height-default\" data-id=\"f640d8\" data-element_type=\"section\">\n\t\t\t\t\t\t<div class=\"elementor-container elementor-column-gap-default\">\n\t\t\t\t\t<div class=\"elementor-column elementor-col-50 elementor-inner-column elementor-element elementor-element-4adc6b84\" data-id=\"4adc6b84\" data-element_type=\"column\">\n\t\t\t<div class=\"elementor-widget-wrap elementor-element-populated\">\n\t\t\t\t\t\t<div class=\"elementor-element elementor-element-20b4b044 elementor-widget elementor-widget-image\" data-id=\"20b4b044\" data-element_type=\"widget\" data-widget_type=\"image.default\">\n\t\t\t\t<div class=\"elementor-widget-container\">\n\t\t\t\t\t\t\t\t\t\t\t\t\t\t\t<img fetchpriority=\"high\" decoding=\"async\" width=\"300\" height=\"300\" src=\"https:\/\/wocopa.com\/wp-content\/uploads\/2023\/01\/Lead-Generation-300x300-1.jpg\" class=\"attachment-full size-full wp-image-1131\" alt=\"\" srcset=\"https:\/\/wocopa.com\/wp-content\/uploads\/2023\/01\/Lead-Generation-300x300-1.jpg 300w, https:\/\/wocopa.com\/wp-content\/uploads\/2023\/01\/Lead-Generation-300x300-1-150x150.jpg 150w\" sizes=\"(max-width: 300px) 100vw, 300px\" \/>\t\t\t\t\t\t\t\t\t\t\t\t\t\t\t<\/div>\n\t\t\t\t<\/div>\n\t\t\t\t\t<\/div>\n\t\t<\/div>\n\t\t\t\t<div class=\"elementor-column elementor-col-50 elementor-inner-column elementor-element elementor-element-522edc57\" data-id=\"522edc57\" data-element_type=\"column\">\n\t\t\t<div class=\"elementor-widget-wrap elementor-element-populated\">\n\t\t\t\t\t\t<div class=\"elementor-element elementor-element-1180f5a3 elementor-widget elementor-widget-text-editor\" data-id=\"1180f5a3\" data-element_type=\"widget\" data-widget_type=\"text-editor.default\">\n\t\t\t\t<div class=\"elementor-widget-container\">\n\t\t\t\t\t\t\t\t\t<p>Lead Generation, ilgili markaya tamamen yabanc\u0131 olan ki\u015filerin veya potansiyel m\u00fc\u015fterilerin markan\u0131n \u00fcr\u00fcn, hizmet veya servislerine ilgi duymalar\u0131n\u0131 sa\u011flama s\u00fcrecidir. Potansiyel m\u00fc\u015fterilerin markaya olan ilgisini artt\u0131rmak veya genel olarak \u00fcr\u00fcn, hizmet ve servislerine kar\u015f\u0131 bir ilgi olu\u015fturmak i\u00e7in yeni, kesintisiz ve m\u00fcmk\u00fcn oldu\u011funca \u00f6zg\u00fcn y\u00f6ntemler geli\u015ftirmek gerekir.<\/p><p>\u00a0<\/p>\t\t\t\t\t\t\t\t<\/div>\n\t\t\t\t<\/div>\n\t\t\t\t\t<\/div>\n\t\t<\/div>\n\t\t\t\t\t<\/div>\n\t\t<\/section>\n\t\t\t\t<div class=\"elementor-element elementor-element-23c7675 elementor-widget elementor-widget-text-editor\" data-id=\"23c7675\" data-element_type=\"widget\" data-widget_type=\"text-editor.default\">\n\t\t\t\t<div class=\"elementor-widget-container\">\n\t\t\t\t\t\t\t\t\t<p><strong><b>Wocopa\u2019n\u0131n Lead Generation S\u00fcreci<\/b><\/strong><\/p><p>\u00a0<\/p><ul><li>Wocopa, Lead Generation altyap\u0131s\u0131n\u0131 haz\u0131rlamak i\u00e7in hedef \u00fclkede potansiyel hedef kitle olan t\u00fcm ki\u015fi\/firmalar\u0131n tespiti i\u00e7in i\u015fbirlik\u00e7ileriyle diyalog kurar.<\/li><li>Wocopa, markan\u0131n web sitesinde yer alan bir\u00e7ok sayfay\u0131 do\u011frudan CTA\u2019lerin yard\u0131m\u0131 ile landing page\u2019lere ba\u011flar ve hedef kitleyi takip eder.<\/li><li>Wocopa, markan\u0131n sosyal medyas\u0131n\u0131 y\u00f6netir ve hedef kitleyi analiz eder.<\/li><li>Wocopa, markan\u0131n reklam kampanyalar\u0131n\u0131 d\u00fczenler.<\/li><\/ul><p>\u00a0<\/p><p>Wocopa\u2019n\u0131n uzman ve deneyimli kadrosu Lead Generation s\u00fcrecinde hedef kitlenin analizini yap\u0131p gruplara ay\u0131rarak her grubu ayr\u0131 ayr\u0131 de\u011ferlendirir. Markaya tamamen yabanc\u0131 ki\u015filerin veya potansiyel m\u00fc\u015fterilerin markaya ve \u00fcr\u00fcnlerine ilgi duymas\u0131n\u0131 sa\u011flar.<\/p>\t\t\t\t\t\t\t\t<\/div>\n\t\t\t\t<\/div>\n\t\t\t\t<div class=\"elementor-element elementor-element-5adc820 elementor-button-align-stretch elementor-widget elementor-widget-form\" data-id=\"5adc820\" data-element_type=\"widget\" data-settings=\"{&quot;step_next_label&quot;:&quot;Next&quot;,&quot;step_previous_label&quot;:&quot;Previous&quot;,&quot;button_width&quot;:&quot;100&quot;,&quot;step_type&quot;:&quot;number_text&quot;,&quot;step_icon_shape&quot;:&quot;circle&quot;}\" data-widget_type=\"form.default\">\n\t\t\t\t<div class=\"elementor-widget-container\">\n\t\t\t\t\t\t\t<form class=\"elementor-form\" method=\"post\" name=\"New Form\">\n\t\t\t<input type=\"hidden\" name=\"post_id\" value=\"7585\"\/>\n\t\t\t<input type=\"hidden\" name=\"form_id\" value=\"5adc820\"\/>\n\t\t\t<input type=\"hidden\" name=\"referer_title\" value=\"\" \/>\n\n\t\t\t\n\t\t\t<div class=\"elementor-form-fields-wrapper elementor-labels-\">\n\t\t\t\t\t\t\t\t<div class=\"elementor-field-type-text elementor-field-group elementor-column elementor-field-group-email elementor-col-100 elementor-field-required\">\n\t\t\t\t\t\t\t\t\t\t\t\t\t<input size=\"1\" type=\"text\" name=\"form_fields[email]\" id=\"form-field-email\" class=\"elementor-field elementor-size-sm  elementor-field-textual\" required=\"required\" aria-required=\"true\">\n\t\t\t\t\t\t\t\t\t\t\t<\/div>\n\t\t\t\t\t\t\t\t<div class=\"elementor-field-type-text elementor-field-group elementor-column elementor-field-group-field_a04c59c elementor-col-100 elementor-field-required\">\n\t\t\t\t\t\t\t\t\t\t\t\t<label for=\"form-field-field_a04c59c\" class=\"elementor-field-label elementor-screen-only\">\n\t\t\t\t\t\t\t\tReferans\t\t\t\t\t\t\t<\/label>\n\t\t\t\t\t\t\t\t\t\t\t\t\t\t<input size=\"1\" type=\"text\" name=\"form_fields[field_a04c59c]\" id=\"form-field-field_a04c59c\" class=\"elementor-field elementor-size-sm  elementor-field-textual\" placeholder=\"Referans\" required=\"required\" aria-required=\"true\">\n\t\t\t\t\t\t\t\t\t\t\t<\/div>\n\t\t\t\t\t\t\t\t<div class=\"elementor-field-type-text elementor-field-group elementor-column elementor-field-group-name elementor-col-100\">\n\t\t\t\t\t\t\t\t\t\t\t\t<label for=\"form-field-name\" class=\"elementor-field-label elementor-screen-only\">\n\t\t\t\t\t\t\t\t\u0130sim Soyisim\t\t\t\t\t\t\t<\/label>\n\t\t\t\t\t\t\t\t\t\t\t\t\t\t<input size=\"1\" type=\"text\" name=\"form_fields[name]\" id=\"form-field-name\" class=\"elementor-field elementor-size-sm  elementor-field-textual\" placeholder=\"\u0130sim Soyisim\">\n\t\t\t\t\t\t\t\t\t\t\t<\/div>\n\t\t\t\t\t\t\t\t<div class=\"elementor-field-type-email elementor-field-group elementor-column elementor-field-group-field_bef11be elementor-col-100 elementor-field-required\">\n\t\t\t\t\t\t\t\t\t\t\t\t<label for=\"form-field-field_bef11be\" class=\"elementor-field-label elementor-screen-only\">\n\t\t\t\t\t\t\t\tEmail\t\t\t\t\t\t\t<\/label>\n\t\t\t\t\t\t\t\t\t\t\t\t\t\t<input size=\"1\" type=\"email\" name=\"form_fields[field_bef11be]\" id=\"form-field-field_bef11be\" class=\"elementor-field elementor-size-sm  elementor-field-textual\" placeholder=\"Email\" required=\"required\" aria-required=\"true\">\n\t\t\t\t\t\t\t\t\t\t\t<\/div>\n\t\t\t\t\t\t\t\t<div class=\"elementor-field-type-tel elementor-field-group elementor-column elementor-field-group-field_bd527ff elementor-col-100 elementor-field-required\">\n\t\t\t\t\t\t\t\t\t\t\t\t<label for=\"form-field-field_bd527ff\" class=\"elementor-field-label elementor-screen-only\">\n\t\t\t\t\t\t\t\tTelefon\t\t\t\t\t\t\t<\/label>\n\t\t\t\t\t\t\t\t<input size=\"1\" type=\"tel\" name=\"form_fields[field_bd527ff]\" id=\"form-field-field_bd527ff\" class=\"elementor-field elementor-size-sm  elementor-field-textual\" placeholder=\"Telefon\" required=\"required\" aria-required=\"true\" pattern=\"[0-9()#&amp;+*-=.]+\" title=\"Only numbers and phone characters (#, -, *, etc) are accepted.\">\n\n\t\t\t\t\t\t<\/div>\n\t\t\t\t\t\t\t\t<div class=\"elementor-field-type-textarea elementor-field-group elementor-column elementor-field-group-message elementor-col-100\">\n\t\t\t\t\t\t\t\t\t\t\t\t<label for=\"form-field-message\" class=\"elementor-field-label elementor-screen-only\">\n\t\t\t\t\t\t\t\tMesaj\t\t\t\t\t\t\t<\/label>\n\t\t\t\t\t\t<textarea class=\"elementor-field-textual elementor-field  elementor-size-sm\" name=\"form_fields[message]\" id=\"form-field-message\" rows=\"4\" placeholder=\"Mesaj\"><\/textarea>\t\t\t\t<\/div>\n\t\t\t\t\t\t\t\t<div class=\"elementor-field-type-recaptcha elementor-field-group elementor-column elementor-field-group-field_f3f0849 elementor-col-100\">\n\t\t\t\t\t<div class=\"elementor-field\" id=\"form-field-field_f3f0849\"><div class=\"elementor-g-recaptcha\" data-sitekey=\"6LcTr_UkAAAAAE6hqACOGp5shOX9jcYemA8nCKFw\" data-type=\"v2_checkbox\" data-theme=\"light\" data-size=\"normal\"><\/div><\/div>\t\t\t\t<\/div>\n\t\t\t\t\t\t\t\t<div class=\"elementor-field-group elementor-column elementor-field-type-submit elementor-col-100 e-form__buttons\">\n\t\t\t\t\t<button type=\"submit\" class=\"elementor-button elementor-size-sm\">\n\t\t\t\t\t\t<span >\n\t\t\t\t\t\t\t\t\t\t\t\t\t\t\t<span class=\" elementor-button-icon\">\n\t\t\t\t\t\t\t\t\t\t\t\t\t\t\t\t\t\t\t\t\t\t\t\t\t\t<\/span>\n\t\t\t\t\t\t\t\t\t\t\t\t\t\t\t\t\t\t\t\t\t\t<span class=\"elementor-button-text\">G\u00f6nder<\/span>\n\t\t\t\t\t\t\t\t\t\t\t\t\t<\/span>\n\t\t\t\t\t<\/button>\n\t\t\t\t<\/div>\n\t\t\t<\/div>\n\t\t<\/form>\n\t\t\t\t\t\t<\/div>\n\t\t\t\t<\/div>\n\t\t\t\t\t<\/div>\n\t\t<\/div>\n\t\t\t\t<div class=\"elementor-column elementor-col-50 elementor-top-column elementor-element elementor-element-1d78bd4d\" data-id=\"1d78bd4d\" data-element_type=\"column\">\n\t\t\t<div class=\"elementor-widget-wrap elementor-element-populated\">\n\t\t\t\t\t\t<div class=\"elementor-element elementor-element-3fda09d3 elementor-hidden-mobile elementor-widget elementor-widget-heading\" data-id=\"3fda09d3\" data-element_type=\"widget\" data-widget_type=\"heading.default\">\n\t\t\t\t<div class=\"elementor-widget-container\">\n\t\t\t\t\t<h3 class=\"elementor-heading-title elementor-size-large\">ULUSLARARASI T\u0130CARET<\/h3>\t\t\t\t<\/div>\n\t\t\t\t<\/div>\n\t\t\t\t<div class=\"elementor-element elementor-element-4e98bb5d elementor-hidden-mobile elementor-widget-divider--view-line elementor-widget elementor-widget-divider\" data-id=\"4e98bb5d\" data-element_type=\"widget\" data-widget_type=\"divider.default\">\n\t\t\t\t<div class=\"elementor-widget-container\">\n\t\t\t\t\t\t\t<div class=\"elementor-divider\">\n\t\t\t<span class=\"elementor-divider-separator\">\n\t\t\t\t\t\t<\/span>\n\t\t<\/div>\n\t\t\t\t\t\t<\/div>\n\t\t\t\t<\/div>\n\t\t\t\t<section class=\"elementor-section elementor-inner-section elementor-element elementor-element-8274e52 elementor-hidden-desktop elementor-hidden-tablet elementor-section-boxed elementor-section-height-default elementor-section-height-default\" data-id=\"8274e52\" data-element_type=\"section\">\n\t\t\t\t\t\t<div class=\"elementor-container elementor-column-gap-default\">\n\t\t\t\t\t<div class=\"elementor-column elementor-col-50 elementor-inner-column elementor-element elementor-element-39e9ec0 elementor-hidden-desktop elementor-hidden-tablet\" data-id=\"39e9ec0\" data-element_type=\"column\">\n\t\t\t<div class=\"elementor-widget-wrap elementor-element-populated\">\n\t\t\t\t\t\t<div class=\"elementor-element elementor-element-65ec79b elementor-widget elementor-widget-heading\" data-id=\"65ec79b\" data-element_type=\"widget\" data-widget_type=\"heading.default\">\n\t\t\t\t<div class=\"elementor-widget-container\">\n\t\t\t\t\t<h2 class=\"elementor-heading-title elementor-size-default\">SERV\u0130S SE\u00c7\u0130N<\/h2>\t\t\t\t<\/div>\n\t\t\t\t<\/div>\n\t\t\t\t\t<\/div>\n\t\t<\/div>\n\t\t\t\t<div class=\"elementor-column elementor-col-50 elementor-inner-column elementor-element elementor-element-7e6ed24 elementor-hidden-desktop\" data-id=\"7e6ed24\" data-element_type=\"column\">\n\t\t\t<div class=\"elementor-widget-wrap elementor-element-populated\">\n\t\t\t\t\t\t<div class=\"elementor-element elementor-element-ad7f716 elementor-nav-menu--dropdown-tablet elementor-nav-menu__text-align-aside elementor-nav-menu--toggle elementor-nav-menu--burger elementor-widget elementor-widget-nav-menu\" data-id=\"ad7f716\" data-element_type=\"widget\" data-settings=\"{&quot;layout&quot;:&quot;vertical&quot;,&quot;submenu_icon&quot;:{&quot;value&quot;:&quot;&lt;i class=\\&quot;fas fa-caret-down\\&quot;&gt;&lt;\\\/i&gt;&quot;,&quot;library&quot;:&quot;fa-solid&quot;},&quot;toggle&quot;:&quot;burger&quot;}\" data-widget_type=\"nav-menu.default\">\n\t\t\t\t<div class=\"elementor-widget-container\">\n\t\t\t\t\t\t\t\t<nav class=\"elementor-nav-menu--main elementor-nav-menu__container elementor-nav-menu--layout-vertical e--pointer-underline e--animation-fade\">\n\t\t\t\t<ul id=\"menu-1-ad7f716\" class=\"elementor-nav-menu sm-vertical\"><li class=\"menu-item menu-item-type-post_type menu-item-object-page menu-item-7753\"><a href=\"https:\/\/wocopa.com\/tr\/wocopa-ile-e-ticaret\/\" class=\"elementor-item\">Wocopa \u0130le E-Ticaret<\/a><\/li>\n<li class=\"menu-item menu-item-type-post_type menu-item-object-page menu-item-8351\"><a href=\"https:\/\/wocopa.com\/tr\/ekspertiz-hizmeti\/\" class=\"elementor-item\">Ekspertiz Hizmeti<\/a><\/li>\n<li class=\"menu-item menu-item-type-post_type menu-item-object-page menu-item-7754\"><a href=\"https:\/\/wocopa.com\/tr\/potansiyel-musteri-bulma\/\" class=\"elementor-item\">Potansiyel M\u00fc\u015fteri Bulma<\/a><\/li>\n<li class=\"menu-item menu-item-type-post_type menu-item-object-page menu-item-7755\"><a href=\"https:\/\/wocopa.com\/tr\/lojistik-ve-depolama-cozumleri\/\" class=\"elementor-item\">Lojistik ve Depolama \u00c7\u00f6z\u00fcmleri<\/a><\/li>\n<li class=\"menu-item menu-item-type-post_type menu-item-object-page menu-item-7756\"><a href=\"https:\/\/wocopa.com\/tr\/pazar-arastirmasi\/\" class=\"elementor-item\">Pazar Ara\u015ft\u0131rmas\u0131<\/a><\/li>\n<li class=\"menu-item menu-item-type-post_type menu-item-object-page menu-item-7757\"><a href=\"https:\/\/wocopa.com\/tr\/wo-commerce-amazon-etsy-ebay-yonetimi\/\" class=\"elementor-item\">WO-COMMERCE(Amazon, ETSY ,Ebay Y\u00f6netimi)<\/a><\/li>\n<li class=\"menu-item menu-item-type-post_type menu-item-object-page menu-item-7758\"><a href=\"https:\/\/wocopa.com\/tr\/uluslararasi-distributorluk-bayilik-franchising\/\" class=\"elementor-item\">Uluslararas\u0131 Distrib\u00fct\u00f6rl\u00fck &amp; Bayilik &amp; Franchising<\/a><\/li>\n<\/ul>\t\t\t<\/nav>\n\t\t\t\t\t<div class=\"elementor-menu-toggle\" role=\"button\" tabindex=\"0\" aria-label=\"Menu Toggle\" aria-expanded=\"false\">\n\t\t\t<i aria-hidden=\"true\" role=\"presentation\" class=\"elementor-menu-toggle__icon--open eicon-menu-bar\"><\/i><i aria-hidden=\"true\" role=\"presentation\" class=\"elementor-menu-toggle__icon--close eicon-close\"><\/i>\t\t\t<span class=\"elementor-screen-only\">Men\u00fc<\/span>\n\t\t<\/div>\n\t\t\t\t\t<nav class=\"elementor-nav-menu--dropdown elementor-nav-menu__container\" aria-hidden=\"true\">\n\t\t\t\t<ul id=\"menu-2-ad7f716\" class=\"elementor-nav-menu sm-vertical\"><li class=\"menu-item menu-item-type-post_type menu-item-object-page menu-item-7753\"><a href=\"https:\/\/wocopa.com\/tr\/wocopa-ile-e-ticaret\/\" class=\"elementor-item\" tabindex=\"-1\">Wocopa \u0130le E-Ticaret<\/a><\/li>\n<li class=\"menu-item menu-item-type-post_type menu-item-object-page menu-item-8351\"><a href=\"https:\/\/wocopa.com\/tr\/ekspertiz-hizmeti\/\" class=\"elementor-item\" tabindex=\"-1\">Ekspertiz Hizmeti<\/a><\/li>\n<li class=\"menu-item menu-item-type-post_type menu-item-object-page menu-item-7754\"><a href=\"https:\/\/wocopa.com\/tr\/potansiyel-musteri-bulma\/\" class=\"elementor-item\" tabindex=\"-1\">Potansiyel M\u00fc\u015fteri Bulma<\/a><\/li>\n<li class=\"menu-item menu-item-type-post_type menu-item-object-page menu-item-7755\"><a href=\"https:\/\/wocopa.com\/tr\/lojistik-ve-depolama-cozumleri\/\" class=\"elementor-item\" tabindex=\"-1\">Lojistik ve Depolama \u00c7\u00f6z\u00fcmleri<\/a><\/li>\n<li class=\"menu-item menu-item-type-post_type menu-item-object-page menu-item-7756\"><a href=\"https:\/\/wocopa.com\/tr\/pazar-arastirmasi\/\" class=\"elementor-item\" tabindex=\"-1\">Pazar Ara\u015ft\u0131rmas\u0131<\/a><\/li>\n<li class=\"menu-item menu-item-type-post_type menu-item-object-page menu-item-7757\"><a href=\"https:\/\/wocopa.com\/tr\/wo-commerce-amazon-etsy-ebay-yonetimi\/\" class=\"elementor-item\" tabindex=\"-1\">WO-COMMERCE(Amazon, ETSY ,Ebay Y\u00f6netimi)<\/a><\/li>\n<li class=\"menu-item menu-item-type-post_type menu-item-object-page menu-item-7758\"><a href=\"https:\/\/wocopa.com\/tr\/uluslararasi-distributorluk-bayilik-franchising\/\" class=\"elementor-item\" tabindex=\"-1\">Uluslararas\u0131 Distrib\u00fct\u00f6rl\u00fck &amp; Bayilik &amp; Franchising<\/a><\/li>\n<\/ul>\t\t\t<\/nav>\n\t\t\t\t\t\t<\/div>\n\t\t\t\t<\/div>\n\t\t\t\t\t<\/div>\n\t\t<\/div>\n\t\t\t\t\t<\/div>\n\t\t<\/section>\n\t\t\t\t<div class=\"elementor-element elementor-element-a995512 elementor-nav-menu__align-left elementor-nav-menu--dropdown-mobile elementor-nav-menu__text-align-aside elementor-nav-menu--toggle elementor-nav-menu--burger elementor-widget elementor-widget-nav-menu\" data-id=\"a995512\" data-element_type=\"widget\" data-settings=\"{&quot;layout&quot;:&quot;vertical&quot;,&quot;submenu_icon&quot;:{&quot;value&quot;:&quot;&lt;i class=\\&quot;fas fa-caret-down\\&quot;&gt;&lt;\\\/i&gt;&quot;,&quot;library&quot;:&quot;fa-solid&quot;},&quot;toggle&quot;:&quot;burger&quot;}\" data-widget_type=\"nav-menu.default\">\n\t\t\t\t<div class=\"elementor-widget-container\">\n\t\t\t\t\t\t\t\t<nav class=\"elementor-nav-menu--main elementor-nav-menu__container elementor-nav-menu--layout-vertical e--pointer-none\">\n\t\t\t\t<ul id=\"menu-1-a995512\" class=\"elementor-nav-menu sm-vertical\"><li class=\"menu-item menu-item-type-post_type menu-item-object-page menu-item-7753\"><a href=\"https:\/\/wocopa.com\/tr\/wocopa-ile-e-ticaret\/\" class=\"elementor-item\">Wocopa \u0130le E-Ticaret<\/a><\/li>\n<li class=\"menu-item menu-item-type-post_type menu-item-object-page menu-item-8351\"><a href=\"https:\/\/wocopa.com\/tr\/ekspertiz-hizmeti\/\" class=\"elementor-item\">Ekspertiz Hizmeti<\/a><\/li>\n<li class=\"menu-item menu-item-type-post_type menu-item-object-page menu-item-7754\"><a href=\"https:\/\/wocopa.com\/tr\/potansiyel-musteri-bulma\/\" class=\"elementor-item\">Potansiyel M\u00fc\u015fteri Bulma<\/a><\/li>\n<li class=\"menu-item menu-item-type-post_type menu-item-object-page menu-item-7755\"><a href=\"https:\/\/wocopa.com\/tr\/lojistik-ve-depolama-cozumleri\/\" class=\"elementor-item\">Lojistik ve Depolama \u00c7\u00f6z\u00fcmleri<\/a><\/li>\n<li class=\"menu-item menu-item-type-post_type menu-item-object-page menu-item-7756\"><a href=\"https:\/\/wocopa.com\/tr\/pazar-arastirmasi\/\" class=\"elementor-item\">Pazar Ara\u015ft\u0131rmas\u0131<\/a><\/li>\n<li class=\"menu-item menu-item-type-post_type menu-item-object-page menu-item-7757\"><a href=\"https:\/\/wocopa.com\/tr\/wo-commerce-amazon-etsy-ebay-yonetimi\/\" class=\"elementor-item\">WO-COMMERCE(Amazon, ETSY ,Ebay Y\u00f6netimi)<\/a><\/li>\n<li class=\"menu-item menu-item-type-post_type menu-item-object-page menu-item-7758\"><a href=\"https:\/\/wocopa.com\/tr\/uluslararasi-distributorluk-bayilik-franchising\/\" class=\"elementor-item\">Uluslararas\u0131 Distrib\u00fct\u00f6rl\u00fck &amp; Bayilik &amp; Franchising<\/a><\/li>\n<\/ul>\t\t\t<\/nav>\n\t\t\t\t\t<div class=\"elementor-menu-toggle\" role=\"button\" tabindex=\"0\" aria-label=\"Menu Toggle\" aria-expanded=\"false\">\n\t\t\t<i aria-hidden=\"true\" role=\"presentation\" class=\"elementor-menu-toggle__icon--open eicon-menu-bar\"><\/i><i aria-hidden=\"true\" role=\"presentation\" class=\"elementor-menu-toggle__icon--close eicon-close\"><\/i>\t\t\t<span class=\"elementor-screen-only\">Men\u00fc<\/span>\n\t\t<\/div>\n\t\t\t\t\t<nav class=\"elementor-nav-menu--dropdown elementor-nav-menu__container\" aria-hidden=\"true\">\n\t\t\t\t<ul id=\"menu-2-a995512\" class=\"elementor-nav-menu sm-vertical\"><li class=\"menu-item menu-item-type-post_type menu-item-object-page menu-item-7753\"><a href=\"https:\/\/wocopa.com\/tr\/wocopa-ile-e-ticaret\/\" class=\"elementor-item\" tabindex=\"-1\">Wocopa \u0130le E-Ticaret<\/a><\/li>\n<li class=\"menu-item menu-item-type-post_type menu-item-object-page menu-item-8351\"><a href=\"https:\/\/wocopa.com\/tr\/ekspertiz-hizmeti\/\" class=\"elementor-item\" tabindex=\"-1\">Ekspertiz Hizmeti<\/a><\/li>\n<li class=\"menu-item menu-item-type-post_type menu-item-object-page menu-item-7754\"><a href=\"https:\/\/wocopa.com\/tr\/potansiyel-musteri-bulma\/\" class=\"elementor-item\" tabindex=\"-1\">Potansiyel M\u00fc\u015fteri Bulma<\/a><\/li>\n<li class=\"menu-item menu-item-type-post_type menu-item-object-page menu-item-7755\"><a href=\"https:\/\/wocopa.com\/tr\/lojistik-ve-depolama-cozumleri\/\" class=\"elementor-item\" tabindex=\"-1\">Lojistik ve Depolama \u00c7\u00f6z\u00fcmleri<\/a><\/li>\n<li class=\"menu-item menu-item-type-post_type menu-item-object-page menu-item-7756\"><a href=\"https:\/\/wocopa.com\/tr\/pazar-arastirmasi\/\" class=\"elementor-item\" tabindex=\"-1\">Pazar Ara\u015ft\u0131rmas\u0131<\/a><\/li>\n<li class=\"menu-item menu-item-type-post_type menu-item-object-page menu-item-7757\"><a href=\"https:\/\/wocopa.com\/tr\/wo-commerce-amazon-etsy-ebay-yonetimi\/\" class=\"elementor-item\" tabindex=\"-1\">WO-COMMERCE(Amazon, ETSY ,Ebay Y\u00f6netimi)<\/a><\/li>\n<li class=\"menu-item menu-item-type-post_type menu-item-object-page menu-item-7758\"><a href=\"https:\/\/wocopa.com\/tr\/uluslararasi-distributorluk-bayilik-franchising\/\" class=\"elementor-item\" tabindex=\"-1\">Uluslararas\u0131 Distrib\u00fct\u00f6rl\u00fck &amp; Bayilik &amp; Franchising<\/a><\/li>\n<\/ul>\t\t\t<\/nav>\n\t\t\t\t\t\t<\/div>\n\t\t\t\t<\/div>\n\t\t\t\t\t<\/div>\n\t\t<\/div>\n\t\t\t\t\t<\/div>\n\t\t<\/section>\n\t\t\t\t<\/div>\n\t\t","protected":false},"excerpt":{"rendered":"<p>ULUSLARARASI T\u0130CARET POTANS\u0130YEL M\u00dc\u015eTER\u0130 BULMA Lead Generation, ilgili markaya tamamen yabanc\u0131 olan ki\u015filerin veya potansiyel m\u00fc\u015fterilerin markan\u0131n \u00fcr\u00fcn, hizmet veya servislerine ilgi [&hellip;]<\/p>\n","protected":false},"author":2,"featured_media":0,"parent":0,"menu_order":0,"comment_status":"closed","ping_status":"closed","template":"","meta":{"footnotes":""},"class_list":["post-7585","page","type-page","status-publish","hentry"],"_links":{"self":[{"href":"https:\/\/wocopa.com\/tr\/wp-json\/wp\/v2\/pages\/7585","targetHints":{"allow":["GET"]}}],"collection":[{"href":"https:\/\/wocopa.com\/tr\/wp-json\/wp\/v2\/pages"}],"about":[{"href":"https:\/\/wocopa.com\/tr\/wp-json\/wp\/v2\/types\/page"}],"author":[{"embeddable":true,"href":"https:\/\/wocopa.com\/tr\/wp-json\/wp\/v2\/users\/2"}],"replies":[{"embeddable":true,"href":"https:\/\/wocopa.com\/tr\/wp-json\/wp\/v2\/comments?post=7585"}],"version-history":[{"count":4,"href":"https:\/\/wocopa.com\/tr\/wp-json\/wp\/v2\/pages\/7585\/revisions"}],"predecessor-version":[{"id":8087,"href":"https:\/\/wocopa.com\/tr\/wp-json\/wp\/v2\/pages\/7585\/revisions\/8087"}],"wp:attachment":[{"href":"https:\/\/wocopa.com\/tr\/wp-json\/wp\/v2\/media?parent=7585"}],"curies":[{"name":"wp","href":"https:\/\/api.w.org\/{rel}","templated":true}]}}